{"id":4594,"date":"2022-08-02T02:47:20","date_gmt":"2022-08-02T02:47:20","guid":{"rendered":"https:\/\/rapid-stop.com\/us\/conviertase-en-distribuidor-de-rapidstop\/"},"modified":"2022-08-15T21:32:30","modified_gmt":"2022-08-15T21:32:30","slug":"conviertase-en-distribuidor-de-rapidstop","status":"publish","type":"page","link":"https:\/\/rapid-stop.com\/us\/conviertase-en-distribuidor-de-rapidstop\/?lang=es","title":{"rendered":"Convi\u00e9rtase en distribuidor de RapidStop"},"content":{"rendered":"<p>[vc_row full_width=&#8221;stretch_row&#8221; equal_height=&#8221;yes&#8221; content_placement=&#8221;middle&#8221; bg_type=&#8221;bg_color&#8221; bg_color_value=&#8221;#000000&#8243; el_id=&#8221;caracter\u00edsticas&#8221; css=&#8221;.vc_custom_1602510286813{padding-top: 150px !important;padding-bottom: 150px !important;background-image: url(https:\/\/us.rapid-stop.com\/wp-content\/uploads\/sites\/10\/2020\/05\/Rapid-Stop-Tourniquet-Dark-Rock.jpg?id=4008) !important;}&#8221;][vc_column width=&#8221;2\/3&#8243; css=&#8221;.vc_custom_1579834013466{margin-top: 0px !important;margin-right: 80px !important;margin-bottom: 0px !important;margin-left: 0px !important;padding-top: 0px !important;padding-bottom: 0px !important;}&#8221; el_class=&#8221;mobile-margin-off&#8221;]<div id=\"ultimate-heading-58269f57aacd32c6\" class=\"uvc-heading ult-adjust-bottom-margin ultimate-heading-58269f57aacd32c6 uvc-527 no-padding-top\" data-hspacer=\"no_spacer\"  data-halign=\"left\" style=\"text-align:left\"><div class=\"uvc-heading-spacer no_spacer\" style=\"top\"><\/div><div class=\"uvc-main-heading ult-responsive\"  data-ultimate-target='.uvc-heading.ultimate-heading-58269f57aacd32c6 h2'  data-responsive-json-new='{\"font-size\":\"desktop:80px;\",\"line-height\":\"\"}' ><h2 style=\"font-weight:700;color:#fcfcfc;margin-top:35px;margin-bottom:30px;\">\u00bfEST\u00c1 INTERESADO EN FORMAR PARTE DE NUESTRA RED MUNDIAL DE DISTRIBUIDORES?<\/h2><\/div><div class=\"uvc-sub-heading ult-responsive\"  data-ultimate-target='.uvc-heading.ultimate-heading-58269f57aacd32c6 .uvc-sub-heading '  data-responsive-json-new='{\"font-size\":\"desktop:30px;\",\"line-height\":\"desktop:36px;\"}'  style=\"font-weight:normal;color:#fcfcfc;margin-bottom:50px;\">El torniquete RapidStop\u00ae es un torniquete revolucionario fabricado en EE.\u00a0UU. que se comercializa a trav\u00e9s de redes de distribuci\u00f3n mundiales.<!-- wpml:html_fragment --><\/p>\n<p>Aero Healthcare est\u00e1 aceptando solicitudes de distribuidores para el torniquete RapidStop\u00ae.<\/p>\n<p>Si le interesa convertirse en distribuidor de RapidStop\u00ae, comun\u00edquese con nosotros hoy mismo.<\/div><\/div><style type=\"text\/css\" data-type=\"the7_shortcodes-inline-css\">#default-btn-be728546f09afb13a4b825278da32c20 {\n  border-radius: 0px;\n  font-size: 26px;\n  line-height: 28px;\n}\n.btn-shadow#default-btn-be728546f09afb13a4b825278da32c20 {\n  box-shadow: 0 1px 6px rgba(0,0,0,0.12);\n  transition: box-shadow 0.2s ease-out, opacity 0.45s;\n}\n.btn-shadow#default-btn-be728546f09afb13a4b825278da32c20:hover {\n  box-shadow: 0 5px 11px 0 rgba(0,0,0,0.18), 0 4px 15px 0 rgba(0,0,0,0.15);\n}\n.btn-3d#default-btn-be728546f09afb13a4b825278da32c20 {\n  box-shadow: 0px 2px 0px 0px #a82328;\n}\n.btn-3d#default-btn-be728546f09afb13a4b825278da32c20:hover {\n  box-shadow: 0px 2px 0px 0px #a82328;\n}\n.btn-flat#default-btn-be728546f09afb13a4b825278da32c20 {\n  box-shadow: none;\n}\n.btn-flat#default-btn-be728546f09afb13a4b825278da32c20:hover {\n  box-shadow: none;\n}\n#default-btn-be728546f09afb13a4b825278da32c20.ico-right-side > i {\n  margin-right: 0px;\n  margin-left: 8px;\n}\n#default-btn-be728546f09afb13a4b825278da32c20 > i {\n  margin-right: 8px;\n  font-size: 20px;\n}\n#default-btn-be728546f09afb13a4b825278da32c20:not(:hover) {\n  border-width: 1px;\n  border-color: #f2f2f2 !important;\n  color: #ffffff;\n  background: #ed1c24 !important;\n  padding: 10px 14px 10px 14px;\n}\n#default-btn-be728546f09afb13a4b825278da32c20:not(:hover) * {\n  color: #ffffff;\n}\n#default-btn-be728546f09afb13a4b825278da32c20:hover {\n  border-width: 1px;\n  border-color: #f2f2f2 !important;\n  color: #ffffff;\n  background: #ed1c24 !important;\n  padding: 10px 14px 10px 14px;\n}\n#default-btn-be728546f09afb13a4b825278da32c20:hover * {\n  color: #ffffff;\n}\n#default-btn-be728546f09afb13a4b825278da32c20.ico-right-side > i {\n  margin-right: 0px;\n  margin-left: 8px;\n}\n#default-btn-be728546f09afb13a4b825278da32c20 > i {\n  margin-right: 8px;\n}\n<\/style><a href=\"#!\/whitelabel\" class=\"default-btn-shortcode dt-btn link-hover-off ico-right-side anchor-link btn-inline-left btn-flat  vc_custom_1660599131202\" id=\"default-btn-be728546f09afb13a4b825278da32c20\" title=\"Contact US\"><span>Contacto<\/span><i class=\"fas fa-chevron-right\"><\/i><\/a><style type=\"text\/css\" data-type=\"the7_shortcodes-inline-css\">#default-btn-08055fea18d269e48ba4a381debeb3c8 {\n  border-radius: 0px;\n  font-size: 26px;\n  line-height: 28px;\n}\n.btn-shadow#default-btn-08055fea18d269e48ba4a381debeb3c8 {\n  box-shadow: 0 1px 6px rgba(0,0,0,0.12);\n  transition: box-shadow 0.2s ease-out, opacity 0.45s;\n}\n.btn-shadow#default-btn-08055fea18d269e48ba4a381debeb3c8:hover {\n  box-shadow: 0 5px 11px 0 rgba(0,0,0,0.18), 0 4px 15px 0 rgba(0,0,0,0.15);\n}\n.btn-3d#default-btn-08055fea18d269e48ba4a381debeb3c8 {\n  box-shadow: 0px 2px 0px 0px #a82328;\n}\n.btn-3d#default-btn-08055fea18d269e48ba4a381debeb3c8:hover {\n  box-shadow: 0px 2px 0px 0px #a82328;\n}\n.btn-flat#default-btn-08055fea18d269e48ba4a381debeb3c8 {\n  box-shadow: none;\n}\n.btn-flat#default-btn-08055fea18d269e48ba4a381debeb3c8:hover {\n  box-shadow: none;\n}\n#default-btn-08055fea18d269e48ba4a381debeb3c8.ico-right-side > i {\n  margin-right: 0px;\n  margin-left: 8px;\n}\n#default-btn-08055fea18d269e48ba4a381debeb3c8 > i {\n  margin-right: 8px;\n  font-size: 20px;\n}\n#default-btn-08055fea18d269e48ba4a381debeb3c8:not(:hover) {\n  border-width: 1px;\n  border-color: #f2f2f2 !important;\n  color: #ffffff;\n  background: #ed1c24 !important;\n  padding: 10px 14px 10px 14px;\n}\n#default-btn-08055fea18d269e48ba4a381debeb3c8:not(:hover) * {\n  color: #ffffff;\n}\n#default-btn-08055fea18d269e48ba4a381debeb3c8:hover {\n  border-width: 1px;\n  border-color: #f2f2f2 !important;\n  color: #ffffff;\n  background: #ed1c24 !important;\n  padding: 10px 14px 10px 14px;\n}\n#default-btn-08055fea18d269e48ba4a381debeb3c8:hover * {\n  color: #ffffff;\n}\n#default-btn-08055fea18d269e48ba4a381debeb3c8.ico-right-side > i {\n  margin-right: 0px;\n  margin-left: 8px;\n}\n#default-btn-08055fea18d269e48ba4a381debeb3c8 > i {\n  margin-right: 8px;\n}\n<\/style><a href=\"https:\/\/us.rapid-stop.com\/#!\/video\" class=\"default-btn-shortcode dt-btn link-hover-off ico-right-side anchor-link btn-inline-left btn-flat  vc_custom_1660599140519\" target=\"_blank\" id=\"default-btn-08055fea18d269e48ba4a381debeb3c8\" title=\"RST Video\" rel=\"noopener\"><span>REPRODUCIR VIDEO<\/span><i class=\"fas fa-chevron-right\"><\/i><\/a>[vc_column_text css=&#8221;.vc_custom_1580164922725{margin-top: -15px !important;margin-bottom: -15px !important;}&#8221;]<span style=\"color: #fff;\">Con tecnolog\u00eda de<\/span>[\/vc_column_text][vc_single_image image=&#8221;792&#8243; img_size=&#8221;210&#215;82&#8243; onclick=&#8221;custom_link&#8221; img_link_target=&#8221;_blank&#8221; link=&#8221;https:%2F%2Faerohealthcare.us.com|&#8221;][\/vc_column][vc_column width=&#8221;1\/3&#8243; css=&#8221;.vc_custom_1579835298970{margin-top: 0px !important;margin-right: 0px !important;margin-bottom: 0px !important;margin-left: 0px !important;padding-top: 0px !important;padding-right: 0px !important;padding-bottom: 0px !important;padding-left: 0px !important;}&#8221; offset=&#8221;vc_hidden-xs&#8221;][vc_single_image image=&#8221;3685&#8243; img_size=&#8221;full&#8221; css=&#8221;.vc_custom_1584038929752{margin-top: 20px !important;margin-right: 10px !important;margin-bottom: 20px !important;margin-left: 10px !important;padding-top: 0px !important;padding-bottom: 0px !important;}&#8221;][\/vc_column][\/vc_row][vc_row full_width=&#8221;stretch_row&#8221; bg_type=&#8221;image&#8221; parallax_style=&#8221;vcpb-default&#8221; bg_image_new=&#8221;id^908|url^https:\/\/us.rapid-stop.com\/wp-content\/uploads\/sites\/10\/2019\/12\/Rapid-Stop-Tourniquet-Abseiling.jpg|caption^null|alt^null|title^Rapid Stop Tourniquet Abseiling|description^null&#8221; bg_image_repeat=&#8221;no-repeat&#8221; css=&#8221;.vc_custom_1579827377442{margin-bottom: -330px !important;}&#8221; el_class=&#8221;mobile-off&#8221;][vc_column css=&#8221;.vc_custom_1579827715242{background-position: center !important;background-repeat: no-repeat !important;background-size: cover !important;}&#8221; el_class=&#8221;mobile-off&#8221;][vc_empty_space height=&#8221;650px&#8221; css=&#8221;.vc_custom_1583965275043{margin-top: 0px !important;margin-bottom: 0px !important;border-top-width: 0px !important;border-bottom-width: 0px !important;padding-top: 0px !important;padding-bottom: 0px !important;}&#8221;][vc_row_inner equal_height=&#8221;yes&#8221; gap=&#8221;35&#8243; el_class=&#8221;mobile-off&#8221;][vc_column_inner el_class=&#8221;mobile-off&#8221; width=&#8221;1\/3&#8243;]<div class=\"ult-just-icon-wrapper  \"><div class=\"align-icon\" style=\"text-align:center;\">\n<div class=\"aio-icon-img  uavc-circle \" style=\"font-size:125px;background:#ed1c24;display:inline-block;\" >\n\t<img class=\"img-icon\" alt=\"null\" src=\"https:\/\/rapid-stop.com\/us\/wp-content\/uploads\/sites\/10\/2019\/12\/Rapid-Stop-Tourniquet-Patents-Pending-2.png\"\/>\n<\/div><\/div><\/div><div id=\"ultimate-heading-609169f57aacd3c6c\" class=\"uvc-heading ult-adjust-bottom-margin ultimate-heading-609169f57aacd3c6c uvc-6729 \" data-hspacer=\"no_spacer\"  data-halign=\"left\" style=\"text-align:left\"><div class=\"uvc-heading-spacer no_spacer\" style=\"top\"><\/div><div class=\"uvc-main-heading ult-responsive\"  data-ultimate-target='.uvc-heading.ultimate-heading-609169f57aacd3c6c h2'  data-responsive-json-new='{\"font-size\":\"desktop:57px;\",\"line-height\":\"\"}' ><h2 style=\"font-weight:700;color:#fcfcfc;margin-top:30px;margin-bottom:30px;\">PATENTE PENDIENTE<\/h2><\/div><div class=\"uvc-sub-heading ult-responsive\"  data-ultimate-target='.uvc-heading.ultimate-heading-609169f57aacd3c6c .uvc-sub-heading '  data-responsive-json-new='{\"font-size\":\"desktop:24px;\",\"line-height\":\"desktop:44px;\"}'  style=\"font-weight:normal;color:#fcfcfc;margin-bottom:10px;\"><!-- wpml:html_fragment --><\/p>\n<p style=\"text-align: left;\">Un conjunto de innovaciones sit\u00faa al torniquete RapidStop\u00ae como l\u00edder en el mercado en cuanto a rapidez y eficacia.<\/p>\n<p><\/div><\/div>[\/vc_column_inner][vc_column_inner el_class=&#8221;mobile-off&#8221; width=&#8221;1\/3&#8243;]<div class=\"ult-just-icon-wrapper  \"><div class=\"align-icon\" style=\"text-align:center;\">\n<div class=\"aio-icon-img  uavc-circle \" style=\"font-size:125px;background:#ed1c24;display:inline-block;\" >\n\t<img class=\"img-icon\" alt=\"null\" src=\"https:\/\/rapid-stop.com\/us\/wp-content\/uploads\/sites\/10\/2019\/12\/Rapid-Stop-Tourniquet-Award-Winning.png\"\/>\n<\/div><\/div><\/div><div id=\"ultimate-heading-584969f57aacd41cf\" class=\"uvc-heading ult-adjust-bottom-margin ultimate-heading-584969f57aacd41cf uvc-8494 \" data-hspacer=\"no_spacer\"  data-halign=\"left\" style=\"text-align:left\"><div class=\"uvc-heading-spacer no_spacer\" style=\"top\"><\/div><div class=\"uvc-main-heading ult-responsive\"  data-ultimate-target='.uvc-heading.ultimate-heading-584969f57aacd41cf h2'  data-responsive-json-new='{\"font-size\":\"desktop:57px;\",\"line-height\":\"\"}' ><h2 style=\"font-weight:700;color:#fcfcfc;margin-top:30px;margin-bottom:30px;\">GALARDONADO<\/h2><\/div><div class=\"uvc-sub-heading ult-responsive\"  data-ultimate-target='.uvc-heading.ultimate-heading-584969f57aacd41cf .uvc-sub-heading '  data-responsive-json-new='{\"font-size\":\"desktop:24px;\",\"line-height\":\"desktop:44px;\"}'  style=\"font-weight:normal;color:#fcfcfc;margin-bottom:10px;\"><!-- wpml:html_fragment --><\/p>\n<p style=\"text-align: left;\">La tecnolog\u00eda no armament\u00edstica m\u00e1s prometedora en la Competencia de Dise\u00f1o Militar del MIT del 2014.<\/p>\n<p><\/div><\/div>[\/vc_column_inner][vc_column_inner el_class=&#8221;mobile-off&#8221; width=&#8221;1\/3&#8243;]<div class=\"ult-just-icon-wrapper  \"><div class=\"align-icon\" style=\"text-align:center;\">\n<div class=\"aio-icon-img  uavc-circle \" style=\"font-size:125px;background:#ed1c24;display:inline-block;\" >\n\t<img class=\"img-icon\" alt=\"null\" src=\"https:\/\/rapid-stop.com\/us\/wp-content\/uploads\/sites\/10\/2019\/12\/Rapid-Stop-Tourniquet-Self-Applicable.png\"\/>\n<\/div><\/div><\/div><div id=\"ultimate-heading-860969f57aacd46e7\" class=\"uvc-heading ult-adjust-bottom-margin ultimate-heading-860969f57aacd46e7 uvc-2762 \" data-hspacer=\"no_spacer\"  data-halign=\"left\" style=\"text-align:left\"><div class=\"uvc-heading-spacer no_spacer\" style=\"top\"><\/div><div class=\"uvc-main-heading ult-responsive\"  data-ultimate-target='.uvc-heading.ultimate-heading-860969f57aacd46e7 h2'  data-responsive-json-new='{\"font-size\":\"desktop:57px;\",\"line-height\":\"\"}' ><h2 style=\"font-weight:700;color:#fcfcfc;margin-top:30px;margin-bottom:30px;\">AUTOCOLOCACI\u00d3N<\/h2><\/div><div class=\"uvc-sub-heading ult-responsive\"  data-ultimate-target='.uvc-heading.ultimate-heading-860969f57aacd46e7 .uvc-sub-heading '  data-responsive-json-new='{\"font-size\":\"desktop:24px;\",\"line-height\":\"desktop:44px;\"}'  style=\"font-weight:normal;color:#fcfcfc;margin-bottom:10px;\"><!-- wpml:html_fragment --><\/p>\n<p style=\"text-align: left;\">No se necesita ayuda para colocar el torniquete RapidStop\u00ae. La innovadora tecnolog\u00eda permite una r\u00e1pida autocolocaci\u00f3n.<\/p>\n<p><\/div><\/div>[\/vc_column_inner][\/vc_row_inner][\/vc_column][\/vc_row][vc_row bg_type=&#8221;image&#8221; parallax_style=&#8221;vcpb-default&#8221; bg_image_new=&#8221;id^923|url^https:\/\/us.rapid-stop.com\/wp-content\/uploads\/sites\/10\/2019\/12\/Rapid-Stop-Tourniquet-Rock.jpg|caption^null|alt^null|title^Rapid Stop Tourniquet Rock|description^null&#8221; bg_image_repeat=&#8221;no-repeat&#8221; bg_override=&#8221;ex-full&#8221;][vc_column offset=&#8221;vc_hidden-lg vc_hidden-md&#8221; css=&#8221;.vc_custom_1579835429743{padding-bottom: 35px !important;}&#8221;]<div id=\"ultimate-heading-192569f57aacd47fd\" class=\"uvc-heading ult-adjust-bottom-margin ultimate-heading-192569f57aacd47fd uvc-1337 \" data-hspacer=\"image_only\"  data-halign=\"center\" style=\"text-align:center\"><div class=\"uvc-main-heading ult-responsive\"  data-ultimate-target='.uvc-heading.ultimate-heading-192569f57aacd47fd h2'  data-responsive-json-new='{\"font-size\":\"desktop:57px;\",\"line-height\":\"\"}' ><h2 style=\"font-weight:700;color:#ed1c24;margin-top:30px;margin-bottom:15px;\">PATENTE PENDIENTE<\/h2><\/div><div class=\"uvc-heading-spacer image_only\" style=\"top\"><img src=\"https:\/\/rapid-stop.com\/us\/wp-content\/uploads\/sites\/10\/2019\/12\/Rapid-Stop-Tourniquet-Patents-Pending-2.png\" class=\"ultimate-headings-icon-image\" alt=\"null\" style=\"width:48px\"\/><\/div><div class=\"uvc-sub-heading ult-responsive\"  data-ultimate-target='.uvc-heading.ultimate-heading-192569f57aacd47fd .uvc-sub-heading '  data-responsive-json-new='{\"font-size\":\"desktop:24px;\",\"line-height\":\"desktop:44px;\"}'  style=\"font-weight:normal;color:#fcfcfc;margin-bottom:10px;\"><!-- wpml:html_fragment --><\/p>\n<p style=\"text-align: center;\">Un conjunto de innovaciones sit\u00faa al torniquete RapidStop\u00ae como l\u00edder en el mercado en cuanto a rapidez y eficacia.<\/p>\n<p><\/div><\/div><div id=\"ultimate-heading-957969f57aacd490b\" class=\"uvc-heading ult-adjust-bottom-margin ultimate-heading-957969f57aacd490b uvc-7946 \" data-hspacer=\"image_only\"  data-halign=\"center\" style=\"text-align:center\"><div class=\"uvc-main-heading ult-responsive\"  data-ultimate-target='.uvc-heading.ultimate-heading-957969f57aacd490b h2'  data-responsive-json-new='{\"font-size\":\"desktop:57px;\",\"line-height\":\"\"}' ><h2 style=\"font-weight:700;color:#ed1c24;margin-top:30px;margin-bottom:15px;\">GALARDONADO<\/h2><\/div><div class=\"uvc-heading-spacer image_only\" style=\"top\"><img src=\"https:\/\/rapid-stop.com\/us\/wp-content\/uploads\/sites\/10\/2019\/12\/Rapid-Stop-Tourniquet-Award-Winning.png\" class=\"ultimate-headings-icon-image\" alt=\"null\" style=\"width:48px\"\/><\/div><div class=\"uvc-sub-heading ult-responsive\"  data-ultimate-target='.uvc-heading.ultimate-heading-957969f57aacd490b .uvc-sub-heading '  data-responsive-json-new='{\"font-size\":\"desktop:24px;\",\"line-height\":\"desktop:44px;\"}'  style=\"font-weight:normal;color:#fcfcfc;margin-bottom:10px;\"><!-- wpml:html_fragment --><\/p>\n<p style=\"text-align: center;\">La tecnolog\u00eda no armament\u00edstica m\u00e1s prometedora en la Competencia de Dise\u00f1o Militar del MIT del 2014.<\/p>\n<p><\/div><\/div><div id=\"ultimate-heading-543469f57aacd4a0a\" class=\"uvc-heading ult-adjust-bottom-margin ultimate-heading-543469f57aacd4a0a uvc-955 \" data-hspacer=\"image_only\"  data-halign=\"center\" style=\"text-align:center\"><div class=\"uvc-main-heading ult-responsive\"  data-ultimate-target='.uvc-heading.ultimate-heading-543469f57aacd4a0a h2'  data-responsive-json-new='{\"font-size\":\"desktop:57px;\",\"line-height\":\"\"}' ><h2 style=\"font-weight:700;color:#ed1c24;margin-top:30px;margin-bottom:15px;\">AUTOCOLOCACI\u00d3N<\/h2><\/div><div class=\"uvc-heading-spacer image_only\" style=\"top\"><img src=\"https:\/\/rapid-stop.com\/us\/wp-content\/uploads\/sites\/10\/2019\/12\/Rapid-Stop-Tourniquet-Self-Applicable.png\" class=\"ultimate-headings-icon-image\" alt=\"null\" style=\"width:48px\"\/><\/div><div class=\"uvc-sub-heading ult-responsive\"  data-ultimate-target='.uvc-heading.ultimate-heading-543469f57aacd4a0a .uvc-sub-heading '  data-responsive-json-new='{\"font-size\":\"desktop:24px;\",\"line-height\":\"desktop:44px;\"}'  style=\"font-weight:normal;color:#fcfcfc;margin-bottom:10px;\"><!-- wpml:html_fragment --><\/p>\n<p style=\"text-align: center;\">No se necesita ayuda para colocar el torniquete RapidStop\u00ae. La innovadora tecnolog\u00eda permite una r\u00e1pida autocolocaci\u00f3n.<\/p>\n<p><\/div><\/div>[\/vc_column][\/vc_row][vc_row bg_type=&#8221;image&#8221; parallax_style=&#8221;vcpb-default&#8221; bg_image_new=&#8221;id^923|url^https:\/\/us.rapid-stop.com\/wp-content\/uploads\/sites\/10\/2019\/12\/Rapid-Stop-Tourniquet-Rock.jpg|caption^null|alt^null|title^Rapid Stop Tourniquet Rock|description^null&#8221; bg_image_repeat=&#8221;no-repeat&#8221; bg_override=&#8221;ex-full&#8221; el_class=&#8221;mobile-off&#8221;][vc_column][vc_empty_space height=&#8221;350px&#8221;][\/vc_column][\/vc_row][vc_row bg_type=&#8221;bg_color&#8221; bg_override=&#8221;ex-full&#8221; bg_color_value=&#8221;#ed1c24&#8243;][vc_column width=&#8221;1\/2&#8243;]<div id=\"ultimate-heading-624169f57aacd4a75\" class=\"uvc-heading ult-adjust-bottom-margin ultimate-heading-624169f57aacd4a75 uvc-7434 \" data-hspacer=\"no_spacer\"  data-halign=\"left\" style=\"text-align:left\"><div class=\"uvc-heading-spacer no_spacer\" style=\"top\"><\/div><div class=\"uvc-main-heading ult-responsive\"  data-ultimate-target='.uvc-heading.ultimate-heading-624169f57aacd4a75 h2'  data-responsive-json-new='{\"font-size\":\"desktop:57px;\",\"line-height\":\"\"}' ><h2 style=\"font-weight:700;color:#fcfcfc;margin-top:30px;margin-bottom:10px;\">\u00bfTIENE PREGUNTAS?<\/h2><\/div><div class=\"uvc-sub-heading ult-responsive\"  data-ultimate-target='.uvc-heading.ultimate-heading-624169f57aacd4a75 .uvc-sub-heading '  data-responsive-json-new='{\"font-size\":\"desktop:28px;\",\"line-height\":\"desktop:28px;\"}'  style=\"font-weight:normal;color:#fcfcfc;margin-bottom:10px;\"><!-- wpml:html_fragment --><\/p>\n<p style=\"text-align: justify;\">sales@aerohealthcare.us.com<\/p>\n<p>845 618 7037<\/p>\n<p><\/div><\/div>[\/vc_column][vc_column width=&#8221;1\/2&#8243; css=&#8221;.vc_custom_1579214783119{padding-bottom: 30px !important;}&#8221;]<div role=\"form\" class=\"wpcf7\" id=\"wpcf7-f3672-o1\" lang=\"en-US\" dir=\"ltr\">\n<div class=\"screen-reader-response\"><p role=\"status\" aria-live=\"polite\" aria-atomic=\"true\"><\/p> <ul><\/ul><\/div>\n<form action=\"\/us\/wp-json\/wp\/v2\/pages\/4594#wpcf7-f3672-o1\" method=\"post\" class=\"wpcf7-form init cf7mls-no-scroll cf7mls-no-moving-animation\" novalidate=\"novalidate\" data-status=\"init\">\n<div style=\"display: none;\">\n<input type=\"hidden\" name=\"_wpcf7\" value=\"3672\" \/>\n<input type=\"hidden\" name=\"_wpcf7_version\" value=\"5.5.6.1\" \/>\n<input type=\"hidden\" name=\"_wpcf7_locale\" value=\"en_US\" \/>\n<input type=\"hidden\" name=\"_wpcf7_unit_tag\" value=\"wpcf7-f3672-o1\" \/>\n<input type=\"hidden\" name=\"_wpcf7_container_post\" value=\"0\" \/>\n<input type=\"hidden\" name=\"_wpcf7_posted_data_hash\" value=\"\" \/>\n<input type=\"hidden\" name=\"_wpcf7_recaptcha_response\" value=\"\" \/>\n<\/div>\n<p><label id=\"whitelabel\">INDUSTRY<br \/>\n<span class=\"wpcf7-form-control-wrap menu-458\"><select name=\"menu-458\" class=\"wpcf7-form-control wpcf7-select\" aria-invalid=\"false\"><option value=\"Military\">Military<\/option><option value=\"Civilian First-Responders\">Civilian First-Responders<\/option><option value=\"High-Risk Industries\">High-Risk Industries<\/option><option value=\"Extreme Outdoor\">Extreme Outdoor<\/option><\/select><\/span><\/label><br \/>\n<label>BUSINESS NAME<br \/>\n<span class=\"wpcf7-form-control-wrap your-business\"><input type=\"text\" name=\"your-business\" value=\"\" size=\"40\" class=\"wpcf7-form-control wpcf7-text wpcf7-validates-as-required\" aria-required=\"true\" aria-invalid=\"false\" \/><\/span> <\/label><br \/>\n<label>NAME<br \/>\n<span class=\"wpcf7-form-control-wrap your-name\"><input type=\"text\" name=\"your-name\" value=\"\" size=\"40\" class=\"wpcf7-form-control wpcf7-text wpcf7-validates-as-required\" aria-required=\"true\" aria-invalid=\"false\" \/><\/span> <\/label><br \/>\n<label>PHONE <span class=\"wpcf7-form-control-wrap tel-756\"><input type=\"tel\" name=\"tel-756\" value=\"\" size=\"40\" class=\"wpcf7-form-control wpcf7-text wpcf7-tel wpcf7-validates-as-required wpcf7-validates-as-tel\" aria-required=\"true\" aria-invalid=\"false\" \/><\/span><\/label><br \/>\n<label>CITY <span class=\"wpcf7-form-control-wrap your-city\"><input type=\"text\" name=\"your-city\" value=\"\" size=\"40\" class=\"wpcf7-form-control wpcf7-text wpcf7-validates-as-required\" aria-required=\"true\" aria-invalid=\"false\" \/><\/span><\/label><br \/>\n<label>EMAIL<br \/>\n<span class=\"wpcf7-form-control-wrap your-email\"><input type=\"email\" name=\"your-email\" value=\"\" size=\"40\" class=\"wpcf7-form-control wpcf7-text wpcf7-email wpcf7-validates-as-required wpcf7-validates-as-email\" aria-required=\"true\" aria-invalid=\"false\" \/><\/span> <\/label><br \/>\n<label>COMMENTS<br \/>\n<span class=\"wpcf7-form-control-wrap your-message\"><textarea name=\"your-message\" cols=\"40\" rows=\"10\" class=\"wpcf7-form-control wpcf7-textarea\" aria-invalid=\"false\"><\/textarea><\/span> <\/label><\/p>\n<p><input type=\"submit\" value=\"Send\" class=\"wpcf7-form-control has-spinner wpcf7-submit\" \/><\/p>\n<div class=\"inv-recaptcha-holder\"><\/div><div class=\"wpcf7-response-output\" aria-hidden=\"true\"><\/div><\/form><\/div>[\/vc_column][\/vc_row][vc_row][vc_column][vc_column_text]<!-- wpml:html_fragment -->[\/vc_column_text][\/vc_column][\/vc_row]<\/p>\n","protected":false},"excerpt":{"rendered":"<p>[vc_row full_width=&#8221;stretch_row&#8221; equal_height=&#8221;yes&#8221; content_placement=&#8221;middle&#8221; bg_type=&#8221;bg_color&#8221; bg_color_value=&#8221;#000000&#8243; el_id=&#8221;caracter\u00edsticas&#8221; css=&#8221;.vc_custom_1602510286813{padding-top: 150px !important;padding-bottom: 150px !important;background-image: url(https:\/\/us.rapid-stop.com\/wp-content\/uploads\/sites\/10\/2020\/05\/Rapid-Stop-Tourniquet-Dark-Rock.jpg?id=4008) !important;}&#8221;][vc_column width=&#8221;2\/3&#8243; css=&#8221;.vc_custom_1579834013466{margin-top: 0px !important;margin-right: 80px !important;margin-bottom: 0px !important;margin-left: 0px !important;padding-top: 0px !important;padding-bottom: 0px !important;}&#8221; el_class=&#8221;mobile-margin-off&#8221;][vc_column_text css=&#8221;.vc_custom_1580164922725{margin-top: -15px !important;margin-bottom: -15px !important;}&#8221;]Con tecnolog\u00eda de[\/vc_column_text][vc_single_image image=&#8221;792&#8243; img_size=&#8221;210&#215;82&#8243; onclick=&#8221;custom_link&#8221; img_link_target=&#8221;_blank&#8221; link=&#8221;https:%2F%2Faerohealthcare.us.com|&#8221;][\/vc_column][vc_column width=&#8221;1\/3&#8243; css=&#8221;.vc_custom_1579835298970{margin-top: 0px !important;margin-right: 0px !important;margin-bottom: 0px !important;margin-left: 0px !important;padding-top: 0px !important;padding-right: 0px !important;padding-bottom:&hellip;<\/p>\n","protected":false},"author":1,"featured_media":0,"parent":0,"menu_order":0,"comment_status":"closed","ping_status":"closed","template":"","meta":{"content-type":"","_mi_skip_tracking":false,"spay_email":""},"_links":{"self":[{"href":"https:\/\/rapid-stop.com\/us\/wp-json\/wp\/v2\/pages\/4594"}],"collection":[{"href":"https:\/\/rapid-stop.com\/us\/wp-json\/wp\/v2\/pages"}],"about":[{"href":"https:\/\/rapid-stop.com\/us\/wp-json\/wp\/v2\/types\/page"}],"author":[{"embeddable":true,"href":"https:\/\/rapid-stop.com\/us\/wp-json\/wp\/v2\/users\/1"}],"replies":[{"embeddable":true,"href":"https:\/\/rapid-stop.com\/us\/wp-json\/wp\/v2\/comments?post=4594"}],"version-history":[{"count":2,"href":"https:\/\/rapid-stop.com\/us\/wp-json\/wp\/v2\/pages\/4594\/revisions"}],"predecessor-version":[{"id":4623,"href":"https:\/\/rapid-stop.com\/us\/wp-json\/wp\/v2\/pages\/4594\/revisions\/4623"}],"wp:attachment":[{"href":"https:\/\/rapid-stop.com\/us\/wp-json\/wp\/v2\/media?parent=4594"}],"curies":[{"name":"wp","href":"https:\/\/api.w.org\/{rel}","templated":true}]}}