{"id":4588,"date":"2022-08-02T02:46:59","date_gmt":"2022-08-02T02:46:59","guid":{"rendered":"https:\/\/rapid-stop.com\/us\/politica-de-devoluciones\/"},"modified":"2022-08-02T02:48:00","modified_gmt":"2022-08-02T02:48:00","slug":"politica-de-devoluciones","status":"publish","type":"page","link":"https:\/\/rapid-stop.com\/us\/politica-de-devoluciones\/?lang=es","title":{"rendered":"POL\u00cdTICA DE DEVOLUCIONES"},"content":{"rendered":"\n<p>Satisfacci\u00f3n totalmente garantizada. Garantizamos que todos los art\u00edculos que vendemos cumplir\u00e1n con su satisfacci\u00f3n personal.<\/p>\n\n<p>Devoluci\u00f3n de productos<br\/>Si por alguna raz\u00f3n no est\u00e1 satisfecho con su compra, puede devolvernos el art\u00edculo en un plazo de 30 d\u00edas a partir de la fecha de entrega. Puede solicitar un n\u00famero de autorizaci\u00f3n de devoluci\u00f3n (RMA) si env\u00eda un correo electr\u00f3nico a <a href=\"mailto:sales@aerohealthcare.us.com\">sales@aerohealthcare.us.com<\/a> con el n\u00famero de factura o de pedido y el motivo de la devoluci\u00f3n. Se le proporcionar\u00e1 un formulario de reclamaci\u00f3n de devoluci\u00f3n y las instrucciones para devolvernos el producto.<\/p>\n\n<p>Todos los art\u00edculos deben devolverse en el empaque original y en condiciones de reventa.<\/p>\n\n<p>Aero Healthcare US LLC no aceptar\u00e1 la devoluci\u00f3n de productos sin un n\u00famero de autorizaci\u00f3n de devoluci\u00f3n (Return Authorization Number, RMA). Incluya una copia impresa del formulario de reclamaci\u00f3n de devoluci\u00f3n con el producto devuelto.<\/p>\n\n<p>Los gastos de env\u00edo y gesti\u00f3n originales no son reembolsables. Espere hasta 2 semanas para obtener el cr\u00e9dito de los art\u00edculos devueltos. Es posible que los pedidos especiales no se devuelvan.<\/p>\n","protected":false},"excerpt":{"rendered":"<p>Satisfacci\u00f3n totalmente garantizada. Garantizamos que todos los art\u00edculos que vendemos cumplir\u00e1n con su satisfacci\u00f3n personal. Devoluci\u00f3n de productosSi por alguna raz\u00f3n no est\u00e1 satisfecho con su compra, puede devolvernos el art\u00edculo en un plazo de 30 d\u00edas a partir de la fecha de entrega. Puede solicitar un n\u00famero de autorizaci\u00f3n de devoluci\u00f3n (RMA) si env\u00eda&hellip;<\/p>\n","protected":false},"author":1,"featured_media":0,"parent":0,"menu_order":0,"comment_status":"closed","ping_status":"closed","template":"","meta":{"content-type":"","_mi_skip_tracking":false,"spay_email":""},"_links":{"self":[{"href":"https:\/\/rapid-stop.com\/us\/wp-json\/wp\/v2\/pages\/4588"}],"collection":[{"href":"https:\/\/rapid-stop.com\/us\/wp-json\/wp\/v2\/pages"}],"about":[{"href":"https:\/\/rapid-stop.com\/us\/wp-json\/wp\/v2\/types\/page"}],"author":[{"embeddable":true,"href":"https:\/\/rapid-stop.com\/us\/wp-json\/wp\/v2\/users\/1"}],"replies":[{"embeddable":true,"href":"https:\/\/rapid-stop.com\/us\/wp-json\/wp\/v2\/comments?post=4588"}],"version-history":[{"count":1,"href":"https:\/\/rapid-stop.com\/us\/wp-json\/wp\/v2\/pages\/4588\/revisions"}],"predecessor-version":[{"id":4589,"href":"https:\/\/rapid-stop.com\/us\/wp-json\/wp\/v2\/pages\/4588\/revisions\/4589"}],"wp:attachment":[{"href":"https:\/\/rapid-stop.com\/us\/wp-json\/wp\/v2\/media?parent=4588"}],"curies":[{"name":"wp","href":"https:\/\/api.w.org\/{rel}","templated":true}]}}