{"id":4582,"date":"2022-08-02T02:44:48","date_gmt":"2022-08-02T02:44:48","guid":{"rendered":"https:\/\/rapid-stop.com\/us\/tarifas-de-envio-y-procedimientos\/"},"modified":"2022-08-02T02:45:01","modified_gmt":"2022-08-02T02:45:01","slug":"tarifas-de-envio-y-procedimientos","status":"publish","type":"page","link":"https:\/\/rapid-stop.com\/us\/tarifas-de-envio-y-procedimientos\/?lang=es","title":{"rendered":"Tarifas de env\u00edo y procedimientos"},"content":{"rendered":"\n<p>El env\u00edo de todos los pedidos dentro de los Estados Unidos tiene una tarifa fija de USD\u00a010,99 por pedido. Comun\u00edquese con <a href=\"mailto:sales@aerohealthcare.us.com\">sales@aerohealthcare.us.comfor<\/a> en el caso de los pedidos que se realicen fuera de los Estados Unidos.<\/p>\n\n<p>Procedimientos de pedido y env\u00edo<\/p>\n\n<p>Los pedidos se env\u00edan normalmente en un plazo de 1 a 2 d\u00edas h\u00e1biles despu\u00e9s de procesar el pago. Aero Healthcare US LLC intentar\u00e1 procesar las solicitudes de cancelaci\u00f3n de pedidos antes del env\u00edo. Si el pedido ya se envi\u00f3, el cliente incurrir\u00e1 en todos los gastos de env\u00edo. Si una parte del pedido de un cliente est\u00e1 temporalmente agotada, tal parte del pedido se enviar\u00e1 al cliente tan pronto como est\u00e9 disponible sin costo adicional para el cliente.<\/p>\n\n<p>Los clientes recibir\u00e1n una notificaci\u00f3n por correo electr\u00f3nico cuando se env\u00ede su pedido, junto con los detalles de seguimiento. Para informar la posible desaparici\u00f3n de un paquete, comun\u00edquese con nosotros a trav\u00e9s de <a href=\"mailto:sales@aerohealthcare.us.com\">sales@aerohealthcare.us.com<\/a>, pero espere un tiempo razonable (5 d\u00edas h\u00e1biles) antes de informarnos.<\/p>\n","protected":false},"excerpt":{"rendered":"<p>El env\u00edo de todos los pedidos dentro de los Estados Unidos tiene una tarifa fija de USD\u00a010,99 por pedido. Comun\u00edquese con sales@aerohealthcare.us.comfor en el caso de los pedidos que se realicen fuera de los Estados Unidos. Procedimientos de pedido y env\u00edo Los pedidos se env\u00edan normalmente en un plazo de 1 a 2 d\u00edas h\u00e1biles&hellip;<\/p>\n","protected":false},"author":1,"featured_media":0,"parent":0,"menu_order":0,"comment_status":"closed","ping_status":"closed","template":"","meta":{"content-type":"","_mi_skip_tracking":false,"spay_email":""},"_links":{"self":[{"href":"https:\/\/rapid-stop.com\/us\/wp-json\/wp\/v2\/pages\/4582"}],"collection":[{"href":"https:\/\/rapid-stop.com\/us\/wp-json\/wp\/v2\/pages"}],"about":[{"href":"https:\/\/rapid-stop.com\/us\/wp-json\/wp\/v2\/types\/page"}],"author":[{"embeddable":true,"href":"https:\/\/rapid-stop.com\/us\/wp-json\/wp\/v2\/users\/1"}],"replies":[{"embeddable":true,"href":"https:\/\/rapid-stop.com\/us\/wp-json\/wp\/v2\/comments?post=4582"}],"version-history":[{"count":1,"href":"https:\/\/rapid-stop.com\/us\/wp-json\/wp\/v2\/pages\/4582\/revisions"}],"predecessor-version":[{"id":4584,"href":"https:\/\/rapid-stop.com\/us\/wp-json\/wp\/v2\/pages\/4582\/revisions\/4584"}],"wp:attachment":[{"href":"https:\/\/rapid-stop.com\/us\/wp-json\/wp\/v2\/media?parent=4582"}],"curies":[{"name":"wp","href":"https:\/\/api.w.org\/{rel}","templated":true}]}}