{"id":4574,"date":"2022-08-02T02:44:22","date_gmt":"2022-08-02T02:44:22","guid":{"rendered":"https:\/\/rapid-stop.com\/us\/politica-de-privacidad\/"},"modified":"2022-08-02T02:45:00","modified_gmt":"2022-08-02T02:45:00","slug":"politica-de-privacidad","status":"publish","type":"page","link":"https:\/\/rapid-stop.com\/us\/politica-de-privacidad\/?lang=es","title":{"rendered":"Pol\u00edtica de privacidad"},"content":{"rendered":"\n<p><\/p>\n\n<p>Actualizada el 26\/6\/2018 2018.<\/p>\n\n<p>Bienvenido a nuestro sitio web. Este sitio web, con la direcci\u00f3n URL us.rapid-stop.com y us.us.rapid-stop.com, es propiedad de Aero Healthcare US LLC (ACN 614 308 146) y lo gestiona esta empresa.<\/p>\n\n<p>En el siguiente documento se establece la pol\u00edtica de privacidad del sitio web de Aero Healthcare USA, us.rapid-stop.com y us.us.rapid-stop.com<\/p>\n\n<p> Aero Healthcare US LLC se compromete a proporcionarle la mejor experiencia de servicio al cliente posible. Aero Healthcare USA est\u00e1 sujeto a la <a href=\"https:\/\/www.oaic.gov.usa\/privacy-law\/privacy-act\/\">Ley de Privacidad de 1988<\/a> y el Reglamento de Privacidad de 2013, con sus eventuales modificaciones. Aero Healthcare est\u00e1 obligado a cumplir con los principios de privacidad con los que se regula el tratamiento de la informaci\u00f3n personal, que corresponden a los Principios de Privacidad de Australia (\u201c<strong>APP<\/strong>\u201d).<\/p>\n\n<p>Si usted es ciudadano o residente de la Uni\u00f3n Europea (&#8220;<strong>UE<\/strong>&#8220;), el Reglamento General de Protecci\u00f3n de Datos (UE) 2016\/679 (&#8220;<strong>RGPD<\/strong>&#8220;) se aplicar\u00e1 a su informaci\u00f3n personal. A efectos del RGPD, el responsable del tratamiento de datos es <strong>Aero Healthcare USA<\/strong> y AERO HEALTHCARE LTD UK (06760143).<\/p>\n\n<p>Tenga en cuenta que \u201c<strong>informaci\u00f3n personal<\/strong>\u201d es, a menos que se indique lo contrario, el t\u00e9rmino colectivo utilizado en esta pol\u00edtica de privacidad para referirse a la \u201cinformaci\u00f3n personal\u201d, tal como se define en las APP, y a los \u201cdatos personales\u201d, tal como se definen en el RGPD.<\/p>\n\n<p><strong>Recopilaci\u00f3n de su informaci\u00f3n personal<\/strong><\/p>\n\n<p>Hay muchos aspectos del sitio que pueden consultarse sin necesidad de proporcionar informaci\u00f3n personal espec\u00edfica. Sin embargo, para utilizar el formulario de contacto y acceder al Centro de Recursos, se le solicita que env\u00ede informaci\u00f3n personal de identificaci\u00f3n. Esto incluye, entre otros elementos, su nombre y una direcci\u00f3n de correo electr\u00f3nico, y, en el caso del Centro de Recursos, un nombre de usuario y una contrase\u00f1a \u00fanicos, junto con la informaci\u00f3n que usted decida divulgar a Aero Healthcare USA. La informaci\u00f3n adicional que desee divulgar a Aero Healthcare a trav\u00e9s del uso de este sitio web incluye, entre otros elementos, datos de contacto adicionales, n\u00fameros de tel\u00e9fono, fecha de nacimiento, direcci\u00f3n postal y mensajes o comentarios enviados a trav\u00e9s del sitio, el correo electr\u00f3nico o las p\u00e1ginas de redes sociales que controla Aero Healthcare USA. Tratamos y registramos esta informaci\u00f3n personal con el fin de responder a cualquier consulta que nos haga, as\u00ed como para cumplir con cualquier pedido de venta que nos haga.<\/p>\n\n<p>Cada cierto tiempo, podemos utilizar o aumentar la informaci\u00f3n personal que tenemos sobre usted con informaci\u00f3n obtenida de otras fuentes, como bases de datos p\u00fablicas, plataformas de redes sociales y otros terceros. Por ejemplo, es posible que utilicemos dicha informaci\u00f3n de terceros para confirmar la informaci\u00f3n financiera o de contacto, para verificar la licencia de los profesionales de la salud o para comprender mejor sus intereses mediante la asociaci\u00f3n de la informaci\u00f3n demogr\u00e1fica con la informaci\u00f3n que usted ha proporcionado.<\/p>\n\n<p>Si usted nos env\u00eda cualquier informaci\u00f3n personal relacionada con otras personas, declara que tiene la autoridad para hacerlo y para permitirnos utilizar la informaci\u00f3n de acuerdo con esta pol\u00edtica de privacidad.<\/p>\n\n<p><strong>Violaciones de la privacidad y pol\u00edticas de seguridad<\/strong><\/p>\n\n<p>Aero Healthcare tomar\u00e1 las debidas medidas t\u00e9cnicas, administrativas y de procedimiento razonables para proteger sus datos privados contra las violaciones de datos ilegales, la destrucci\u00f3n accidental o ilegal, la p\u00e9rdida, la alteraci\u00f3n, la divulgaci\u00f3n no autorizada o el acceso a la informaci\u00f3n personal transmitida, almacenada o procesada. Sin embargo, en el improbable caso de que se produzca una violaci\u00f3n de nuestra seguridad o del proceso de recopilaci\u00f3n de datos, y en esa violaci\u00f3n se divulguen datos privados, en la medida en que lo permita la legislaci\u00f3n aplicable, Aero Healthcare no asumir\u00e1 ninguna responsabilidad por cualquier p\u00e9rdida o da\u00f1o que sufra cualquier usuario espec\u00edfico debido a esa violaci\u00f3n. Si Aero Healthcare detecta una violaci\u00f3n de seguridad que pueda dar lugar a la divulgaci\u00f3n de la informaci\u00f3n personal de cualquier usuario, Aero Healthcare tomar\u00e1 todas las medidas razonables para denunciar tal violaci\u00f3n a las instituciones gubernamentales pertinentes. Si tiene alg\u00fan motivo para creer que su interacci\u00f3n con nuestro sitio ya no es segura, notif\u00edquenoslo inmediatamente por correo electr\u00f3nico a privacy@aerohealthcare.us.com.<\/p>\n\n<p><strong>Uso compartido de su informaci\u00f3n personal<\/strong><\/p>\n\n<p>Es posible que, en ocasiones, contratemos a otras empresas para que presten servicios en nuestro nombre, lo que incluye, entre otros aspectos, la gesti\u00f3n del marketing por correo electr\u00f3nico y el almacenamiento de datos. Tales empresas solo podr\u00e1n obtener la informaci\u00f3n personal que necesiten para prestar el servicio. Aero Healthcare USA adopta medidas razonables para garantizar que estas organizaciones est\u00e9n obligadas a respetar la confidencialidad y las leyes de privacidad correspondientes en relaci\u00f3n con la protecci\u00f3n de sus datos personales.<\/p>\n\n<p>Aero Healthcare puede compartir sus datos privados entre sus empresas filiales, lo que incluye a AERO HEALTHCARE LTD UK (06760143) y AERO HEALTHCARE US, junto con los socios y distribuidores de Aero Healthcare, y exigir\u00e1 a dichas empresas que utilicen y protejan su informaci\u00f3n personal de acuerdo con esta pol\u00edtica de privacidad y las leyes de privacidad correspondientes. Si usted es un residente de la UE y la informaci\u00f3n personal que tenemos sobre usted se transfiere a un tercer pa\u00eds, adoptaremos medidas para garantizar que sus datos personales reciban un nivel adecuado de protecci\u00f3n en el lugar donde se procesen y que sus derechos sigan estando protegidos.<\/p>\n\n<p>Nos reservamos el derecho de divulgar su informaci\u00f3n personal seg\u00fan lo exija la ley, cuando creamos que la divulgaci\u00f3n es necesaria debido a un requisito reglamentario, un procedimiento judicial, una orden judicial, una solicitud del gobierno o un proceso legal.<\/p>\n\n<p><strong>An\u00e1lisis del sitio web<\/strong><\/p>\n\n<p>En nuestro sitio web se utiliza Google Analytics, un servicio que transmite los datos de tr\u00e1fico del sitio web a los servidores de Google en Estados Unidos. Google Analytics no identifica a los usuarios individuales ni asocia su direcci\u00f3n IP con ning\u00fan otro dato del que disponga Google. Utilizamos informes proporcionados por Google Analytics para ayudarnos a entender el tr\u00e1fico del sitio web y el uso de la p\u00e1gina web. No utilizamos Google Analytics para tomar decisiones con respecto a usted o su acceso a nuestros servicios.<\/p>\n\n<p>Mediante el uso de este sitio web, usted otorga su consentimiento para el tratamiento de sus datos por parte de Google en la forma descrita en <a href=\"https:\/\/www.google.com\/policies\/privacy\/\">la Pol\u00edtica de privacidad de Google<\/a> y para los fines indicados anteriormente. Puede inhabilitar el uso de Google Analytics si desactiva el uso de cookies en su dispositivo, desactiva JavaScript o utiliza el <a href=\"https:\/\/tools.google.com\/dlpage\/gaoptout\">servicio de inhabilitaci\u00f3n proporcionado por Google<\/a>.<\/p>\n\n<p><strong>Redes sociales<\/strong><\/p>\n\n<p>Aero Healthcare USA tambi\u00e9n utiliza interfaces con sitios de redes sociales, como Facebook, LinkedIn, Twitter y otros. Si utiliza las funciones &#8220;Me gusta&#8221; o &#8220;Compartir&#8221; informaci\u00f3n de este sitio web a trav\u00e9s de estos servicios, debe revisar la pol\u00edtica de privacidad de ese servicio. Si usted es miembro de un sitio de redes sociales, las interfaces pueden permitir que el sitio de redes sociales conecte sus visitas a este sitio con otra informaci\u00f3n personal.<\/p>\n\n<p><strong>Privacidad y consentimiento digital de ni\u00f1os<\/strong><\/p>\n\n<p>El Sitio no est\u00e1 dirigido a personas menores de trece (13) a\u00f1os, y no recopilamos deliberadamente informaci\u00f3n personal de ninguna persona menor de 13 a\u00f1os. Para utilizar nuestro Centro de Recursos para Miembros, debe ser mayor de 16 a\u00f1os.<\/p>\n\n<p><strong>Derecho al olvido, borrado y per\u00edodo de conservaci\u00f3n<\/strong><\/p>\n\n<p>Si en cualquier momento, durante el uso de este sitio web, usted desea retractarse de su consentimiento y que su informaci\u00f3n personal se elimine, env\u00edenos un correo electr\u00f3nico a privacy@aerohealthcare.us.com. Aero Healthcare USA eliminar\u00e1, en un plazo razonable, todas las instancias primarias de su informaci\u00f3n personal que Aero Healthcare almacene. Si desea ejercer sus otros derechos en virtud del RGPD, incluido el derecho a acceder a nuestros registros de su informaci\u00f3n personal, rectificar los datos personales, trasladarlos a otro servicio o ejercer el derecho a solicitar la restricci\u00f3n del tratamiento de sus datos u oponerse a este, comun\u00edquese con nosotros a trav\u00e9s de privacy@aerohealthcare.us.com. Haremos todo lo posible por resolver todas y cada una de las solicitudes nosotros mismos, pero, en caso de que no podamos hacerlo, usted tiene derecho a presentar una queja ante la autoridad de supervisi\u00f3n del RGPD correspondiente.<\/p>\n\n<p>Aero Healthcare USA conservar\u00e1 su informaci\u00f3n personal mientras tengamos una relaci\u00f3n continua con usted y mientras sea necesario o est\u00e9 permitido para los fines para los que se obtuvieron los datos, tal y como se indica en esta Pol\u00edtica de privacidad. Esto incluye proporcionar acceso al sitio, mantener la informaci\u00f3n de la cuenta y proporcionarle servicios. Tambi\u00e9n podemos seguir conservando su informaci\u00f3n por imperativo legal.<\/p>\n\n<p><strong>Cambios en esta Pol\u00edtica de privacidad<\/strong><\/p>\n\n<p>Aero Healthcare USA se reserva el derecho de modificar esta Pol\u00edtica de privacidad en cualquier momento. Si tiene objeciones a la Pol\u00edtica de privacidad, no debe acceder al Sitio ni utilizarlo.<\/p>\n\n<p><strong>Contacto<\/strong><\/p>\n\n<p>Aero Healthcare USA agradece sus comentarios acerca de esta Pol\u00edtica de privacidad. Si tiene alguna pregunta acerca de esta Pol\u00edtica de privacidad y desea obtener m\u00e1s informaci\u00f3n, comun\u00edquese con nosotros por cualquiera de los medios indicados en nuestra p\u00e1gina de Contacto en horario laboral, de lunes a viernes.<\/p>\n","protected":false},"excerpt":{"rendered":"<p>Actualizada el 26\/6\/2018 2018. Bienvenido a nuestro sitio web. Este sitio web, con la direcci\u00f3n URL us.rapid-stop.com y us.us.rapid-stop.com, es propiedad de Aero Healthcare US LLC (ACN 614 308 146) y lo gestiona esta empresa. En el siguiente documento se establece la pol\u00edtica de privacidad del sitio web de Aero Healthcare USA, us.rapid-stop.com y us.us.rapid-stop.com&hellip;<\/p>\n","protected":false},"author":1,"featured_media":0,"parent":0,"menu_order":0,"comment_status":"closed","ping_status":"closed","template":"","meta":{"content-type":"","_mi_skip_tracking":false,"spay_email":""},"_links":{"self":[{"href":"https:\/\/rapid-stop.com\/us\/wp-json\/wp\/v2\/pages\/4574"}],"collection":[{"href":"https:\/\/rapid-stop.com\/us\/wp-json\/wp\/v2\/pages"}],"about":[{"href":"https:\/\/rapid-stop.com\/us\/wp-json\/wp\/v2\/types\/page"}],"author":[{"embeddable":true,"href":"https:\/\/rapid-stop.com\/us\/wp-json\/wp\/v2\/users\/1"}],"replies":[{"embeddable":true,"href":"https:\/\/rapid-stop.com\/us\/wp-json\/wp\/v2\/comments?post=4574"}],"version-history":[{"count":1,"href":"https:\/\/rapid-stop.com\/us\/wp-json\/wp\/v2\/pages\/4574\/revisions"}],"predecessor-version":[{"id":4576,"href":"https:\/\/rapid-stop.com\/us\/wp-json\/wp\/v2\/pages\/4574\/revisions\/4576"}],"wp:attachment":[{"href":"https:\/\/rapid-stop.com\/us\/wp-json\/wp\/v2\/media?parent=4574"}],"curies":[{"name":"wp","href":"https:\/\/api.w.org\/{rel}","templated":true}]}}