{"id":4570,"date":"2022-08-02T02:44:08","date_gmt":"2022-08-02T02:44:08","guid":{"rendered":"https:\/\/rapid-stop.com\/us\/garantia-limitada-del-producto-torniquete-rapidstop\/"},"modified":"2022-08-02T02:45:00","modified_gmt":"2022-08-02T02:45:00","slug":"garantia-limitada-del-producto-torniquete-rapidstop","status":"publish","type":"page","link":"https:\/\/rapid-stop.com\/us\/garantia-limitada-del-producto-torniquete-rapidstop\/?lang=es","title":{"rendered":"Garant\u00eda limitada del producto torniquete RapidStop"},"content":{"rendered":"\n<p> AERO HEALTHCARE (US), LLC<br\/> GARANT\u00cdA LIMITADA DEL TORNIQUETE RAPIDSTOP&#x2122;<br\/> ESTA GARANT\u00cdA LIMITADA LE CONCEDE A USTED, EL USUARIO FINAL INICIAL (definido a continuaci\u00f3n), DERECHOS LEGALES ESPEC\u00cdFICOS. ES POSIBLE QUE TAMBI\u00c9N TENGA OTROS DERECHOS, QUE VAR\u00cdAN DE UN ESTADO A OTRO.<br\/> SUJETO A LAS LIMITACIONES ESTABLECIDAS A CONTINUACI\u00d3N, AERO HEATHCARE (US), LLC (&#8220;AERO&#8221;) GARANTIZA \u00daNICAMENTE AL USUARIO FINAL INICIAL QUE EL TORNIQUETE RAPIDSTOP&#x2122; (EL &#8220;PRODUCTO&#8221;) SE AJUSTAR\u00c1 MATERIALMENTE A SUS ESPECIFICACIONES PUBLICADAS Y ESTAR\u00c1 LIBRE DE DEFECTOS DE MATERIALES Y MANO DE OBRA EN CONDICIONES NORMALES DE USO DURANTE UN PER\u00cdODO DE UN A\u00d1O A PARTIR DE LA FECHA DE COMPRA. ESTA GARANT\u00cdA LIMITADA SE APLICA \u00daNICAMENTE AL USUARIO FINAL INICIAL DEL PRODUCTO. NO SE APLICA A NING\u00daN PROPIETARIO NI CESIONARIO POSTERIOR DEL PRODUCTO. A EFECTOS DE ESTA GARANT\u00cdA LIMITADA DEL PRODUCTO, SE ENTIENDE POR USUARIO FINAL INICIAL EL PRIMER COMPRADOR QUE HAYA ADQUIRIDO EL PRODUCTO DE AERO O DE UN REVENDEDOR PARA USO INTERNO DEL COMPRADOR O DE SUS EMPRESAS RELACIONADAS Y NO PARA SU REVENTA, RECOMERCIALIZACI\u00d3N NI DISTRIBUCI\u00d3N.<br\/> ESTA GARANT\u00cdA LIMITADA NO CUBRE NING\u00daN DA\u00d1O NI DEFECTO DEBIDO AL TRANSPORTE, EL ALMACENAMIENTO, EL USO INADECUADO, EL INCUMPLIMIENTO DE LAS INSTRUCCIONES DEL PRODUCTO, LAS MODIFICACIONES, LAS REPARACIONES NO AUTORIZADAS, EL DESGASTE NORMAL O CAUSAS EXTERNAS, COMO ACCIDENTES, USO INDEBIDO, MAL USO, ALTERACI\u00d3N U OTRAS ACCIONES O EVENTOS AJENOS AL CONTROL RAZONABLE POR PARTE DE AERO. ESTA GARANT\u00cdA LIMITADA SE ANULAR\u00c1 SI SE CUMPLEN LOS SIGUIENTES CRITERIOS CON RESPECTO AL PRODUCTO: (A) SE UTILIZA DE FORMA INCOMPATIBLE CON LA FINALIDAD O EL DISE\u00d1O PREVISTOS DEL PRODUCTO, TAL Y COMO SE DESCRIBE EN LA DOCUMENTACI\u00d3N PUBLICADA POR AERO PARA EL PRODUCTO. (B) SE ALTERA DE ALGUNA MANERA. (C) SE SOMETE A CUALQUIER OTRO USO INDEBIDO, MAL USO, NEGLIGENCIA, ACCIDENTE O FUERZA EXTERNA. EL PRODUCTO EST\u00c1 DISE\u00d1ADO Y CREADO PARA UN SOLO USO. ESTA GARANT\u00cdA LIMITADA SOLO SE APLICA AL PRIMER USO DEL PRODUCTO Y NO A SU USO POSTERIOR NI REUTILIZACI\u00d3N.<br\/> A EXCEPCI\u00d3N DE LA GARANT\u00cdA LIMITADA EXPRESA ESTABLECIDA EN ESTE DOCUMENTO, NO OFRECEMOS NINGUNA OTRA GARANT\u00cdA, EXPRESA O IMPL\u00cdCITA, LO QUE INCLUYE, ENTRE OTRAS, LAS GARANT\u00cdAS IMPL\u00cdCITAS DE COMERCIABILIDAD E IDONEIDAD PARA UN USO O PROP\u00d3SITO PARTICULAR. ALGUNOS ESTADOS NO PERMITEN LA LIMITACI\u00d3N DE LAS GARANT\u00cdAS IMPL\u00cdCITAS, POR LO QUE ES POSIBLE QUE ESTA LIMITACI\u00d3N NO SE APLIQUE EN SU CASO.<br\/> NUESTRA RESPONSABILIDAD POR UN PRODUCTO DEFECTUOSO SE LIMITA A LA REPARACI\u00d3N, EL REEMPLAZO O EL REEMBOLSO, A NUESTRA ABSOLUTO CRITERIO. EL PER\u00cdODO DE GARANT\u00cdA NO SE EXTIENDE SI REPARAMOS O REEMPLAZAMOS EL PRODUCTO.<br\/> CON RESPECTO A UN DEFECTO EN EL PRODUCTO QUE SURJA DURANTE EL PER\u00cdODO DE GARANT\u00cdA Y QUE SE NOS NOTIFIQUE POR ESCRITO DENTRO DE LOS TREINTA (30) D\u00cdAS SIGUIENTES AL VENCIMIENTO DEL PER\u00cdODO DE GARANT\u00cdA, REPARAREMOS O REEMPLAZAREMOS, A NUESTRO ABSOLUTO CRITERIO, EL PRODUCTO O LA PIEZA DEFECTUOSA SIN CARGO ALGUNO, O BIEN, REEMBOLSAREMOS EL PRECIO DE COMPRA DE DICHO PRODUCTO. TENGA EN CUENTA QUE ESTA GARANT\u00cdA NO CUBRE LOS GASTOS DE ENV\u00cdO Y ENTREGA PARA DEVOLVER UN PRODUCTO DEFECTUOSO, REPARADO O DE REEMPLAZO. NO DEVUELVA EL PRODUCTO SIN RECIBIR ANTES UNA AUTORIZACI\u00d3N POR ESCRITO POR PARTE DE NOSOTROS. NOS RESERVAMOS EL DERECHO DE RECHAZAR CUALQUIER RECLAMACI\u00d3N DE GARANT\u00cdA QUE NO HAYAMOS RECIBIDO POR ESCRITO EN UN PLAZO DE TREINTA (30) D\u00cdAS A PARTIR DEL VENCIMIENTO DEL PER\u00cdODO DE GARANT\u00cdA.<br\/> PARA OBTENER EL SERVICIO DE GARANT\u00cdA, DEBE, DURANTE O A M\u00c1S TARDAR TREINTA (30) D\u00cdAS DESPU\u00c9S DEL VENCIMIENTO DEL PER\u00cdODO DE GARANT\u00cdA, LLAMARNOS AL 1 844 225 2376 O ENVIARNOS UN CORREO ELECTR\u00d3NICO A ATsales@aeroheathcare.us.com. EN CADA CASO, FACILITE UNA DESCRIPCI\u00d3N DEL PRODUCTO Y DEL DEFECTO. TAMBI\u00c9N DEBE PROPORCIONARNOS UN RECIBO DE VENTA O UNA PRUEBA DE COMPRA COMPARABLE EN LA QUE SE MUESTRE LA FECHA ORIGINAL DE COMPRA POR SU PARTE.<br\/> LAS SOLUCIONES DESCRITAS ANTERIORMENTE SON SUS SOLUCIONES \u00daNICAS Y EXCLUSIVAS. TODA NUESTRA RESPONSABILIDAD POR EL INCUMPLIMIENTO DE ESTA GARANT\u00cdA LIMITADA NO SUPERAR\u00c1, EN NING\u00daN CASO, EL MONTO REAL QUE USTED HAYA PAGADO POR EL PRODUCTO DEFECTUOSO. ADEM\u00c1S, BAJO NINGUNA CIRCUNSTANCIA, AERO HEALTHCARE US, LLC NI SUS EMPRESAS MATRICES, EMPRESAS FILIALES O EMPRESAS RELACIONADAS SER\u00c1N RESPONSABLES DE NING\u00daN DA\u00d1O CONSECUENTE, INCIDENTAL, ESPECIAL O PUNITIVO NI DE NINGUNA P\u00c9RDIDA O LUCRO CESANTE, YA SEA DE FORMA DIRECTA O INDIRECTA, Y CON INDEPENDENCIA DE QUE AERO HAYA SIDO INFORMADO DE LA POSIBILIDAD DE TALES SUCESOS.<br\/>ALGUNOS ESTADOS NO PERMITEN LA EXCLUSI\u00d3N NI LIMITACI\u00d3N DE LOS DA\u00d1OS INCIDENTALES O CONSECUENTES, POR LO QUE ES POSIBLE QUE LA LIMITACI\u00d3N O EXCLUSI\u00d3N ANTERIOR NO SE APLIQUE EN SU CASO.<\/p>\n","protected":false},"excerpt":{"rendered":"<p>AERO HEALTHCARE (US), LLC GARANT\u00cdA LIMITADA DEL TORNIQUETE RAPIDSTOP&#x2122; ESTA GARANT\u00cdA LIMITADA LE CONCEDE A USTED, EL USUARIO FINAL INICIAL (definido a continuaci\u00f3n), DERECHOS LEGALES ESPEC\u00cdFICOS. ES POSIBLE QUE TAMBI\u00c9N TENGA OTROS DERECHOS, QUE VAR\u00cdAN DE UN ESTADO A OTRO. SUJETO A LAS LIMITACIONES ESTABLECIDAS A CONTINUACI\u00d3N, AERO HEATHCARE (US), LLC (&#8220;AERO&#8221;) GARANTIZA \u00daNICAMENTE AL&hellip;<\/p>\n","protected":false},"author":1,"featured_media":0,"parent":0,"menu_order":0,"comment_status":"closed","ping_status":"closed","template":"","meta":{"content-type":"","_mi_skip_tracking":false,"spay_email":""},"_links":{"self":[{"href":"https:\/\/rapid-stop.com\/us\/wp-json\/wp\/v2\/pages\/4570"}],"collection":[{"href":"https:\/\/rapid-stop.com\/us\/wp-json\/wp\/v2\/pages"}],"about":[{"href":"https:\/\/rapid-stop.com\/us\/wp-json\/wp\/v2\/types\/page"}],"author":[{"embeddable":true,"href":"https:\/\/rapid-stop.com\/us\/wp-json\/wp\/v2\/users\/1"}],"replies":[{"embeddable":true,"href":"https:\/\/rapid-stop.com\/us\/wp-json\/wp\/v2\/comments?post=4570"}],"version-history":[{"count":1,"href":"https:\/\/rapid-stop.com\/us\/wp-json\/wp\/v2\/pages\/4570\/revisions"}],"predecessor-version":[{"id":4572,"href":"https:\/\/rapid-stop.com\/us\/wp-json\/wp\/v2\/pages\/4570\/revisions\/4572"}],"wp:attachment":[{"href":"https:\/\/rapid-stop.com\/us\/wp-json\/wp\/v2\/media?parent=4570"}],"curies":[{"name":"wp","href":"https:\/\/api.w.org\/{rel}","templated":true}]}}