{"id":3540,"date":"2022-06-24T01:45:36","date_gmt":"2022-06-24T01:45:36","guid":{"rendered":"https:\/\/pl.rapid-stop.com\/polityka-prywatnosci\/"},"modified":"2022-06-24T01:45:37","modified_gmt":"2022-06-24T01:45:37","slug":"polityka-prywatnosci","status":"publish","type":"page","link":"https:\/\/rapid-stop.com\/pl\/polityka-prywatnosci\/","title":{"rendered":"Polityka prywatno\u015bci"},"content":{"rendered":"\n<p><\/p>\n\n<p>Aktualizacja: 26.06.2018 r.<\/p>\n\n<p>Witamy w naszej witrynie internetowej. Niniejsza witryna internetowa pod adresem URL pl.rapid-stop.com i us.pl.rapid-stop.com jest w\u0142asno\u015bci\u0105 firmy Aero Healthcare US LLC (ACN 614 308 146) i jest przez ni\u0105 obs\u0142ugiwana.<\/p>\n\n<p>Niniejszy dokument okre\u015bla polityk\u0119 prywatno\u015bci dla witryny internetowej Aero Healthcare USA, pl.rapid-stop.com i us.pl.rapid-stop.com<\/p>\n\n<p> Firma Aero Healthcare US LLC dok\u0142ada wszelkich stara\u0144, aby zapewni\u0107 jak najlepsz\u0105 obs\u0142ug\u0119 klienta. Firm\u0119 Aero Healthcare USA obowi\u0105zuj\u0105 przepisy <a href=\"https:\/\/www.oaic.gov.usa\/privacy-law\/privacy-act\/\">ustawy o ochronie prywatno\u015bci z 1988 r.<\/a> oraz rozporz\u0105dzenia o ochronie prywatno\u015bci z 2013 r., z p\u00f3\u017aniejszymi zmianami. Firma Aero Healthcare jest zobowi\u0105zana do przestrzegania zasad prywatno\u015bci reguluj\u0105cych przetwarzanie danych osobowych, czyli australijskich przepis\u00f3w o ochronie prywatno\u015bci (\u201e<strong>przepisy APP<\/strong>\u201d).<\/p>\n\n<p>Je\u015bli u\u017cytkownik jest obywatelem lub mieszka\u0144cem Unii Europejskiej (\u201e<strong>UE<\/strong>\u201d), do jego danych osobowych b\u0119dzie mia\u0142o zastosowanie Og\u00f3lne Rozporz\u0105dzenie o Ochronie Danych (UE) 2016\/679 (\u201e<strong>RODO<\/strong>\u201d). Dla cel\u00f3w RODO administratorem danych jest <strong>Aero Healthcare USA<\/strong> oraz AERO HEALTHCARE LTD UK (06760143).<\/p>\n\n<p>Nale\u017cy pami\u0119ta\u0107, \u017ce \u201e<strong>dane osobowe<\/strong>\u201d to, o ile nie wskazano inaczej, zbiorczy termin stosowany w niniejszej polityce prywatno\u015bci w odniesieniu do \u201edanych osobowych\u201d zgodnie z definicj\u0105 zawart\u0105 w przepisach APP oraz \u201edanych osobowych\u201d zgodnie z definicj\u0105 zawart\u0105 w RODO.<\/p>\n\n<p><strong>Gromadzenie danych osobowych<\/strong><\/p>\n\n<p>Istnieje wiele element\u00f3w witryny, kt\u00f3re mo\u017cna obejrze\u0107 bez podawania konkretnych danych osobowych. Jednak aby skorzysta\u0107 z formularza kontaktowego i uzyska\u0107 dost\u0119p do centrum zasob\u00f3w, nale\u017cy poda\u0107 dane umo\u017cliwiaj\u0105ce identyfikacj\u0119 u\u017cytkownika. Obejmuje to mi\u0119dzy innymi imi\u0119 i nazwisko oraz adres e-mail, a w przypadku centrum zasob\u00f3w \u2013 unikaln\u0105 nazw\u0119 u\u017cytkownika i has\u0142o wraz z informacjami, kt\u00f3re u\u017cytkownik zdecyduje si\u0119 ujawni\u0107 Aero Healthcare USA. Dodatkowe informacje, kt\u00f3re u\u017cytkownik mo\u017ce zdecydowa\u0107 si\u0119 ujawni\u0107 firmie Aero Healthcare w ramach korzystania z niniejszej witryny internetowej, obejmuj\u0105 mi\u0119dzy innymi dodatkowe dane kontaktowe, numery telefon\u00f3w, dat\u0119 urodzenia, adres pocztowy oraz wiadomo\u015bci lub komentarze przekazywane za po\u015brednictwem strony internetowej, poczty elektronicznej lub stron medi\u00f3w spo\u0142eczno\u015bciowych kontrolowanych przez Aero Healthcare USA. Przetwarzamy i zapisujemy te dane osobowe w celu udzielenia odpowiedzi na wszelkie zapytania, kt\u00f3re u\u017cytkownik do nas skieruje, jak r\u00f3wnie\u017c w celu realizacji zam\u00f3wie\u0144 sprzeda\u017cy, kt\u00f3re u\u017cytkownik u nas z\u0142o\u017cy.<\/p>\n\n<p>Od czasu do czasu mo\u017cemy wykorzystywa\u0107 lub uzupe\u0142nia\u0107 dane osobowe, kt\u00f3re posiadamy na temat u\u017cytkownika, o informacje uzyskane z innych \u017ar\u00f3de\u0142, takich jak publiczne bazy danych, platformy medi\u00f3w spo\u0142eczno\u015bciowych i inne strony trzecie. Na przyk\u0142ad mo\u017cemy wykorzystywa\u0107 takie informacje pochodz\u0105ce od stron trzecich w celu potwierdzenia danych kontaktowych lub finansowych, weryfikacji licencji pracownik\u00f3w s\u0142u\u017cby zdrowia lub lepszego zrozumienia zainteresowa\u0144 u\u017cytkownika poprzez skojarzenie informacji demograficznych z podanymi przez niego informacjami.<\/p>\n\n<p>W przypadku przekazania nam jakichkolwiek danych osobowych dotycz\u0105cych innych os\u00f3b, u\u017cytkownik o\u015bwiadcza, \u017ce jest do tego upowa\u017cniony i \u017ce zezwala nam na wykorzystanie tych informacji zgodnie z niniejsz\u0105 polityk\u0105 prywatno\u015bci.<\/p>\n\n<p><strong>Naruszenia prywatno\u015bci i polityka bezpiecze\u0144stwa<\/strong><\/p>\n\n<p>Firma Aero Healthcare do\u0142o\u017cy wszelkich stara\u0144 pod wzgl\u0119dem technicznym, administracyjnym i proceduralnym, aby chroni\u0107 prywatne dane u\u017cytkownika przed nielegalnym naruszeniem danych, przypadkowym lub bezprawnym zniszczeniem, utrat\u0105, zmian\u0105, nieuprawnionym ujawnieniem lub dost\u0119pem do danych osobowych przesy\u0142anych, przechowywanych lub przetwarzanych w inny spos\u00f3b. Jednak w ma\u0142o prawdopodobnym przypadku, gdyby dosz\u0142o do naruszenia naszych zabezpiecze\u0144 lub procesu gromadzenia danych i w wyniku tego naruszenia zosta\u0142y ujawnione prywatne dane, w pe\u0142nym zakresie dozwolonym przez obowi\u0105zuj\u0105ce prawo Aero Healthcare nie ponosi odpowiedzialno\u015bci za jakiekolwiek straty lub szkody, kt\u00f3re wyst\u0105pi\u0105 u konkretnego u\u017cytkownika z powodu tego naruszenia. Je\u017celi firma Aero Healthcare wykryje naruszenie bezpiecze\u0144stwa, w wyniku kt\u00f3rego mog\u0142y zosta\u0107 ujawnione dane osobowe jakiegokolwiek u\u017cytkownika, podejmie ona wszelkie uzasadnione dzia\u0142ania w celu zg\u0142oszenia tego naruszenia do odpowiednich instytucji rz\u0105dowych. Je\u015bli u\u017cytkownik ma jakiekolwiek powody, aby s\u0105dzi\u0107, \u017ce jego interakcja z nasz\u0105 witryn\u0105 nie jest ju\u017c bezpieczna, powinien nas o tym niezw\u0142ocznie powiadomi\u0107, wysy\u0142aj\u0105c e-mail na adres privacy@aerohealthcare.us.com.<\/p>\n\n<p><strong>Udost\u0119pnianie danych osobowych<\/strong><\/p>\n\n<p>Od czasu do czasu mo\u017cemy zatrudnia\u0107 inne firmy do \u015bwiadczenia us\u0142ug w naszym imieniu, w tym mi\u0119dzy innymi do obs\u0142ugi marketingu e-mailowego i przechowywania danych. Firmy te b\u0119d\u0105 mog\u0142y uzyska\u0107 tylko te dane osobowe, kt\u00f3re s\u0105 im potrzebne do \u015bwiadczenia us\u0142ug. Firma Aero Healthcare USA podejmuje uzasadnione kroki w celu zapewnienia, \u017ce organizacje te s\u0105 zobowi\u0105zane do zachowania poufno\u015bci i przestrzegania obowi\u0105zuj\u0105cych przepis\u00f3w dotycz\u0105cych ochrony prywatno\u015bci w odniesieniu do ochrony danych osobowych u\u017cytkownika.<\/p>\n\n<p>Firma Aero Healthcare mo\u017ce udost\u0119pnia\u0107 prywatne dane u\u017cytkownika pomi\u0119dzy swoimi sp\u00f3\u0142kami zale\u017cnymi, w tym AERO HEALTHCARE LTD UK (06760143) i AERO HEALTHCARE US, wraz z partnerami i dystrybutorami Aero Healthcare i b\u0119dzie wymaga\u0107 od tych sp\u00f3\u0142ek, aby wykorzystywa\u0142y i chroni\u0142y dane osobowe u\u017cytkownika zgodnie z niniejsz\u0105 polityk\u0105 prywatno\u015bci oraz obowi\u0105zuj\u0105cymi przepisami dotycz\u0105cymi prywatno\u015bci. Je\u015bli u\u017cytkownik jest mieszka\u0144cem UE, a dane osobowe, kt\u00f3re przechowujemy na jego temat, s\u0105 przekazywane do kraju trzeciego, w\u00f3wczas podejmiemy kroki w celu zapewnienia, \u017ce jego dane osobowe otrzymaj\u0105 odpowiedni poziom ochrony tam, gdzie s\u0105 przetwarzane, a jego prawa b\u0119d\u0105 nadal chronione.<\/p>\n\n<p>Zastrzegamy sobie prawo do ujawnienia danych osobowych u\u017cytkownika zgodnie z wymogami prawa, gdy uwa\u017camy, \u017ce ujawnienie jest konieczne ze wzgl\u0119du na wym\u00f3g regulacyjny, post\u0119powanie s\u0105dowe, nakaz s\u0105dowy, \u017c\u0105danie rz\u0105dowe lub proces prawny.<\/p>\n\n<p><strong>Analiza witryny internetowej<\/strong><\/p>\n\n<p>Nasza witryna internetowa korzysta z us\u0142ugi Google Analytics, kt\u00f3ra przekazuje dane o ruchu w witrynie internetowej do serwer\u00f3w Google w Stanach Zjednoczonych. Google Analytics nie identyfikuje poszczeg\u00f3lnych u\u017cytkownik\u00f3w ani nie \u0142\u0105czy adresu IP z \u017cadnymi innymi danymi przechowywanymi przez Google. Korzystamy z raport\u00f3w dostarczanych przez Google Analytics, aby zrozumie\u0107 ruch w witrynie internetowej i korzystanie z niej. Nie wykorzystujemy Google Analytics do podejmowania jakichkolwiek decyzji dotycz\u0105cych u\u017cytkownika ani jego dost\u0119pu do naszych us\u0142ug.<\/p>\n\n<p>Korzystaj\u0105c z tej witryny internetowej, u\u017cytkownik wyra\u017ca zgod\u0119 na przetwarzanie swoich danych przez Google w spos\u00f3b opisany w <a href=\"https:\/\/www.google.com\/policies\/privacy\/\">polityce prywatno\u015bci Google<\/a> i w celach okre\u015blonych powy\u017cej. U\u017cytkownik mo\u017ce zrezygnowa\u0107 z us\u0142ugi Google Analytics, je\u017celi wy\u0142\u0105czy stosowanie plik\u00f3w cookie na swoim urz\u0105dzeniu, wy\u0142\u0105czy JavaScript lub skorzysta z us\u0142ugi <a href=\"https:\/\/tools.google.com\/dlpage\/gaoptout\">rezygnacji udost\u0119pnianej przez Google<\/a>.<\/p>\n\n<p><strong>Media spo\u0142eczno\u015bciowe<\/strong><\/p>\n\n<p>Firma Aero Healthcare USA wykorzystuje r\u00f3wnie\u017c interfejsy z portalami spo\u0142eczno\u015bciowymi, takimi jak Facebook, LinkedIn, Twitter i inne. Je\u017celi u\u017cytkownik postanowi polubi\u0107 lub udost\u0119pni\u0107 informacje z tej witryny internetowej za po\u015brednictwem tych serwis\u00f3w, powinien zapozna\u0107 si\u0119 z polityk\u0105 prywatno\u015bci danego serwisu. Je\u017celi u\u017cytkownik jest zarejestrowany na portalu spo\u0142eczno\u015bciowym, interfejsy mog\u0105 pozwoli\u0107 portalowi spo\u0142eczno\u015bciowemu na po\u0142\u0105czenie jego wizyt w tej witrynie z innymi danymi osobowymi.<\/p>\n\n<p><strong>Prywatno\u015b\u0107 dzieci i zgoda cyfrowa<\/strong><\/p>\n\n<p>Witryna nie jest skierowana do os\u00f3b poni\u017cej trzynastego (13) roku \u017cycia i \u015bwiadomie nie zbieramy danych osobowych od os\u00f3b poni\u017cej 13 roku \u017cycia. Aby m\u00f3c korzysta\u0107 z naszego centrum zasob\u00f3w dla u\u017cytkownik\u00f3w, nale\u017cy mie\u0107 uko\u0144czone 16 lat.<\/p>\n\n<p><strong>Prawo do bycia zapomnianym, usuwanie danych i okres przechowywania danych<\/strong><\/p>\n\n<p>Je\u017celi na jakimkolwiek etapie korzystania z tej witryny internetowej u\u017cytkownik zechce cofn\u0105\u0107 swoj\u0105 zgod\u0119 i usun\u0105\u0107 swoje dane osobowe, powinien wys\u0142a\u0107 do nas e-mail na adres privacy@aerohealthcare.us.com. Firma Aero Healthcare USA w rozs\u0105dnym terminie usunie wszystkie pierwotne przypadki przechowywania przez Aero Healthcare danych osobowych u\u017cytkownika. Je\u015bli u\u017cytkownik zechce skorzysta\u0107 z innych praw przys\u0142uguj\u0105cych mu na mocy RODO, w tym z prawa do dost\u0119pu do naszych rejestr\u00f3w danych osobowych, do sprostowania danych osobowych, do przeniesienia ich do innej us\u0142ugi lub skorzystania z prawa do \u017c\u0105dania ograniczenia lub sprzeciwu wobec przetwarzania jego danych, powinien skontaktowa\u0107 si\u0119 z nami pod adresem privacy@aerohealthcare.us.com. Do\u0142o\u017cymy stara\u0144, aby samodzielnie rozwi\u0105za\u0107 wszelkie wnioski, ale w przypadku, gdy nie b\u0119dziemy w stanie tego zrobi\u0107, u\u017cytkownik ma prawo z\u0142o\u017cy\u0107 skarg\u0119 do w\u0142a\u015bciwego organu nadzorczego odpowiedzialnego za przestrzeganie RODO.<\/p>\n\n<p>Firma Aero Healthcare USA b\u0119dzie przechowywa\u0107 dane osobowe u\u017cytkownika tak d\u0142ugo, jak d\u0142ugo b\u0119dziemy utrzymywa\u0107 z nim sta\u0142\u0105 relacj\u0119, oraz tak d\u0142ugo, jak b\u0119dzie to potrzebne lub dozwolone do cel\u00f3w, dla kt\u00f3rych dane te zosta\u0142y uzyskane, zgodnie z niniejsz\u0105 polityk\u0105 prywatno\u015bci. Obejmuje to zapewnienie dost\u0119pu do witryny, utrzymanie informacji o koncie oraz \u015bwiadczenie us\u0142ug na rzecz u\u017cytkownika. Mo\u017cemy r\u00f3wnie\u017c nadal przechowywa\u0107 dane osobowe u\u017cytkownika zgodnie z wymogami prawa.<\/p>\n\n<p><strong>Zmiany w niniejszej polityce prywatno\u015bci<\/strong><\/p>\n\n<p>Firma Aero Healthcare USA zastrzega sobie prawo do wprowadzania zmian w niniejszej polityce prywatno\u015bci w dowolnym momencie. Je\u015bli u\u017cytkownik ma zastrze\u017cenia do polityki prywatno\u015bci, nie powinien wchodzi\u0107 do witryny ani z niej korzysta\u0107.<\/p>\n\n<p><strong>Kontakt<\/strong><\/p>\n\n<p>Firma Aero Healthcare USA ch\u0119tnie zapozna si\u0119 z uwagami dotycz\u0105cymi niniejszej polityki prywatno\u015bci. Ewentualne pytania dotycz\u0105ce niniejszej polityki prywatno\u015bci i ch\u0119\u0107 uzyskania dalszych informacji prosimy kierowa\u0107 do nas w dowolny spos\u00f3b podany w zak\u0142adce Kontakt w godzinach pracy od poniedzia\u0142ku do pi\u0105tku.<\/p>\n","protected":false},"excerpt":{"rendered":"<p>Aktualizacja: 26.06.2018 r. Witamy w naszej witrynie internetowej. Niniejsza witryna internetowa pod adresem URL pl.rapid-stop.com i us.pl.rapid-stop.com jest w\u0142asno\u015bci\u0105 firmy Aero Healthcare US LLC (ACN 614 308 146) i jest przez ni\u0105 obs\u0142ugiwana. Niniejszy dokument okre\u015bla polityk\u0119 prywatno\u015bci dla witryny internetowej Aero Healthcare USA, pl.rapid-stop.com i us.pl.rapid-stop.com Firma Aero Healthcare US LLC dok\u0142ada wszelkich stara\u0144,&hellip;<\/p>\n","protected":false},"author":1,"featured_media":0,"parent":0,"menu_order":0,"comment_status":"closed","ping_status":"closed","template":"","meta":{"content-type":"","_mi_skip_tracking":false},"_links":{"self":[{"href":"https:\/\/rapid-stop.com\/pl\/wp-json\/wp\/v2\/pages\/3540"}],"collection":[{"href":"https:\/\/rapid-stop.com\/pl\/wp-json\/wp\/v2\/pages"}],"about":[{"href":"https:\/\/rapid-stop.com\/pl\/wp-json\/wp\/v2\/types\/page"}],"author":[{"embeddable":true,"href":"https:\/\/rapid-stop.com\/pl\/wp-json\/wp\/v2\/users\/1"}],"replies":[{"embeddable":true,"href":"https:\/\/rapid-stop.com\/pl\/wp-json\/wp\/v2\/comments?post=3540"}],"version-history":[{"count":1,"href":"https:\/\/rapid-stop.com\/pl\/wp-json\/wp\/v2\/pages\/3540\/revisions"}],"predecessor-version":[{"id":3542,"href":"https:\/\/rapid-stop.com\/pl\/wp-json\/wp\/v2\/pages\/3540\/revisions\/3542"}],"wp:attachment":[{"href":"https:\/\/rapid-stop.com\/pl\/wp-json\/wp\/v2\/media?parent=3540"}],"curies":[{"name":"wp","href":"https:\/\/api.w.org\/{rel}","templated":true}]}}