{"id":3536,"date":"2022-06-24T01:45:36","date_gmt":"2022-06-24T01:45:36","guid":{"rendered":"https:\/\/pl.rapid-stop.com\/warunki-i-postanowienia\/"},"modified":"2022-06-24T01:45:36","modified_gmt":"2022-06-24T01:45:36","slug":"warunki-i-postanowienia","status":"publish","type":"page","link":"https:\/\/rapid-stop.com\/pl\/warunki-i-postanowienia\/","title":{"rendered":"Warunki i postanowienia"},"content":{"rendered":"\n<p>Aero Healthcare AU Pty Ltd<\/p>\n\n<p>WARUNKI KORZYSTANIA Z WITRYNY Aero Healthcare US LLC<\/p>\n\n<p>Witamy w naszej witrynie internetowej.<\/p>\n\n<p>Niniejsza witryna internetowa pod adresem URL pl.rapid-stop.com i us.pl.rapid-stop.com jest w\u0142asno\u015bci\u0105 firmy Aero Healthcare AU Pty Ltd ACN 614 308 146 i jest przez ni\u0105 obs\u0142ugiwana. W przypadku dalszego korzystania z tej witryny internetowej u\u017cytkownik wyra\u017ca zgod\u0119 na przestrzeganie i stosowanie si\u0119 do nast\u0119puj\u0105cych warunk\u00f3w u\u017cytkowania (\u201eWarunki u\u017cytkowania\u201d), kt\u00f3re wraz z nasz\u0105 polityk\u0105 prywatno\u015bci reguluj\u0105 stosunki firmy Aero Healthcare AU z u\u017cytkownikiem w zwi\u0105zku z t\u0105 witryn\u0105 internetow\u0105. W przypadku braku zgody na kt\u00f3rekolwiek z tych warunk\u00f3w, prosimy nie korzysta\u0107 z naszej witryny internetowej. Przed uzyskaniem dost\u0119pu do niniejszej witryny internetowej lub korzystaniem z niej prosimy o uwa\u017cne przeczytanie i zapoznanie si\u0119 z niniejszymi warunkami u\u017cytkowania. Uzyskuj\u0105c dost\u0119p do tej witryny internetowej lub korzystaj\u0105c z niej, u\u017cytkownik potwierdza, \u017ce przeczyta\u0142 i zrozumia\u0142 warunki u\u017cytkowania oraz zgadza si\u0119 z nimi. Je\u015bli u\u017cytkownik nie zgadza si\u0119 z warunkami u\u017cytkowania, nie mo\u017ce uzyska\u0107 dost\u0119pu do witryny internetowej ani z niej korzysta\u0107.<\/p>\n\n<p>Termin \u201eAero Healthcare US LLC\u201d lub \u201emy\u201d, \u201enasz\u201d albo \u201enas\u201d odnosi si\u0119 do Aero Healthcare US LLC, w\u0142a\u015bciciela witryny internetowej, kt\u00f3rego siedziba znajduje si\u0119 w Suite 6, 616 Corporate Way, Valley Cottage, NY, 10989. Termin \u201ety\u201d lub \u201etw\u00f3j\u201d odnosi si\u0119 do u\u017cytkownika witryny internetowej.<\/p>\n\n<p>Korzystanie z tej witryny internetowej podlega nast\u0119puj\u0105cym warunkom i zasadom:<\/p>\n\n<ol><li>Zawarto\u015b\u0107 tej witryny internetowej jest przeznaczona wy\u0142\u0105cznie do og\u00f3lnej informacji i u\u017cytku. Podlega ona zmianom bez wcze\u015bniejszego powiadomienia.<\/li><li>Ta witryna wykorzystuje pliki cookie do monitorowania preferencji przegl\u0105dania. Je\u017celi u\u017cytkownik zezwoli na stosowanie plik\u00f3w cookie, nast\u0119puj\u0105ce dane osobowe mog\u0105 by\u0107 przez nas przechowywane w celu wykorzystania przez strony trzecie: data urodzenia, p\u0142e\u0107, adres. Je\u017celi u\u017cytkownik nie chce, aby pliki cookie by\u0142y zapisywane na jego urz\u0105dzeniu, mo\u017ce je zablokowa\u0107, aktywuj\u0105c odpowiednie ustawienie w przegl\u0105darce, kt\u00f3re zazwyczaj mo\u017cna znale\u017a\u0107 w sekcji \u201ePomoc\u201d. Wi\u0119cej informacji o tym, jak to zrobi\u0107, mo\u017cna znale\u017a\u0107 tutaj: <a href=\"https:\/\/www.allaboutcookies.org\/\">allaboutcookies.org<\/a> lub <a href=\"https:\/\/www.youronlinechoices.eu\/\">www.youronlinechoices.eu<\/a>. Nale\u017cy jednak pami\u0119ta\u0107, \u017ce je\u015bli pliki cookie zostan\u0105 zablokowane w ustawieniach przegl\u0105darki internetowej, u\u017cytkownik mo\u017ce nie by\u0107 w stanie uzyska\u0107 dost\u0119pu do wszystkich lub cz\u0119\u015bci naszej witryny internetowej. Korzystanie z witryny internetowej bez zmiany ustawie\u0144 plik\u00f3w cookie w przegl\u0105darce oznacza zgod\u0119 na wykorzystanie plik\u00f3w cookie zgodnie z niniejszymi warunkami u\u017cytkowania.<\/li><li>Ani my, ani \u017cadne strony trzecie nie daj\u0105 \u017cadnej gwarancji ani r\u0119kojmi co do wydajno\u015bci, dok\u0142adno\u015bci, aktualno\u015bci, kompletno\u015bci lub przydatno\u015bci informacji i materia\u0142\u00f3w znalezionych lub oferowanych w tej witrynie internetowej do jakiegokolwiek konkretnego celu. U\u017cytkownik przyjmuje niniejszym do wiadomo\u015bci, \u017ce takie informacje i materia\u0142y mog\u0105 zawiera\u0107 b\u0142\u0119dy, nie\u015bcis\u0142o\u015bci lub pomy\u0142ki, a my jednoznacznie wykluczamy wszelk\u0105 odpowiedzialno\u015b\u0107 z tego tytu\u0142u w najszerszym zakresie dopuszczalnym przez prawo.<\/li><li>Korzystanie z jakichkolwiek informacji lub materia\u0142\u00f3w w tej witrynie internetowej odbywa si\u0119 wy\u0142\u0105cznie na w\u0142asne ryzyko u\u017cytkownika, za kt\u00f3re nie ponosimy odpowiedzialno\u015bci. To na u\u017cytkowniku spoczywa odpowiedzialno\u015b\u0107 za zapewnienie, \u017ce wszelkie produkty, us\u0142ugi lub informacje dost\u0119pne za po\u015brednictwem tej witryny internetowej spe\u0142niaj\u0105 jego konkretne wymagania.<\/li><li>Niniejsza witryna zawiera materia\u0142y, kt\u00f3re s\u0105 nasz\u0105 w\u0142asno\u015bci\u0105 lub na kt\u00f3re mamy licencj\u0119. Materia\u0142y te obejmuj\u0105 m.in. tre\u015b\u0107, projekt, uk\u0142ad, wygl\u0105d i grafik\u0119 witryny. Wszelkie kopiowanie materia\u0142\u00f3w zamieszczonych w witrynie jest zabronione, chyba \u017ce odbywa si\u0119 zgodnie z informacj\u0105 o prawach autorskich, kt\u00f3ra stanowi cz\u0119\u015b\u0107 niniejszych warunk\u00f3w.<\/li><li>Wszystkie znaki towarowe zamieszczone w niniejszej witrynie internetowej, kt\u00f3re nie s\u0105 nasz\u0105 w\u0142asno\u015bci\u0105 ani na kt\u00f3re nie mamy licencji, zosta\u0142y w niej zaznaczone.<\/li><li>Nieuprawnione korzystanie z niniejszej witryny mo\u017ce stanowi\u0107 przest\u0119pstwo i\/lub by\u0107 podstaw\u0105 do roszcze\u0144 o odszkodowanie.<\/li><li>Niniejsza witryna mo\u017ce r\u00f3wnie\u017c czasami zawiera\u0107 linki do innych witryn, kt\u00f3re nie s\u0105 przez nas kontrolowane. Linki te zosta\u0142y zamieszczone dla wygody u\u017cytkownika przez Aero Healthcare AU Pty Ltd, aby zapewni\u0107 mu dost\u0119p do dalszych informacji. U\u017cytkownik przyjmuje do wiadomo\u015bci, \u017ce korzysta z nich na w\u0142asne ryzyko. Zamieszczenie tych link\u00f3w nie oznacza, \u017ce rekomendujemy lub popieramy te strony. Nie mamy \u017cadnej kontroli nad charakterem, zawarto\u015bci\u0105 i dost\u0119pno\u015bci\u0105 tych witryn.<\/li><li>Korzystanie z niniejszej witryny internetowej oraz wszelkie spory wynikaj\u0105ce z korzystania z niej podlegaj\u0105 prawu Nowej Po\u0142udniowej Walii.<\/li><li>U\u017cytkownik mo\u017ce korzysta\u0107 z witryny wy\u0142\u0105cznie do cel\u00f3w zgodnych z prawem oraz w spos\u00f3b zgodny z charakterem i przeznaczeniem witryny.<\/li><li>Niniejsze warunki nie odnosz\u0105 si\u0119 do korzystania przez u\u017cytkownika z jakichkolwiek produkt\u00f3w lub us\u0142ug opisanych w naszej witrynie internetowej, chyba \u017ce uzgodniono inaczej. U\u017cytkownik musi zapozna\u0107 si\u0119 z indywidualn\u0105 gwarancj\u0105 dotycz\u0105c\u0105 danego produktu lub us\u0142ugi.<\/li><li>Niniejsze warunki mog\u0105 od czasu do czasu ulega\u0107 zmianom. Dalsze korzystanie z naszej witryny po wprowadzeniu takich zmian b\u0119dzie traktowane jako potwierdzenie akceptacji tych zmian.<\/li><li>U\u017cytkownik zwalnia nas z odpowiedzialno\u015bci z tytu\u0142u wszelkich roszcze\u0144, pozw\u00f3w, \u017c\u0105da\u0144, dzia\u0142a\u0144, zobowi\u0105za\u0144, koszt\u00f3w i wydatk\u00f3w (w tym koszt\u00f3w i wydatk\u00f3w prawnych na zasadzie pe\u0142nej rekompensaty) wynikaj\u0105cych z korzystania przez u\u017cytkownika z witryny.<\/li><li>W \u017cadnym wypadku nie ponosimy odpowiedzialno\u015bci za jakiekolwiek straty, szkody, koszty lub wydatki, w tym koszty i wydatki prawne (zar\u00f3wno bezpo\u015brednie, jak i po\u015brednie) poniesione przez u\u017cytkownika w zwi\u0105zku z korzystaniem z niniejszej witryny.<\/li><li>Dok\u0142adamy wszelkich stara\u0144, aby witryna dzia\u0142a\u0142a sprawnie i bez zak\u0142\u00f3ce\u0144. Jednak nie ponosimy odpowiedzialno\u015bci za czasow\u0105 niedost\u0119pno\u015b\u0107 witryny ze wzgl\u0119du na problemy techniczne pozostaj\u0105ce poza nasz\u0105 kontrol\u0105.<\/li><\/ol>","protected":false},"excerpt":{"rendered":"<p>Aero Healthcare AU Pty Ltd WARUNKI KORZYSTANIA Z WITRYNY Aero Healthcare US LLC Witamy w naszej witrynie internetowej. Niniejsza witryna internetowa pod adresem URL pl.rapid-stop.com i us.pl.rapid-stop.com jest w\u0142asno\u015bci\u0105 firmy Aero Healthcare AU Pty Ltd ACN 614 308 146 i jest przez ni\u0105 obs\u0142ugiwana. W przypadku dalszego korzystania z tej witryny internetowej u\u017cytkownik wyra\u017ca zgod\u0119&hellip;<\/p>\n","protected":false},"author":1,"featured_media":0,"parent":0,"menu_order":0,"comment_status":"closed","ping_status":"closed","template":"","meta":{"content-type":"","_mi_skip_tracking":false},"_links":{"self":[{"href":"https:\/\/rapid-stop.com\/pl\/wp-json\/wp\/v2\/pages\/3536"}],"collection":[{"href":"https:\/\/rapid-stop.com\/pl\/wp-json\/wp\/v2\/pages"}],"about":[{"href":"https:\/\/rapid-stop.com\/pl\/wp-json\/wp\/v2\/types\/page"}],"author":[{"embeddable":true,"href":"https:\/\/rapid-stop.com\/pl\/wp-json\/wp\/v2\/users\/1"}],"replies":[{"embeddable":true,"href":"https:\/\/rapid-stop.com\/pl\/wp-json\/wp\/v2\/comments?post=3536"}],"version-history":[{"count":1,"href":"https:\/\/rapid-stop.com\/pl\/wp-json\/wp\/v2\/pages\/3536\/revisions"}],"predecessor-version":[{"id":3538,"href":"https:\/\/rapid-stop.com\/pl\/wp-json\/wp\/v2\/pages\/3536\/revisions\/3538"}],"wp:attachment":[{"href":"https:\/\/rapid-stop.com\/pl\/wp-json\/wp\/v2\/media?parent=3536"}],"curies":[{"name":"wp","href":"https:\/\/api.w.org\/{rel}","templated":true}]}}