{"id":3530,"date":"2022-06-24T01:45:34","date_gmt":"2022-06-24T01:45:34","guid":{"rendered":"https:\/\/pl.rapid-stop.com\/zestaw-do-tamowania-krwotokow-sredni\/"},"modified":"2022-12-14T21:31:16","modified_gmt":"2022-12-14T21:31:16","slug":"zestaw-do-tamowania-krwotokow-sredni","status":"publish","type":"page","link":"https:\/\/rapid-stop.com\/pl\/zestaw-do-tamowania-krwotokow-sredni\/","title":{"rendered":"Zestaw do tamowania krwotok\u00f3w \u2013 \u015bredni"},"content":{"rendered":"<p>[vc_row bg_type=&#8221;image&#8221; el_class=&#8221;bk1-white&#8221; css=&#8221;.vc_custom_1634616579689{margin-top: 50px !important;padding-top: 50px !important;}&#8221;][vc_column width=&#8221;3\/4&#8243;]<div id=\"ultimate-heading-244369dedf07140ee\" class=\"uvc-heading ult-adjust-bottom-margin ultimate-heading-244369dedf07140ee uvc-17 bk1-white uvc-heading-default-font-sizes\" data-hspacer=\"no_spacer\"  data-halign=\"left\" style=\"text-align:left\"><div class=\"uvc-heading-spacer no_spacer\" style=\"top\"><\/div><div class=\"uvc-main-heading ult-responsive\"  data-ultimate-target='.uvc-heading.ultimate-heading-244369dedf07140ee h2'  data-responsive-json-new='{\"font-size\":\"\",\"line-height\":\"\"}' ><h2 style=\"--font-weight:theme;color:#ffffff;\">\u015arednie zestawy do tamowania krwotok\u00f3w RAPIDSTOP<\/h2><\/div><div class=\"uvc-sub-heading ult-responsive\"  data-ultimate-target='.uvc-heading.ultimate-heading-244369dedf07140ee .uvc-sub-heading '  data-responsive-json-new='{\"font-size\":\"\",\"line-height\":\"\"}'  style=\"font-weight:normal;color:#ffffff;\"><\/p>\n<h3>Zestaw do tamowania krwotok\u00f3w RapidStop zawiera wszystko, co jest potrzebne do ratowania \u017cycia \u2013 SZYBKO.<\/h3>\n<p><\/div><\/div>[vc_column_text css_animation=&#8221;none&#8221; el_class=&#8221;bk1-white&#8221;]Zestawy do tamowania krwotok\u00f3w RapidStop s\u0105 przeznaczone do szybkiego i skutecznego opanowywania masowych krwotok\u00f3w. Ten zestaw opatrunk\u00f3w hemostatycznych, zawieraj\u0105cy popularn\u0105 opask\u0119 uciskow\u0105 RapidStop, oferuje wytrzyma\u0142o\u015b\u0107 klasy wojskowej, mo\u017cliwo\u015b\u0107 stosowania u poszkodowanych w ka\u017cdym wieku, mo\u017cliwo\u015b\u0107 zak\u0142adania jedn\u0105 r\u0119k\u0105 oraz najkr\u00f3tszy \u015bredni czas zamkni\u0119cia \u015bwiat\u0142a naczynia. Uzyskanie pe\u0142nego zamkni\u0119cia \u015bwiat\u0142a naczynia w jak najkr\u00f3tszym czasie ma decyduj\u0105ce znaczenie. Zestaw ten zosta\u0142 opracowany z my\u015bl\u0105 o zapewnieniu wydajnych i skutecznych metod opatrywania.<\/p>\n<p>Zestawy do tamowania krwotok\u00f3w maj\u0105 niewielkie rozmiary i s\u0105 skuteczne w ka\u017cdych warunkach, zar\u00f3wno w wojsku, jak i ratownictwie medycznym czy cywilnym.[\/vc_column_text][\/vc_column][vc_column width=&#8221;1\/4&#8243;][vc_single_image image=&#8221;3508&#8243; img_size=&#8221;medium&#8221; el_class=&#8221;white-shadow&#8221;]<style type=\"text\/css\" data-type=\"the7_shortcodes-inline-css\">#default-btn-293cbc8f2a37e41bf6ed3a1a541a889c.ico-right-side > i {\n  margin-right: 0px;\n  margin-left: 8px;\n}\n#default-btn-293cbc8f2a37e41bf6ed3a1a541a889c > i {\n  margin-right: 8px;\n}\n<\/style><div class=\"btn-align-center\"><a href=\"#\" class=\"default-btn-shortcode dt-btn dt-btn-l link-hover-off bk1-btn \" id=\"default-btn-293cbc8f2a37e41bf6ed3a1a541a889c\"><span>Dowiedz si\u0119 wi\u0119cej<\/span><\/a><\/div>[\/vc_column][\/vc_row][vc_row bg_type=&#8221;image&#8221; el_class=&#8221;bk1-white&#8221; css=&#8221;.vc_custom_1634616605839{padding-top: 50px !important;padding-bottom: 50px !important;}&#8221;][vc_column][vc_single_image image=&#8221;3518&#8243; img_size=&#8221;full&#8221; alignment=&#8221;center&#8221; el_class=&#8221;white-shadow&#8221;][\/vc_column][\/vc_row][vc_row bg_type=&#8221;image&#8221; el_class=&#8221;bk1-white&#8221; css=&#8221;.vc_custom_1634529649436{padding-bottom: 25px !important;}&#8221;][vc_column width=&#8221;1\/2&#8243;]<div id=\"ultimate-heading-372069dedf0714299\" class=\"uvc-heading ult-adjust-bottom-margin ultimate-heading-372069dedf0714299 uvc-2118 bk1-white uvc-heading-default-font-sizes\" data-hspacer=\"no_spacer\"  data-halign=\"left\" style=\"text-align:left\"><div class=\"uvc-heading-spacer no_spacer\" style=\"top\"><\/div><div class=\"uvc-main-heading ult-responsive\"  data-ultimate-target='.uvc-heading.ultimate-heading-372069dedf0714299 h4'  data-responsive-json-new='{\"font-size\":\"\",\"line-height\":\"\"}' ><h4 style=\"--font-weight:theme;color:#ffffff;\">RSK410 \u2013 \u015aredni zestaw do tamowania krwotok\u00f3w RAPIDSTOP \u2013 taktyczny<\/h4><\/div><\/div>[vc_single_image image=&#8221;3516&#8243; img_size=&#8221;large&#8221; alignment=&#8221;center&#8221; style=&#8221;vc_box_shadow&#8221; css_animation=&#8221;none&#8221; el_class=&#8221;white-shadow&#8221;][vc_column_text css_animation=&#8221;none&#8221; el_class=&#8221;small&#8221;]<\/p>\n<h4>ZAWARTO\u015a\u0106 ZESTAWU:<\/h4>\n<table class=\"t1\" cellspacing=\"0\" cellpadding=\"0\">\n<tbody>\n<tr>\n<td class=\"td1\" valign=\"top\">\n<p class=\"p1\"><strong>OPIS<\/strong><\/p>\n<\/td>\n<td class=\"td1\" valign=\"top\">\n<p class=\"p1\"><strong>ILO\u015a\u0106<\/strong><\/p>\n<\/td>\n<\/tr>\n<tr>\n<td>Opaska uciskowa RAPIDSTOP Orange<\/td>\n<td class=\"td1\" valign=\"top\">\n<p class=\"p1\">1<\/p>\n<\/td>\n<\/tr>\n<tr>\n<td>Banda\u017c do opatrywania uraz\u00f3w i tamowania krwotok\u00f3w u cywil\u00f3w FIRSTCARE <em>10 cm x 17 cm <\/em><\/td>\n<td class=\"td1\" valign=\"top\">\n<p class=\"p1\">1<\/p>\n<\/td>\n<\/tr>\n<tr>\n<td>Zestaw wentylowanych opatrunk\u00f3w do ran klatki piersiowej HYFIN \/2<\/td>\n<td class=\"td1\" valign=\"top\">\n<p class=\"p1\">1<\/p>\n<\/td>\n<\/tr>\n<tr>\n<td>No\u017cyczki uniwersalne AEROINSTRUMENT 19 cm<\/td>\n<td class=\"td1\" valign=\"top\">\n<p class=\"p1\">1<\/p>\n<\/td>\n<\/tr>\n<tr>\n<td>Bezpudrowe r\u0119kawiczki nitrylowe AEROGLOVE, du\u017ce \/para<\/td>\n<td class=\"td1\" valign=\"top\">\n<p class=\"p1\">2<\/p>\n<\/td>\n<\/tr>\n<tr>\n<td>Koc termiczny AERORESCUE 140 cm x 210 cm<\/td>\n<td class=\"td1\" valign=\"top\">\n<p class=\"p1\">1<\/p>\n<\/td>\n<\/tr>\n<tr>\n<td>Jednorazowa maseczka AEROSHIELD<\/td>\n<td class=\"td1\" valign=\"top\">\n<p class=\"p1\">1<\/p>\n<\/td>\n<\/tr>\n<tr>\n<td>Marker AEROSUPPLIES<\/td>\n<td class=\"td1\" valign=\"top\">\n<p class=\"p1\">1<\/p>\n<\/td>\n<\/tr>\n<tr>\n<td>Torebka 5.11 UCR IFAK, \u015brednia<\/td>\n<td class=\"td1\" valign=\"top\">\n<p class=\"p1\">1<\/p>\n<\/td>\n<\/tr>\n<\/tbody>\n<\/table>\n<p>Wymiary: 20 x 13 x 10 cm[\/vc_column_text]<style type=\"text\/css\" data-type=\"the7_shortcodes-inline-css\">#default-btn-d6eb1de31f608ae1b18ba45d9f2542a1.ico-right-side > i {\n  margin-right: 0px;\n  margin-left: 8px;\n}\n#default-btn-d6eb1de31f608ae1b18ba45d9f2542a1 > i {\n  margin-right: 8px;\n}\n<\/style><a href=\"mailto:sales@aerohealthcare.com?subject=RapidStop%20Med-Tactical%20Bleeding%20Control%20Kit%20Pricing&amp;body=Hi%20Aero%20Healthcare%2C%20%0D%0A%0D%0APlease%20send%20me%20pricing%20for%20the%20RapidStop%20Bleeding%20Control%20Kit.%0D%0A%0D%0AThanks%2C\" class=\"default-btn-shortcode dt-btn dt-btn-l link-hover-off bk1-btn btn-inline-left \" id=\"default-btn-d6eb1de31f608ae1b18ba45d9f2542a1\"><span>Zadaj pytanie<\/span><\/a>[\/vc_column][vc_column width=&#8221;1\/2&#8243;]<div id=\"ultimate-heading-590469dedf0714386\" class=\"uvc-heading ult-adjust-bottom-margin ultimate-heading-590469dedf0714386 uvc-3767 bk1-white uvc-heading-default-font-sizes\" data-hspacer=\"no_spacer\"  data-halign=\"left\" style=\"text-align:left\"><div class=\"uvc-heading-spacer no_spacer\" style=\"top\"><\/div><div class=\"uvc-main-heading ult-responsive\"  data-ultimate-target='.uvc-heading.ultimate-heading-590469dedf0714386 h4'  data-responsive-json-new='{\"font-size\":\"\",\"line-height\":\"\"}' ><h4 style=\"--font-weight:theme;color:#ffffff;\">RSK411 \u2013 \u015aredni zestaw do tamowania krwotok\u00f3w RAPIDSTOP \u2013 pakiet<\/h4><\/div><\/div>[vc_single_image image=&#8221;3508&#8243; img_size=&#8221;large&#8221; alignment=&#8221;center&#8221; style=&#8221;vc_box_shadow&#8221; css_animation=&#8221;none&#8221; el_class=&#8221;white-shadow&#8221;][vc_column_text el_class=&#8221;small&#8221;]<\/p>\n<h4>ZAWARTO\u015a\u0106 ZESTAWU:<\/h4>\n<table class=\"t1\" cellspacing=\"0\" cellpadding=\"0\">\n<tbody>\n<tr>\n<td class=\"td1\" valign=\"top\">\n<p class=\"p1\"><strong>OPIS<\/strong><\/p>\n<\/td>\n<td class=\"td1\" valign=\"top\">\n<p class=\"p1\"><strong>ILO\u015a\u0106<\/strong><\/p>\n<\/td>\n<\/tr>\n<tr>\n<td>Opaska uciskowa RAPIDSTOP Orange<\/td>\n<td class=\"td1\" valign=\"top\">\n<p class=\"p1\">1<\/p>\n<\/td>\n<\/tr>\n<tr>\n<td>Banda\u017c do opatrywania uraz\u00f3w i tamowania krwotok\u00f3w u cywil\u00f3w FIRSTCARE <em>10 cm x 7 cm <\/em><\/td>\n<td class=\"td1\" valign=\"top\">1<\/td>\n<\/tr>\n<tr>\n<td>Zestaw wentylowanych opatrunk\u00f3w do ran klatki piersiowej HYFIN \/2<\/td>\n<td class=\"td1\" valign=\"top\">\n<p class=\"p1\">1<\/p>\n<\/td>\n<\/tr>\n<tr>\n<td>No\u017cyczki uniwersalne AEROINSTRUMENT 19 cm<\/td>\n<td class=\"td1\" valign=\"top\">\n<p class=\"p1\">1<\/p>\n<\/td>\n<\/tr>\n<tr>\n<td>Bezpudrowe r\u0119kawiczki nitrylowe AEROGLOVE, du\u017ce \/para<\/td>\n<td class=\"td1\" valign=\"top\">\n<p class=\"p1\">2<\/p>\n<\/td>\n<\/tr>\n<tr>\n<td>Koc termiczny AERORESCUE 140 cm x 210 cm<\/td>\n<td class=\"td1\" valign=\"top\">\n<p class=\"p1\">1<\/p>\n<\/td>\n<\/tr>\n<tr>\n<td>Jednorazowa maseczka AEROSHIELD<\/td>\n<td class=\"td1\" valign=\"top\">\n<p class=\"p1\">1<\/p>\n<\/td>\n<\/tr>\n<tr>\n<td>Marker AEROSUPPLIES<\/td>\n<td class=\"td1\" valign=\"top\">\n<p class=\"p1\">1<\/p>\n<\/td>\n<\/tr>\n<\/tbody>\n<\/table>\n<p>Wymiary: 26 x 19 x 8 cm[\/vc_column_text]<style type=\"text\/css\" data-type=\"the7_shortcodes-inline-css\">#default-btn-9f64f705713e234921b7655c976fcd75.ico-right-side > i {\n  margin-right: 0px;\n  margin-left: 8px;\n}\n#default-btn-9f64f705713e234921b7655c976fcd75 > i {\n  margin-right: 8px;\n}\n<\/style><a href=\"mailto:sales@aerohealthcare.com?subject=RapidStop%20Med-Pack%20Bleeding%20Control%20Kit%20Pricing&amp;body=Hi%20Aero%20Healthcare%2C%20%0D%0A%0D%0APlease%20send%20me%20pricing%20for%20the%20RapidStop%20Bleeding%20Control%20Kit.%0D%0A%0D%0AThanks%2C\" class=\"default-btn-shortcode dt-btn dt-btn-l link-hover-off bk1-btn btn-inline-left \" id=\"default-btn-9f64f705713e234921b7655c976fcd75\"><span>Zadaj pytanie<\/span><\/a>[\/vc_column][\/vc_row][vc_row bg_type=&#8221;bg_color&#8221; bg_override=&#8221;ex-full&#8221; css=&#8221;.vc_custom_1634527917377{padding-top: 25px !important;padding-bottom: 25px !important;}&#8221; bg_color_value=&#8221;#ed1c24&#8243;][vc_column width=&#8221;1\/2&#8243;]<div id=\"ultimate-heading-493669dedf0714478\" class=\"uvc-heading ult-adjust-bottom-margin ultimate-heading-493669dedf0714478 uvc-7526 \" data-hspacer=\"no_spacer\"  data-halign=\"left\" style=\"text-align:left\"><div class=\"uvc-heading-spacer no_spacer\" style=\"top\"><\/div><div class=\"uvc-main-heading ult-responsive\"  data-ultimate-target='.uvc-heading.ultimate-heading-493669dedf0714478 h2'  data-responsive-json-new='{\"font-size\":\"desktop:57px;\",\"line-height\":\"\"}' ><h2 style=\"--font-weight:theme;color:#ffffff;margin-top:30px;margin-bottom:10px;\">PYTANIA?<\/h2><\/div><div class=\"uvc-sub-heading ult-responsive\"  data-ultimate-target='.uvc-heading.ultimate-heading-493669dedf0714478 .uvc-sub-heading '  data-responsive-json-new='{\"font-size\":\"desktop:28px;\",\"line-height\":\"\"}'  style=\"font-weight:normal;color:#ffffff;margin-bottom:10px;\"><\/p>\n<p style=\"text-align: justify;\">sales@aerohealthcare.com<\/p>\n<p>1800 628 881<\/div><\/div>[vc_single_image image=&#8221;3453&#8243; img_size=&#8221;210&#215;82&#8243; onclick=&#8221;custom_link&#8221; img_link_target=&#8221;_blank&#8221; link=&#8221;https:%2F%2Faerohealthcare.com%2F|&#8221;][\/vc_column][vc_column width=&#8221;1\/2&#8243;]<div role=\"form\" class=\"wpcf7\" id=\"wpcf7-f3527-o1\" lang=\"pl-PL\" dir=\"ltr\">\n<div class=\"screen-reader-response\"><p role=\"status\" aria-live=\"polite\" aria-atomic=\"true\"><\/p> <ul><\/ul><\/div>\n<form action=\"\/pl\/wp-json\/wp\/v2\/pages\/3530#wpcf7-f3527-o1\" method=\"post\" class=\"wpcf7-form init cf7mls-no-scroll cf7mls-no-moving-animation\" novalidate=\"novalidate\" data-status=\"init\">\n<div style=\"display: none;\">\n<input type=\"hidden\" name=\"_wpcf7\" value=\"3527\" \/>\n<input type=\"hidden\" name=\"_wpcf7_version\" value=\"5.5.6.1\" \/>\n<input type=\"hidden\" name=\"_wpcf7_locale\" value=\"pl_PL\" \/>\n<input type=\"hidden\" name=\"_wpcf7_unit_tag\" value=\"wpcf7-f3527-o1\" \/>\n<input type=\"hidden\" name=\"_wpcf7_container_post\" value=\"0\" \/>\n<input type=\"hidden\" name=\"_wpcf7_posted_data_hash\" value=\"\" \/>\n<\/div>\n<p><label>BRAN\u017bA<br \/>\n<span class=\"wpcf7-form-control-wrap menu-458\"><select name=\"menu-458\" class=\"wpcf7-form-control wpcf7-select\" aria-invalid=\"false\"><option value=\"Wojsko\">Wojsko<\/option><option value=\"S\u0142u\u017cby ratunkowe\">S\u0142u\u017cby ratunkowe<\/option><option value=\"Sektory wysokiego ryzyka\">Sektory wysokiego ryzyka<\/option><option value=\"Sporty ekstremalne\">Sporty ekstremalne<\/option><\/select><\/span><\/label><br \/>\n<label>IMI\u0118 I NAZWISKO<br \/>\n<span class=\"wpcf7-form-control-wrap your-name\"><input type=\"text\" name=\"your-name\" value=\"\" size=\"40\" class=\"wpcf7-form-control wpcf7-text wpcf7-validates-as-required\" aria-required=\"true\" aria-invalid=\"false\" \/><\/span> <\/label><br \/>\n<label>TELEFON <span class=\"wpcf7-form-control-wrap tel-756\"><input type=\"tel\" name=\"tel-756\" value=\"\" size=\"40\" class=\"wpcf7-form-control wpcf7-text wpcf7-tel wpcf7-validates-as-required wpcf7-validates-as-tel\" aria-required=\"true\" aria-invalid=\"false\" \/><\/span><\/label><br \/>\n<label>MIASTO <span class=\"wpcf7-form-control-wrap your-city\"><input type=\"text\" name=\"your-city\" value=\"\" size=\"40\" class=\"wpcf7-form-control wpcf7-text wpcf7-validates-as-required\" aria-required=\"true\" aria-invalid=\"false\" \/><\/span><\/label><\/p>\n<p><label>E-MAIL<br \/>\n<span class=\"wpcf7-form-control-wrap your-email\"><input type=\"email\" name=\"your-email\" value=\"\" size=\"40\" class=\"wpcf7-form-control wpcf7-text wpcf7-email wpcf7-validates-as-required wpcf7-validates-as-email\" aria-required=\"true\" aria-invalid=\"false\" \/><\/span> <\/label><br \/>\n<label>UWAGI<br \/>\n<span class=\"wpcf7-form-control-wrap your-message\"><textarea name=\"your-message\" cols=\"40\" rows=\"10\" class=\"wpcf7-form-control wpcf7-textarea\" aria-invalid=\"false\"><\/textarea><\/span> <\/label><\/p>\n<p><input type=\"submit\" value=\"Wy\u015blij\" class=\"wpcf7-form-control has-spinner wpcf7-submit\" \/><\/p>\n<div class=\"inv-recaptcha-holder\"><\/div><div class=\"wpcf7-response-output\" aria-hidden=\"true\"><\/div><\/form><\/div>[\/vc_column][\/vc_row][vc_row][vc_column][\/vc_column][\/vc_row]<\/p>\n","protected":false},"excerpt":{"rendered":"<p>[vc_row bg_type=&#8221;image&#8221; el_class=&#8221;bk1-white&#8221; css=&#8221;.vc_custom_1634616579689{margin-top: 50px !important;padding-top: 50px !important;}&#8221;][vc_column width=&#8221;3\/4&#8243;][vc_column_text css_animation=&#8221;none&#8221; el_class=&#8221;bk1-white&#8221;]Zestawy do tamowania krwotok\u00f3w RapidStop s\u0105 przeznaczone do szybkiego i skutecznego opanowywania masowych krwotok\u00f3w. Ten zestaw opatrunk\u00f3w hemostatycznych, zawieraj\u0105cy popularn\u0105 opask\u0119 uciskow\u0105 RapidStop, oferuje wytrzyma\u0142o\u015b\u0107 klasy wojskowej, mo\u017cliwo\u015b\u0107 stosowania u poszkodowanych w ka\u017cdym wieku, mo\u017cliwo\u015b\u0107 zak\u0142adania jedn\u0105 r\u0119k\u0105 oraz najkr\u00f3tszy \u015bredni czas zamkni\u0119cia \u015bwiat\u0142a naczynia.&hellip;<\/p>\n","protected":false},"author":71,"featured_media":0,"parent":0,"menu_order":0,"comment_status":"closed","ping_status":"closed","template":"","meta":{"content-type":"","_mi_skip_tracking":false},"_links":{"self":[{"href":"https:\/\/rapid-stop.com\/pl\/wp-json\/wp\/v2\/pages\/3530"}],"collection":[{"href":"https:\/\/rapid-stop.com\/pl\/wp-json\/wp\/v2\/pages"}],"about":[{"href":"https:\/\/rapid-stop.com\/pl\/wp-json\/wp\/v2\/types\/page"}],"author":[{"embeddable":true,"href":"https:\/\/rapid-stop.com\/pl\/wp-json\/wp\/v2\/users\/71"}],"replies":[{"embeddable":true,"href":"https:\/\/rapid-stop.com\/pl\/wp-json\/wp\/v2\/comments?post=3530"}],"version-history":[{"count":5,"href":"https:\/\/rapid-stop.com\/pl\/wp-json\/wp\/v2\/pages\/3530\/revisions"}],"predecessor-version":[{"id":3590,"href":"https:\/\/rapid-stop.com\/pl\/wp-json\/wp\/v2\/pages\/3530\/revisions\/3590"}],"wp:attachment":[{"href":"https:\/\/rapid-stop.com\/pl\/wp-json\/wp\/v2\/media?parent=3530"}],"curies":[{"name":"wp","href":"https:\/\/api.w.org\/{rel}","templated":true}]}}