{"id":3526,"date":"2022-06-24T01:44:16","date_gmt":"2022-06-24T01:44:16","guid":{"rendered":"https:\/\/pl.rapid-stop.com\/opaska-uciskowa-rapidstop-ograniczona-gwarancja-na-produkt\/"},"modified":"2022-06-24T01:44:16","modified_gmt":"2022-06-24T01:44:16","slug":"opaska-uciskowa-rapidstop-ograniczona-gwarancja-na-produkt","status":"publish","type":"page","link":"https:\/\/rapid-stop.com\/pl\/opaska-uciskowa-rapidstop-ograniczona-gwarancja-na-produkt\/","title":{"rendered":"Opaska uciskowa RapidStop \u2013 ograniczona gwarancja na produkt"},"content":{"rendered":"\n<p> AERO HEALTHCARE (US), LLC<br\/> OPASKA UCISKOWA RAPID STOP&#x2122; \u2013 OGRANICZONA GWARANCJA NA PRODUKT<br\/> NINIEJSZA OGRANICZONA GWARANCJA DAJE U\u017bYTKOWNIKOWI, JAKO PIERWSZEMU U\u017bYTKOWNIKOWI KO\u0143COWEMU (ZDEFINIOWANEMU PONI\u017bEJ), OKRE\u015aLONE PRAWA. U\u017bYTKOWNIK MO\u017bE MIE\u0106 R\u00d3WNIE\u017b INNE PRAWA, KT\u00d3RE R\u00d3\u017bNI\u0104 SI\u0118 W ZALE\u017bNO\u015aCI OD STANU.<br\/> Z UWZGL\u0118DNIENIEM OGRANICZE\u0143 PRZEDSTAWIONYCH PONI\u017bEJ, FIRMA AERO HEALTHCARE (US), LLC (\u201eAERO\u201d) GWARANTUJE WY\u0141\u0104CZNIE PIERWSZEMU U\u017bYTKOWNIKOWI KO\u0143COWEMU, \u017bE OPASKA UCISKOWA RAPID STOP&#x2122; (\u201ePRODUKT\u201d) B\u0118DZIE MATERIALNIE ZGODNA Z OPUBLIKOWANYMI SPECYFIKACJAMI I B\u0118DZIE WOLNA OD WAD MATERIA\u0141OWYCH I PRODUKCYJNYCH W WARUNKACH NORMALNEGO U\u017bYTKOWANIA PRZEZ OKRES JEDNEGO ROKU OD DATY ZAKUPU. NINIEJSZA OGRANICZONA GWARANCJA PRZYS\u0141UGUJE WY\u0141\u0104CZNIE PIERWSZEMU U\u017bYTKOWNIKOWI KO\u0143COWEMU PRODUKTU. NIE PRZYS\u0141UGUJE ONA \u017bADNEMU KOLEJNEMU W\u0141A\u015aCICIELOWI ANI OSOBIE, NA KT\u00d3REJ RZECZ PRZENIESIONO W\u0141ASNO\u015a\u0106 PRODUKTU. NA POTRZEBY NINIEJSZEJ OGRANICZONEJ GWARANCJI NA PRODUKT, PIERWSZY U\u017bYTKOWNIK KO\u0143COWY OZNACZA PIERWSZEGO NABYWC\u0118, KT\u00d3RY NABY\u0141 PRODUKT OD AERO LUB DYSTRYBUTORA DO U\u017bYTKU WEWN\u0118TRZNEGO PRZEZ NABYWC\u0118 I\/LUB JEGO PODMIOTY STOWARZYSZONE, A NIE W CELU ODSPRZEDA\u017bY, PONOWNEGO WPROWADZENIA DO OBROTU LUB DYSTRYBUCJI.<br\/> TA OGRANICZONA GWARANCJA NIE OBEJMUJE \u017bADNYCH USZKODZE\u0143 LUB WAD SPOWODOWANYCH LUB WYNIKAJ\u0104CYCH Z TRANSPORTU, PRZECHOWYWANIA, NIEW\u0141A\u015aCIWEGO U\u017bYTKOWANIA, NIEPRZESTRZEGANIA INSTRUKCJI PRODUKTU, MODYFIKACJI, NIEAUTORYZOWANYCH NAPRAW, NORMALNEGO ZU\u017bYCIA LUB PRZYCZYN ZEWN\u0118TRZNYCH, TAKICH JAK WYPADKI, NADU\u017bYCIA, NIEW\u0141A\u015aCIWE U\u017bYTKOWANIE, ZMIANY LUB INNE DZIA\u0141ANIA LUB ZDARZENIA POZOSTAJ\u0104CE POZA UZASADNION\u0104 KONTROL\u0104 AERO. TA OGRANICZONA GWARANCJA ZOSTAJE UNIEWA\u017bNIONA, JE\u015aLI PRODUKT: (A) JEST U\u017bYWANY W JAKIKOLWIEK SPOS\u00d3B NIEZGODNY Z PRZEZNACZENIEM LUB KONSTRUKCJ\u0104 PRODUKTU OPISAN\u0104 W OPUBLIKOWANEJ PRZEZ AERO DOKUMENTACJI PRODUKTU; (B) ZOSTA\u0141 W JAKIKOLWIEK SPOS\u00d3B ZMIENIONY; LUB (C) ZOSTA\u0141 NARA\u017bONY NA JAKIEKOLWIEK INNE NIEW\u0141A\u015aCIWE U\u017bYTKOWANIE, NADU\u017bYWANIE, ZANIEDBANIE, WYPADEK LUB DZIA\u0141ANIE SI\u0141 ZEWN\u0118TRZNYCH. PRODUKT JEST ZAPROJEKTOWANY I PRZEZNACZONY WY\u0141\u0104CZNIE DO JEDNORAZOWEGO U\u017bYTKU. TA OGRANICZONA GWARANCJA OBEJMUJE WY\u0141\u0104CZNIE PIERWSZE U\u017bYCIE PRODUKTU, A NIE JAKIEKOLWIEK P\u00d3\u0179NIEJSZE U\u017bYCIE LUB PONOWNE WYKORZYSTANIE.<br\/> Z WYJ\u0104TKIEM OGRANICZONEJ GWARANCJI WYRA\u0179NIE PRZEDSTAWIONEJ W NINIEJSZYM DOKUMENCIE NIE UDZIELAMY \u017bADNYCH INNYCH GWARANCJI, WYRA\u0179NYCH ANI DOROZUMIANYCH, W TYM MI\u0118DZY INNYMI DOROZUMIANYCH GWARANCJI PRZYDATNO\u015aCI HANDLOWEJ I PRZYDATNO\u015aCI DO OKRE\u015aLONEGO ZASTOSOWANIA LUB CELU. NIEKT\u00d3RE STANY NIE ZEZWALAJ\u0104 NA OGRANICZANIE GWARANCJI DOROZUMIANYCH, WI\u0118C TO OGRANICZENIE MO\u017bE NIE MIE\u0106 ZASTOSOWANIA DO PRZYPADKU DANEGO U\u017bYTKOWNIKA.<br\/> NASZA ODPOWIEDZIALNO\u015a\u0106 ZA WADLIWY PRODUKT OGRANICZA SI\u0118 DO JEGO NAPRAWY LUB WYMIANY ALBO ZWROTU PIENI\u0118DZY, WED\u0141UG NASZEGO UZNANIA. OKRES GWARANCJI NIE ULEGA PRZED\u0141U\u017bENIU W PRZYPADKU NAPRAWY LUB WYMIANY PRODUKTU.<br\/> W PRZYPADKU WYST\u0104PIENIA WADY PRODUKTU W OKRESIE GWARANCYJNYM, O KT\u00d3REJ ZOSTANIEMY POWIADOMIENI NA PI\u015aMIE W CI\u0104GU TRZECH (30) DNI OD DATY WYGA\u015aNI\u0118CIA OKRESU GWARANCYJNEGO, WED\u0141UG NASZEGO UZNANIA BEZP\u0141ATNIE NAPRAWIMY LUB WYMIENIMY PRODUKT LUB WADLIW\u0104 CZ\u0118\u015a\u0106 ALBO ZWR\u00d3CIMY PIENI\u0104DZE ZA ZAKUP TAKIEGO PRODUKTU. NINIEJSZA GWARANCJA NIE OBEJMUJE KOSZT\u00d3W WYSY\u0141KI I PRZE\u0141ADUNKU W CELU ZWROTU WADLIWEGO, NAPRAWIONEGO LUB WYMIENIONEGO PRODUKTU. NIE NALE\u017bY ZWRACA\u0106 PRODUKTU BEZ UPRZEDNIEGO UZYSKANIA OD NAS PISEMNEJ ZGODY. ZASTRZEGAMY SOBIE PRAWO DO ODRZUCENIA WSZELKICH ROSZCZE\u0143 GWARANCYJNYCH, O KT\u00d3RYCH NIE OTRZYMALI\u015aMY PISEMNEGO POWIADOMIENIA W CI\u0104GU TRZYDZIESTU (30) DNI OD DATY WYGA\u015aNI\u0118CIA OKRESU GWARANCJI.<br\/> ABY UZYSKA\u0106 SERWIS GWARANCYJNY, NALE\u017bY W TRAKCIE OKRESU GWARANCJI LUB NIE P\u00d3\u0179NIEJ NI\u017b TRZYDZIE\u015aCI (30) DNI PO JEJ WYGA\u015aNI\u0118CIU ZADZWONI\u0106 POD NUMER 1 844 225 2376 LUB WYS\u0141A\u0106 WIADOMO\u015a\u0106 E-MAIL NA ADRES ATsales@aeroheathcare.us.com. W KA\u017bDYM PRZYPADKU NALE\u017bY PODA\u0106 OPIS PRODUKTU I WADY. NALE\u017bY R\u00d3WNIE\u017b PRZEDSTAWI\u0106 PARAGON LUB INNY POR\u00d3WNYWALNY DOW\u00d3D ZAKUPU, NA KT\u00d3RYM WIDNIEJE ORYGINALNA DATA ZAKUPU.<br\/> PRZEDSTAWIONE POWY\u017bEJ \u015aRODKI ODWO\u0141AWCZE S\u0104 JEDYNYMI I WY\u0141\u0104CZNYMI \u015aRODKAMI ODWO\u0141AWCZYMI PRZYS\u0141UGUJ\u0104CYMI U\u017bYTKOWNIKOWI. NASZE \u0141\u0104CZNE ZOBOWI\u0104ZANIA Z TYTU\u0141U NARUSZENIA NINIEJSZEJ OGRANICZONEJ GWARANCJI W \u017bADNYM WYPADKU NIE MOG\u0104 PRZEKROCZY\u0106 RZECZYWISTEJ KWOTY ZAP\u0141ACONEJ PRZEZ U\u017bYTKOWNIKA ZA WADLIWY PRODUKT. PONADTO W \u017bADNYM WYPADKU AERO HEALTHCARE US, LLC ANI JEJ SP\u00d3\u0141KI MACIERZYSTE, ZALE\u017bNE LUB STOWARZYSZONE NIE B\u0118D\u0104 PONOSI\u0106 ODPOWIEDZIALNO\u015aCI ZA JAKIEKOLWIEK SZKODY WYNIKOWE, PRZYPADKOWE, SZCZEG\u00d3LNE LUB KARNE ANI ZA JAKIEKOLWIEK STRATY LUB UTRACONE ZYSKI, ZAR\u00d3WNO BEZPO\u015aREDNIE, JAK I PO\u015aREDNIE, NIEZALE\u017bNIE OD TEGO, CZY FIRMA AERO ZOSTA\u0141A POINFORMOWANA O MO\u017bLIWO\u015aCI WYST\u0104PIENIA TAKICH SZK\u00d3D.<br\/>NIEKT\u00d3RE STANY NIE ZEZWALAJ\u0104 NA WY\u0141\u0104CZENIE LUB OGRANICZENIE ODPOWIEDZIALNO\u015aCI ZA SZKODY PRZYPADKOWE LUB WYNIKOWE, DLATEGO POWY\u017bSZE OGRANICZENIE LUB WY\u0141\u0104CZENIE MO\u017bE NIE DOTYCZY\u0106 DANEGO U\u017bYTKOWNIKA.<\/p>\n","protected":false},"excerpt":{"rendered":"<p>AERO HEALTHCARE (US), LLC OPASKA UCISKOWA RAPID STOP&#x2122; \u2013 OGRANICZONA GWARANCJA NA PRODUKT NINIEJSZA OGRANICZONA GWARANCJA DAJE U\u017bYTKOWNIKOWI, JAKO PIERWSZEMU U\u017bYTKOWNIKOWI KO\u0143COWEMU (ZDEFINIOWANEMU PONI\u017bEJ), OKRE\u015aLONE PRAWA. U\u017bYTKOWNIK MO\u017bE MIE\u0106 R\u00d3WNIE\u017b INNE PRAWA, KT\u00d3RE R\u00d3\u017bNI\u0104 SI\u0118 W ZALE\u017bNO\u015aCI OD STANU. Z UWZGL\u0118DNIENIEM OGRANICZE\u0143 PRZEDSTAWIONYCH PONI\u017bEJ, FIRMA AERO HEALTHCARE (US), LLC (\u201eAERO\u201d) GWARANTUJE WY\u0141\u0104CZNIE PIERWSZEMU U\u017bYTKOWNIKOWI KO\u0143COWEMU,&hellip;<\/p>\n","protected":false},"author":1,"featured_media":0,"parent":0,"menu_order":0,"comment_status":"closed","ping_status":"closed","template":"","meta":{"content-type":"","_mi_skip_tracking":false},"_links":{"self":[{"href":"https:\/\/rapid-stop.com\/pl\/wp-json\/wp\/v2\/pages\/3526"}],"collection":[{"href":"https:\/\/rapid-stop.com\/pl\/wp-json\/wp\/v2\/pages"}],"about":[{"href":"https:\/\/rapid-stop.com\/pl\/wp-json\/wp\/v2\/types\/page"}],"author":[{"embeddable":true,"href":"https:\/\/rapid-stop.com\/pl\/wp-json\/wp\/v2\/users\/1"}],"replies":[{"embeddable":true,"href":"https:\/\/rapid-stop.com\/pl\/wp-json\/wp\/v2\/comments?post=3526"}],"version-history":[{"count":1,"href":"https:\/\/rapid-stop.com\/pl\/wp-json\/wp\/v2\/pages\/3526\/revisions"}],"predecessor-version":[{"id":3528,"href":"https:\/\/rapid-stop.com\/pl\/wp-json\/wp\/v2\/pages\/3526\/revisions\/3528"}],"wp:attachment":[{"href":"https:\/\/rapid-stop.com\/pl\/wp-json\/wp\/v2\/media?parent=3526"}],"curies":[{"name":"wp","href":"https:\/\/api.w.org\/{rel}","templated":true}]}}