{"id":3524,"date":"2022-06-24T01:44:14","date_gmt":"2022-06-24T01:44:14","guid":{"rendered":"https:\/\/pl.rapid-stop.com\/informacje-o-patentach-i-znakach-towarowych\/"},"modified":"2022-06-24T01:44:14","modified_gmt":"2022-06-24T01:44:14","slug":"informacje-o-patentach-i-znakach-towarowych","status":"publish","type":"page","link":"https:\/\/rapid-stop.com\/pl\/informacje-o-patentach-i-znakach-towarowych\/","title":{"rendered":"Informacje o patentach i znakach towarowych"},"content":{"rendered":"\n<h1>Informacje o patentach i znakach towarowych<\/h1>\n\n<p>Nazwa RapidStop\u00ae i logo RapidStop\u00ae s\u0105 znakami towarowymi firmy Aero Healthcare\u00ae zarejestrowanymi w Stanach Zjednoczonych i innych krajach i u\u017cywanymi za zgod\u0105.<\/p>\n\n<p><strong>Do opaski uciskowej RapidStop\u00ae odnosz\u0105 si\u0119 nast\u0119puj\u0105ce patenty:<\/strong><\/p>\n\n<p>Produkt: Opaska uciskowa RST100 RapidStop\u00ae Military\/Black <\/p>\n\n<p>Nr patentu: US 10,568,636<\/p>\n\n<p> Wnioski patentowe: EP16765747.7A<\/p>\n\n<p> CA2978094A<\/p>\n\n<p> PCT\/IB2019\/050471<\/p>\n\n<p>Produkt: Opaska uciskowa RST101 RapidStop\u00ae First Responder\/Orange <\/p>\n\n<p>Nr patentu: US 10,568,636<\/p>\n\n<p> Wnioski patentowe: EP16765747.7A<\/p>\n\n<p> CA2978094A<\/p>\n\n<p> PCT\/IB2019\/050471<\/p>\n\n<p>Produkt: RST102 (opaska uciskowa RapidStop\u00ae Training\/Blue) <\/p>\n\n<p>Nr patentu: US 10,568,636<\/p>\n\n<p> Wnioski patentowe: EP16765747.7A<\/p>\n\n<p> CA2978094A<\/p>\n\n<p> PCT\/IB2019\/050471<\/p>\n","protected":false},"excerpt":{"rendered":"<p>Informacje o patentach i znakach towarowych Nazwa RapidStop\u00ae i logo RapidStop\u00ae s\u0105 znakami towarowymi firmy Aero Healthcare\u00ae zarejestrowanymi w Stanach Zjednoczonych i innych krajach i u\u017cywanymi za zgod\u0105. Do opaski uciskowej RapidStop\u00ae odnosz\u0105 si\u0119 nast\u0119puj\u0105ce patenty: Produkt: Opaska uciskowa RST100 RapidStop\u00ae Military\/Black Nr patentu: US 10,568,636 Wnioski patentowe: EP16765747.7A CA2978094A PCT\/IB2019\/050471 Produkt: Opaska uciskowa RST101&hellip;<\/p>\n","protected":false},"author":1,"featured_media":0,"parent":0,"menu_order":0,"comment_status":"closed","ping_status":"closed","template":"","meta":{"content-type":"","_mi_skip_tracking":false},"_links":{"self":[{"href":"https:\/\/rapid-stop.com\/pl\/wp-json\/wp\/v2\/pages\/3524"}],"collection":[{"href":"https:\/\/rapid-stop.com\/pl\/wp-json\/wp\/v2\/pages"}],"about":[{"href":"https:\/\/rapid-stop.com\/pl\/wp-json\/wp\/v2\/types\/page"}],"author":[{"embeddable":true,"href":"https:\/\/rapid-stop.com\/pl\/wp-json\/wp\/v2\/users\/1"}],"replies":[{"embeddable":true,"href":"https:\/\/rapid-stop.com\/pl\/wp-json\/wp\/v2\/comments?post=3524"}],"version-history":[{"count":1,"href":"https:\/\/rapid-stop.com\/pl\/wp-json\/wp\/v2\/pages\/3524\/revisions"}],"predecessor-version":[{"id":3525,"href":"https:\/\/rapid-stop.com\/pl\/wp-json\/wp\/v2\/pages\/3524\/revisions\/3525"}],"wp:attachment":[{"href":"https:\/\/rapid-stop.com\/pl\/wp-json\/wp\/v2\/media?parent=3524"}],"curies":[{"name":"wp","href":"https:\/\/api.w.org\/{rel}","templated":true}]}}