{"id":3547,"date":"2022-06-24T02:42:20","date_gmt":"2022-06-24T02:42:20","guid":{"rendered":"https:\/\/cz.rapid-stop.com\/souprava-pro-zastaveni-krvaceni-small\/"},"modified":"2022-12-14T21:28:24","modified_gmt":"2022-12-14T21:28:24","slug":"souprava-pro-zastaveni-krvaceni-small","status":"publish","type":"page","link":"https:\/\/rapid-stop.com\/cz\/souprava-pro-zastaveni-krvaceni-small\/","title":{"rendered":"Souprava pro zastaven\u00ed krv\u00e1cen\u00ed \u2013 Small"},"content":{"rendered":"<p>[vc_row bg_type=&#8221;image&#8221; el_class=&#8221;bk1-white&#8221; css=&#8221;.vc_custom_1634616579689{margin-top: 50px !important;padding-top: 50px !important;}&#8221;][vc_column width=&#8221;3\/4&#8243;]<div id=\"ultimate-heading-20536a075d45653fd\" class=\"uvc-heading ult-adjust-bottom-margin ultimate-heading-20536a075d45653fd uvc-6723 bk1-white uvc-heading-default-font-sizes\" data-hspacer=\"no_spacer\"  data-halign=\"left\" style=\"text-align:left\"><div class=\"uvc-heading-spacer no_spacer\" style=\"top\"><\/div><div class=\"uvc-main-heading ult-responsive\"  data-ultimate-target='.uvc-heading.ultimate-heading-20536a075d45653fd h2'  data-responsive-json-new='{\"font-size\":\"\",\"line-height\":\"\"}' ><h2 style=\"--font-weight:theme;color:#ffffff;\">Souprava pro zastaven\u00ed krv\u00e1cen\u00ed RAPIDSTOP Small<\/h2><\/div><div class=\"uvc-sub-heading ult-responsive\"  data-ultimate-target='.uvc-heading.ultimate-heading-20536a075d45653fd .uvc-sub-heading '  data-responsive-json-new='{\"font-size\":\"\",\"line-height\":\"\"}'  style=\"font-weight:normal;color:#ffffff;\"><\/p>\n<h3>Souprava pro zastaven\u00ed krv\u00e1cen\u00ed RapidStop m\u00e1 v\u0161e, co pot\u0159ebujete k z\u00e1chran\u011b \u017eivota, RYCHLE.<\/h3>\n<p><\/div><\/div>[vc_column_text css_animation=&#8221;none&#8221; el_class=&#8221;bk1-white&#8221;]Soupravy pro zastaven\u00ed krv\u00e1cen\u00ed RapidStop jsou ur\u010deny pro rychl\u00e9 a \u00fa\u010dinn\u00e9 zastaven\u00ed siln\u00e9ho krv\u00e1cen\u00ed. Toto hemostatick\u00e9 traumatologick\u00e9 \u0159e\u0161en\u00ed, v\u010detn\u011b obl\u00edben\u00e9ho tlakov\u00e9ho obvazu RapidStop, nab\u00edz\u00ed vojenskou odolnost, vhodnost pro v\u0161echny v\u011bkov\u00e9 kategorie, vynikaj\u00edc\u00ed aplikaci jednou rukou a nejkrat\u0161\u00ed pr\u016fm\u011brnou dobu okluze. Dosa\u017een\u00ed \u00fapln\u00e9 okluze za co nejkrat\u0161\u00ed mo\u017enou dobu je kritick\u00e9. Tato souprava je ur\u010dena pro o\u0161et\u0159en\u00ed, jeho\u017e krit\u00e9riem je \u00fa\u010dinnost a efektivnost.<\/p>\n<p>Soupravy pro zastaven\u00ed krv\u00e1cen\u00ed jsou velikostn\u011b kompaktn\u00ed a efektivn\u00ed v ka\u017ed\u00e9m prost\u0159ed\u00ed, a\u0165 ji\u017e ve vojensk\u00e9m, prvn\u00ed pomoci nebo v civiln\u00edm \u017eivot\u011b.[\/vc_column_text][\/vc_column][vc_column width=&#8221;1\/4&#8243;][vc_single_image image=&#8221;3508&#8243; img_size=&#8221;medium&#8221; el_class=&#8221;white-shadow&#8221;]<style type=\"text\/css\" data-type=\"the7_shortcodes-inline-css\">#default-btn-293cbc8f2a37e41bf6ed3a1a541a889c.ico-right-side > i {\n  margin-right: 0px;\n  margin-left: 8px;\n}\n#default-btn-293cbc8f2a37e41bf6ed3a1a541a889c > i {\n  margin-right: 8px;\n}\n<\/style><div class=\"btn-align-center\"><a href=\"#\" class=\"default-btn-shortcode dt-btn dt-btn-l link-hover-off bk1-btn \" id=\"default-btn-293cbc8f2a37e41bf6ed3a1a541a889c\"><span>Dal\u0161\u00ed informace<\/span><\/a><\/div>[\/vc_column][\/vc_row][vc_row bg_type=&#8221;image&#8221; el_class=&#8221;bk1-white&#8221; css=&#8221;.vc_custom_1634616579689{margin-top: 50px !important;padding-top: 50px !important;}&#8221;][vc_column][vc_single_image image=&#8221;3517&#8243; img_size=&#8221;large&#8221; alignment=&#8221;center&#8221; el_class=&#8221;white-shadow&#8221;][\/vc_column][\/vc_row][vc_row bg_type=&#8221;image&#8221; el_class=&#8221;bk1-white&#8221; css=&#8221;.vc_custom_1634529649436{padding-bottom: 25px !important;}&#8221;][vc_column width=&#8221;1\/2&#8243;]<div id=\"ultimate-heading-97076a075d4565915\" class=\"uvc-heading ult-adjust-bottom-margin ultimate-heading-97076a075d4565915 uvc-1481 bk1-white uvc-heading-default-font-sizes\" data-hspacer=\"no_spacer\"  data-halign=\"left\" style=\"text-align:left\"><div class=\"uvc-heading-spacer no_spacer\" style=\"top\"><\/div><div class=\"uvc-main-heading ult-responsive\"  data-ultimate-target='.uvc-heading.ultimate-heading-97076a075d4565915 h4'  data-responsive-json-new='{\"font-size\":\"\",\"line-height\":\"\"}' ><h4 style=\"--font-weight:theme;color:#ffffff;\">RSK400 - Mal\u00e1 souprava pro zastaven\u00ed krv\u00e1cen\u00ed RAPIDSTOP \u2013 Tactical<\/h4><\/div><\/div>[vc_single_image image=&#8221;3509&#8243; img_size=&#8221;large&#8221; alignment=&#8221;center&#8221; style=&#8221;vc_box_shadow&#8221; css_animation=&#8221;none&#8221; el_class=&#8221;white-shadow&#8221;][vc_column_text css_animation=&#8221;none&#8221; el_class=&#8221;small&#8221;]<\/p>\n<h4>OBSAH SOUPRAVY:<\/h4>\n<table class=\"t1\" cellspacing=\"0\" cellpadding=\"0\">\n<tbody>\n<tr>\n<td class=\"td1\" valign=\"top\">\n<p class=\"p1\"><strong>POPIS<\/strong><\/p>\n<\/td>\n<td class=\"td1\" valign=\"top\">\n<p class=\"p1\"><strong>MNO\u017dSTV\u00cd<\/strong><\/p>\n<\/td>\n<\/tr>\n<tr>\n<td>Oran\u017eov\u00fd tlakov\u00fd obvaz RAPIDSTOP<\/td>\n<td class=\"td1\" valign=\"top\">\n<p class=\"p1\">1<\/p>\n<\/td>\n<\/tr>\n<tr>\n<td>FIRSTCARE Civiln\u00ed obvaz proti traumatu a krv\u00e1cen\u00ed <em>10 cm x 17 cm <\/em><\/td>\n<td class=\"td1\" valign=\"top\">\n<p class=\"p1\">1<\/p>\n<\/td>\n<\/tr>\n<tr>\n<td>Univerz\u00e1ln\u00ed n\u016f\u017eky AEROINSTRUMENT <em>19 cm<\/em><\/td>\n<td class=\"td1\" valign=\"top\">\n<p class=\"p1\">1<\/p>\n<\/td>\n<\/tr>\n<tr>\n<td>Velk\u00e9 nitrilov\u00e9 rukavice bez pr\u00e1\u0161ku\/p\u00e1r AEROGLOVE<\/td>\n<td class=\"td1\" valign=\"top\">\n<p class=\"p1\">1<\/p>\n<\/td>\n<\/tr>\n<tr>\n<td>Zna\u010dkova\u010d AEROSUPPLIES<\/td>\n<td class=\"td1\" valign=\"top\">\n<p class=\"p1\">1<\/p>\n<\/td>\n<\/tr>\n<tr>\n<td>5.11 S\u00e1\u010dek TACTICALMED KIT<\/td>\n<td class=\"td1\" valign=\"top\">\n<p class=\"p1\">1<\/p>\n<\/td>\n<\/tr>\n<\/tbody>\n<\/table>\n<p>Rozm\u011bry: 20 x 10 x 9cm[\/vc_column_text]<style type=\"text\/css\" data-type=\"the7_shortcodes-inline-css\">#default-btn-0f83e3a70550ec320e0d347f040cec02.ico-right-side > i {\n  margin-right: 0px;\n  margin-left: 8px;\n}\n#default-btn-0f83e3a70550ec320e0d347f040cec02 > i {\n  margin-right: 8px;\n}\n<\/style><a href=\"mailto:sales@aerohealthcare.com?subject=RapidStop%20Small-Tactical%20Bleeding%20Control%20Kit%20Pricing&amp;body=Hi%20Aero%20Healthcare%2C%20%0D%0A%0D%0APlease%20send%20me%20pricing%20for%20the%20RapidStop%20Bleeding%20Control%20Kit.%0D%0A%0D%0AThanks%2C\" class=\"default-btn-shortcode dt-btn dt-btn-l link-hover-off bk1-btn btn-inline-left \" id=\"default-btn-0f83e3a70550ec320e0d347f040cec02\"><span>Za\u0161lete dotaz<\/span><\/a>[\/vc_column][vc_column width=&#8221;1\/2&#8243;]<div id=\"ultimate-heading-98796a075d4565b29\" class=\"uvc-heading ult-adjust-bottom-margin ultimate-heading-98796a075d4565b29 uvc-739 bk1-white uvc-heading-default-font-sizes\" data-hspacer=\"no_spacer\"  data-halign=\"left\" style=\"text-align:left\"><div class=\"uvc-heading-spacer no_spacer\" style=\"top\"><\/div><div class=\"uvc-main-heading ult-responsive\"  data-ultimate-target='.uvc-heading.ultimate-heading-98796a075d4565b29 h4'  data-responsive-json-new='{\"font-size\":\"\",\"line-height\":\"\"}' ><h4 style=\"--font-weight:theme;color:#ffffff;\">RSK401 - Mal\u00e1 souprava pro zastaven\u00ed krv\u00e1cen\u00ed RAPIDSTOP \u2013 Bal\u00ed\u010dek<\/h4><\/div><\/div>[vc_single_image image=&#8221;3508&#8243; img_size=&#8221;large&#8221; alignment=&#8221;center&#8221; style=&#8221;vc_box_shadow&#8221; css_animation=&#8221;none&#8221; el_class=&#8221;white-shadow&#8221;][vc_column_text el_class=&#8221;small&#8221;]<\/p>\n<h4>OBSAH SOUPRAVY:<\/h4>\n<table class=\"t1\" cellspacing=\"0\" cellpadding=\"0\">\n<tbody>\n<tr>\n<td class=\"td1\" valign=\"top\">\n<p class=\"p1\"><strong>POPIS<\/strong><\/p>\n<\/td>\n<td class=\"td1\" valign=\"top\">\n<p class=\"p1\"><strong>MNO\u017dSTV\u00cd<\/strong><\/p>\n<\/td>\n<\/tr>\n<tr>\n<td>Oran\u017eov\u00fd tlakov\u00fd obvaz RAPIDSTOP<\/td>\n<td class=\"td1\" valign=\"top\">\n<p class=\"p1\">1<\/p>\n<\/td>\n<\/tr>\n<tr>\n<td>FIRSTCARE Civiln\u00ed obvaz proti traumatu a krv\u00e1cen\u00ed <em>10 cm x 17 cm <\/em><\/td>\n<td class=\"td1\" valign=\"top\">\n<p class=\"p1\">1<\/p>\n<\/td>\n<\/tr>\n<tr>\n<td>Univerz\u00e1ln\u00ed n\u016f\u017eky AEROINSTRUMENT <em>19 cm<\/em><\/td>\n<td class=\"td1\" valign=\"top\">\n<p class=\"p1\">1<\/p>\n<\/td>\n<\/tr>\n<tr>\n<td>Velk\u00e9 nitrilov\u00e9 rukavice bez pr\u00e1\u0161ku\/p\u00e1r AEROGLOVE<\/td>\n<td class=\"td1\" valign=\"top\">\n<p class=\"p1\">1<\/p>\n<\/td>\n<\/tr>\n<tr>\n<td>Zna\u010dkova\u010d AEROSUPPLIES<\/td>\n<td class=\"td1\" valign=\"top\">\n<p class=\"p1\">1<\/p>\n<\/td>\n<\/tr>\n<\/tbody>\n<\/table>\n<p>Rozm\u011bry: 26 x 19 x 7 cm[\/vc_column_text]<style type=\"text\/css\" data-type=\"the7_shortcodes-inline-css\">#default-btn-4e702abfa7421ea371c55216b1d3379d.ico-right-side > i {\n  margin-right: 0px;\n  margin-left: 8px;\n}\n#default-btn-4e702abfa7421ea371c55216b1d3379d > i {\n  margin-right: 8px;\n}\n<\/style><a href=\"mailto:sales@aerohealthcare.com?subject=RapidStop%20Small-Pack%20Bleeding%20Control%20Kit%20Pricing&amp;body=Hi%20Aero%20Healthcare%2C%20%0D%0A%0D%0APlease%20send%20me%20pricing%20for%20the%20RapidStop%20Bleeding%20Control%20Kit.%0D%0A%0D%0AThanks%2C\" class=\"default-btn-shortcode dt-btn dt-btn-l link-hover-off bk1-btn btn-inline-left \" id=\"default-btn-4e702abfa7421ea371c55216b1d3379d\"><span>Za\u0161lete dotaz<\/span><\/a>[\/vc_column][\/vc_row][vc_row bg_type=&#8221;bg_color&#8221; bg_override=&#8221;ex-full&#8221; css=&#8221;.vc_custom_1634527917377{padding-top: 25px !important;padding-bottom: 25px !important;}&#8221; bg_color_value=&#8221;#ed1c24&#8243;][vc_column width=&#8221;1\/2&#8243;]<div id=\"ultimate-heading-34376a075d4565cf8\" class=\"uvc-heading ult-adjust-bottom-margin ultimate-heading-34376a075d4565cf8 uvc-6556 \" data-hspacer=\"no_spacer\"  data-halign=\"left\" style=\"text-align:left\"><div class=\"uvc-heading-spacer no_spacer\" style=\"top\"><\/div><div class=\"uvc-main-heading ult-responsive\"  data-ultimate-target='.uvc-heading.ultimate-heading-34376a075d4565cf8 h2'  data-responsive-json-new='{\"font-size\":\"desktop:57px;\",\"line-height\":\"\"}' ><h2 style=\"--font-weight:theme;color:#ffffff;margin-top:30px;margin-bottom:10px;\">DOTAZY?<\/h2><\/div><div class=\"uvc-sub-heading ult-responsive\"  data-ultimate-target='.uvc-heading.ultimate-heading-34376a075d4565cf8 .uvc-sub-heading '  data-responsive-json-new='{\"font-size\":\"desktop:28px;\",\"line-height\":\"\"}'  style=\"font-weight:normal;color:#ffffff;margin-bottom:10px;\"><\/p>\n<p style=\"text-align: justify;\">sales@aerohealthcare.com<\/p>\n<p>1800 628 881<\/div><\/div>[vc_single_image image=&#8221;3453&#8243; img_size=&#8221;210&#215;82&#8243; onclick=&#8221;custom_link&#8221; img_link_target=&#8221;_blank&#8221; link=&#8221;https:%2F%2Faerohealthcare.com%2F|&#8221;][\/vc_column][vc_column width=&#8221;1\/2&#8243;]<div role=\"form\" class=\"wpcf7\" id=\"wpcf7-f3535-o1\" lang=\"cs-CZ\" dir=\"ltr\">\n<div class=\"screen-reader-response\"><p role=\"status\" aria-live=\"polite\" aria-atomic=\"true\"><\/p> <ul><\/ul><\/div>\n<form action=\"\/cz\/wp-json\/wp\/v2\/pages\/3547#wpcf7-f3535-o1\" method=\"post\" class=\"wpcf7-form init cf7mls-no-scroll cf7mls-no-moving-animation\" novalidate=\"novalidate\" data-status=\"init\">\n<div style=\"display: none;\">\n<input type=\"hidden\" name=\"_wpcf7\" value=\"3535\" \/>\n<input type=\"hidden\" name=\"_wpcf7_version\" value=\"5.5.6.1\" \/>\n<input type=\"hidden\" name=\"_wpcf7_locale\" value=\"cs_CZ\" \/>\n<input type=\"hidden\" name=\"_wpcf7_unit_tag\" value=\"wpcf7-f3535-o1\" \/>\n<input type=\"hidden\" name=\"_wpcf7_container_post\" value=\"0\" \/>\n<input type=\"hidden\" name=\"_wpcf7_posted_data_hash\" value=\"\" \/>\n<\/div>\n<p><label>PR\u016eMYSL<br \/>\n<span class=\"wpcf7-form-control-wrap menu-458\"><select name=\"menu-458\" class=\"wpcf7-form-control wpcf7-select\" aria-invalid=\"false\"><option value=\"Vojensk\u00e9\">Vojensk\u00e9<\/option><option value=\"Civiln\u00ed z\u00e1chran\u00e1\u0159i\">Civiln\u00ed z\u00e1chran\u00e1\u0159i<\/option><option value=\"Pr\u016fmysl s vysok\u00fdm rizikem\">Pr\u016fmysl s vysok\u00fdm rizikem<\/option><option value=\"Extr\u00e9mn\u00ed outdoor\">Extr\u00e9mn\u00ed outdoor<\/option><\/select><\/span><\/label><br \/>\n<label>JM\u00c9NO<br \/>\n<span class=\"wpcf7-form-control-wrap your-name\"><input type=\"text\" name=\"your-name\" value=\"\" size=\"40\" class=\"wpcf7-form-control wpcf7-text wpcf7-validates-as-required\" aria-required=\"true\" aria-invalid=\"false\" \/><\/span> <\/label><br \/>\n<label>TELEFON <span class=\"wpcf7-form-control-wrap tel-756\"><input type=\"tel\" name=\"tel-756\" value=\"\" size=\"40\" class=\"wpcf7-form-control wpcf7-text wpcf7-tel wpcf7-validates-as-required wpcf7-validates-as-tel\" aria-required=\"true\" aria-invalid=\"false\" \/><\/span><\/label><br \/>\n<label>M\u011aSTO <span class=\"wpcf7-form-control-wrap your-city\"><input type=\"text\" name=\"your-city\" value=\"\" size=\"40\" class=\"wpcf7-form-control wpcf7-text wpcf7-validates-as-required\" aria-required=\"true\" aria-invalid=\"false\" \/><\/span><\/label><br \/>\n<label>E-MAIL<br \/>\n<span class=\"wpcf7-form-control-wrap your-email\"><input type=\"email\" name=\"your-email\" value=\"\" size=\"40\" class=\"wpcf7-form-control wpcf7-text wpcf7-email wpcf7-validates-as-required wpcf7-validates-as-email\" aria-required=\"true\" aria-invalid=\"false\" \/><\/span> <\/label><br \/>\n<label>POZN\u00c1MKY<br \/>\n<span class=\"wpcf7-form-control-wrap your-message\"><textarea name=\"your-message\" cols=\"40\" rows=\"10\" class=\"wpcf7-form-control wpcf7-textarea\" aria-invalid=\"false\"><\/textarea><\/span> <\/label><\/p>\n<p><input type=\"submit\" value=\"Odeslat\" class=\"wpcf7-form-control has-spinner wpcf7-submit\" \/><\/p>\n<div class=\"inv-recaptcha-holder\"><\/div><div class=\"wpcf7-response-output\" aria-hidden=\"true\"><\/div><\/form><\/div>[\/vc_column][\/vc_row][vc_row][vc_column][\/vc_column][\/vc_row]<\/p>\n","protected":false},"excerpt":{"rendered":"<p>[vc_row bg_type=&#8221;image&#8221; el_class=&#8221;bk1-white&#8221; css=&#8221;.vc_custom_1634616579689{margin-top: 50px !important;padding-top: 50px !important;}&#8221;][vc_column width=&#8221;3\/4&#8243;][vc_column_text css_animation=&#8221;none&#8221; el_class=&#8221;bk1-white&#8221;]Soupravy pro zastaven\u00ed krv\u00e1cen\u00ed RapidStop jsou ur\u010deny pro rychl\u00e9 a \u00fa\u010dinn\u00e9 zastaven\u00ed siln\u00e9ho krv\u00e1cen\u00ed. Toto hemostatick\u00e9 traumatologick\u00e9 \u0159e\u0161en\u00ed, v\u010detn\u011b obl\u00edben\u00e9ho tlakov\u00e9ho obvazu RapidStop, nab\u00edz\u00ed vojenskou odolnost, vhodnost pro v\u0161echny v\u011bkov\u00e9 kategorie, vynikaj\u00edc\u00ed aplikaci jednou rukou a nejkrat\u0161\u00ed pr\u016fm\u011brnou dobu okluze. Dosa\u017een\u00ed \u00fapln\u00e9 okluze za co&hellip;<\/p>\n","protected":false},"author":71,"featured_media":0,"parent":0,"menu_order":0,"comment_status":"closed","ping_status":"closed","template":"","meta":{"content-type":"","_mi_skip_tracking":false},"_links":{"self":[{"href":"https:\/\/rapid-stop.com\/cz\/wp-json\/wp\/v2\/pages\/3547"}],"collection":[{"href":"https:\/\/rapid-stop.com\/cz\/wp-json\/wp\/v2\/pages"}],"about":[{"href":"https:\/\/rapid-stop.com\/cz\/wp-json\/wp\/v2\/types\/page"}],"author":[{"embeddable":true,"href":"https:\/\/rapid-stop.com\/cz\/wp-json\/wp\/v2\/users\/71"}],"replies":[{"embeddable":true,"href":"https:\/\/rapid-stop.com\/cz\/wp-json\/wp\/v2\/comments?post=3547"}],"version-history":[{"count":5,"href":"https:\/\/rapid-stop.com\/cz\/wp-json\/wp\/v2\/pages\/3547\/revisions"}],"predecessor-version":[{"id":3575,"href":"https:\/\/rapid-stop.com\/cz\/wp-json\/wp\/v2\/pages\/3547\/revisions\/3575"}],"wp:attachment":[{"href":"https:\/\/rapid-stop.com\/cz\/wp-json\/wp\/v2\/media?parent=3547"}],"curies":[{"name":"wp","href":"https:\/\/api.w.org\/{rel}","templated":true}]}}