{"id":3540,"date":"2022-06-24T01:37:22","date_gmt":"2022-06-24T01:37:22","guid":{"rendered":"https:\/\/cz.rapid-stop.com\/zasady-soukromi\/"},"modified":"2022-06-24T01:37:23","modified_gmt":"2022-06-24T01:37:23","slug":"zasady-soukromi","status":"publish","type":"page","link":"https:\/\/rapid-stop.com\/cz\/zasady-soukromi\/","title":{"rendered":"Z\u00e1sady soukrom\u00ed"},"content":{"rendered":"\n<p><\/p>\n\n<p>Aktualizov\u00e1no 26\/6\/2018 2018.<\/p>\n\n<p>V\u00edtejte na na\u0161ich webov\u00fdch str\u00e1nk\u00e1ch. Tyto webov\u00e9 str\u00e1nky s adresou URL cz.rapid-stop.com a us.cz.rapid-stop.com vlastn\u00ed a provozuje spole\u010dnost Aero Healthcare US LLC (ACN 614 308 146).<\/p>\n\n<p>Tento dokument stanov\u00ed z\u00e1sady ochrany osobn\u00edch \u00fadaj\u016f pro webov\u00e9 str\u00e1nky spole\u010dnosti Aero Healthcare USA, cz.rapid-stop.com a us.cz.rapid-stop.com.<\/p>\n\n<p> Spole\u010dnost Aero Healthcare US LLC se zavazuje poskytovat v\u00e1m co nejlep\u0161\u00ed slu\u017eby z\u00e1kazn\u00edk\u016fm. Spole\u010dnost Aero Healthcare USA je v\u00e1z\u00e1na <a href=\"https:\/\/www.oaic.gov.usa\/privacy-law\/privacy-act\/\">Z\u00e1konem o ochran\u011b soukrom\u00ed z roku 1988<\/a> a Na\u0159\u00edzen\u00edmi o ochran\u011b soukrom\u00ed z roku 2013, v platn\u00e9m zn\u011bn\u00ed. Spole\u010dnost Aero Healthcare je povinna dodr\u017eovat z\u00e1sady ochrany soukrom\u00ed, kter\u00e9 upravuj\u00ed nakl\u00e1d\u00e1n\u00ed s osobn\u00edmi \u00fadaji, co\u017e jsou australsk\u00e9 z\u00e1sady ochrany soukrom\u00ed (\u201e<strong>APPs<\/strong>\u201c).<\/p>\n\n<p>Pokud jste ob\u010danem nebo rezidentem Evropsk\u00e9 unie (\u201e<strong>EU<\/strong>\u201c), vztahuje se na va\u0161e osobn\u00ed \u00fadaje obecn\u00e9 na\u0159\u00edzen\u00ed o ochran\u011b osobn\u00edch \u00fadaj\u016f (EU) 2016\/679 (\u201e<strong>GDPR<\/strong>\u201c). Pro \u00fa\u010dely GDPR jsou spr\u00e1vcem \u00fadaj\u016f <strong>spole\u010dnosti Aero Healthcare USA<\/strong> a AERO HEALTHCARE LTD UK (06760143).<\/p>\n\n<p>Je pot\u0159eba zm\u00ednit, \u017ee v\u00fdraz \u201e<strong>osobn\u00ed informace<\/strong>\u201c je, pokud nen\u00ed uvedeno jinak, souhrnn\u00fd pojem pou\u017e\u00edvan\u00fd v t\u011bchto Z\u00e1sad\u00e1ch ochrany osobn\u00edch \u00fadaj\u016f pro \u201eosobn\u00ed informace\u201c, jak jsou definov\u00e1ny podle APP, a \u201eosobn\u00ed \u00fadaje\u201c, jak jsou definov\u00e1ny podle GDPR.<\/p>\n\n<p><strong>Shroma\u017e\u010fov\u00e1n\u00ed va\u0161ich osobn\u00edch informac\u00ed<\/strong><\/p>\n\n<p>Na webu je k dispozici \u0159ada aspekt\u016f, kter\u00e9 si m\u016f\u017eete prohl\u00e9dnout, ani\u017e byste museli poskytnout konkr\u00e9tn\u00ed osobn\u00ed informace. Pro pou\u017eit\u00ed kontaktn\u00edho formul\u00e1\u0159e a pro p\u0159\u00edstup do Centra zdroj\u016f je v\u0161ak nutn\u00e9 poskytnout osobn\u00ed informace. To mimo jin\u00e9 zahrnuje va\u0161e jm\u00e9no a e-mailovou adresu a v p\u0159\u00edpad\u011b Centra zdroj\u016f jedine\u010dn\u00e9 u\u017eivatelsk\u00e9 jm\u00e9no a heslo spolu s informacemi, kter\u00e9 se rozhodnete spole\u010dnosti Aero Healthcare USA sd\u011blit. Dal\u0161\u00ed informace, kter\u00e9 se m\u016f\u017eete rozhodnout sd\u011blit spole\u010dnosti Aero Healthcare prost\u0159ednictv\u00edm t\u011bchto webov\u00fdch str\u00e1nek, zahrnuj\u00ed mimo jin\u00e9 dal\u0161\u00ed kontaktn\u00ed \u00fadaje, telefonn\u00ed \u010d\u00edsla, datum narozen\u00ed, po\u0161tovn\u00ed adresu a zpr\u00e1vy nebo koment\u00e1\u0159e zaslan\u00e9 prost\u0159ednictv\u00edm t\u011bchto str\u00e1nek, e-mailu nebo str\u00e1nek soci\u00e1ln\u00edch m\u00e9di\u00ed kontrolovan\u00fdch spole\u010dnost\u00ed Aero Healthcare USA. Tyto osobn\u00ed informace zpracov\u00e1v\u00e1me a zaznamen\u00e1v\u00e1me za \u00fa\u010delem zodpov\u011bzen\u00ed jak\u00fdchkoli dotaz\u016f, kter\u00e9 n\u00e1m za\u0161lete, a tak\u00e9 za \u00fa\u010delem vy\u0159\u00edzen\u00ed jak\u00fdchkoli prodejn\u00edch objedn\u00e1vek, kter\u00e9 u n\u00e1s zad\u00e1te.<\/p>\n\n<p>Pr\u016fb\u011b\u017en\u011b m\u016f\u017eeme pou\u017e\u00edvat nebo dopl\u0148ovat osobn\u00ed informace, kter\u00e9 o v\u00e1s m\u00e1me, o informace z\u00edskan\u00e9 z jin\u00fdch zdroj\u016f, jako jsou ve\u0159ejn\u00e9 datab\u00e1ze, platformy soci\u00e1ln\u00edch m\u00e9di\u00ed a dal\u0161\u00ed t\u0159et\u00ed strany. Tyto informace t\u0159et\u00edch stran m\u016f\u017eeme nap\u0159\u00edklad pou\u017e\u00edt k potvrzen\u00ed kontaktn\u00edch nebo finan\u010dn\u00edch \u00fadaj\u016f, k ov\u011b\u0159en\u00ed licence zdravotnick\u00fdch pracovn\u00edk\u016f nebo k lep\u0161\u00edmu pochopen\u00ed va\u0161ich z\u00e1jm\u016f na z\u00e1klad\u011b p\u0159i\u0159azen\u00ed demografick\u00fdch \u00fadaj\u016f k informac\u00edm, kter\u00e9 jste n\u00e1m poskytli.<\/p>\n\n<p>Pokud n\u00e1m poskytnete jak\u00e9koli osobn\u00ed informace t\u00fdkaj\u00edc\u00ed se jin\u00fdch osob, prohla\u0161ujete, \u017ee jste opr\u00e1vn\u011bni tak u\u010dinit a povolit n\u00e1m pou\u017eit\u00ed t\u011bchto informac\u00ed v souladu s t\u011bmito z\u00e1sadami ochrany soukrom\u00ed.<\/p>\n\n<p><strong>Poru\u0161en\u00ed ochrany soukrom\u00ed a bezpe\u010dnostn\u00ed z\u00e1sady<\/strong><\/p>\n\n<p>Spole\u010dnost Aero Healthcare vynalo\u017e\u00ed p\u0159im\u011b\u0159enou technickou, administrativn\u00ed a procesn\u00ed p\u00e9\u010di, aby ochr\u00e1nila va\u0161e soukrom\u00e9 \u00fadaje p\u0159ed nez\u00e1konn\u00fdm naru\u0161en\u00edm dat, n\u00e1hodn\u00fdm nebo nez\u00e1konn\u00fdm zni\u010den\u00edm, ztr\u00e1tou, zm\u011bnou, neopr\u00e1vn\u011bn\u00fdm zve\u0159ejn\u011bn\u00edm nebo p\u0159\u00edstupem k p\u0159en\u00e1\u0161en\u00fdm, ulo\u017een\u00fdm nebo jinak zpracov\u00e1van\u00fdm osobn\u00edm informac\u00edm. Nicm\u00e9n\u011b v nepravd\u011bpodobn\u00e9m p\u0159\u00edpad\u011b, \u017ee by do\u0161lo k poru\u0161en\u00ed na\u0161eho zabezpe\u010den\u00ed nebo procesu shroma\u017e\u010fov\u00e1n\u00ed \u00fadaj\u016f a p\u0159i tomto poru\u0161en\u00ed by byly zve\u0159ejn\u011bny soukrom\u00e9 \u00fadaje, spole\u010dnost Aero Healthcare nep\u0159eb\u00edr\u00e1 v pln\u00e9m rozsahu povolen\u00e9m platn\u00fdmi pr\u00e1vn\u00edmi p\u0159edpisy \u017e\u00e1dnou odpov\u011bdnost za jak\u00e9koli ztr\u00e1ty nebo \u0161kody, kter\u00e9 v d\u016fsledku tohoto poru\u0161en\u00ed vzniknou konkr\u00e9tn\u00edmu u\u017eivateli. Pokud spole\u010dnost Aero Healthcare zjist\u00ed naru\u0161en\u00ed bezpe\u010dnosti, kter\u00e9 mohlo v\u00e9st k vyzrazen\u00ed osobn\u00edch informac\u00ed u\u017eivatele, p\u0159ijme ve\u0161ker\u00e1 p\u0159im\u011b\u0159en\u00e1 opat\u0159en\u00ed, aby toto naru\u0161en\u00ed ohl\u00e1sila p\u0159\u00edslu\u0161n\u00fdm vl\u00e1dn\u00edm instituc\u00edm. Pokud m\u00e1te jak\u00fdkoli d\u016fvod se domn\u00edvat, \u017ee va\u0161e interakce s na\u0161imi str\u00e1nkami ji\u017e nen\u00ed bezpe\u010dn\u00e1, neprodlen\u011b n\u00e1m to oznamte e-mailem na adresu privacy@aerohealthcare.us.com.<\/p>\n\n<p><strong>Sd\u00edlen\u00ed va\u0161ich osobn\u00edch informac\u00ed<\/strong><\/p>\n\n<p>P\u0159\u00edle\u017eitostn\u011b si m\u016f\u017eeme naj\u00edmat jin\u00e9 spole\u010dnosti, kter\u00e9 budou poskytovat slu\u017eby na\u0161\u00edm jm\u00e9nem, mimo jin\u00e9 v\u010detn\u011b e-mailov\u00e9ho marketingu a ukl\u00e1d\u00e1n\u00ed dat. Tyto spole\u010dnosti budou moci z\u00edsk\u00e1vat pouze osobn\u00ed informace, kter\u00e9 pot\u0159ebuj\u00ed k poskytov\u00e1n\u00ed slu\u017eby. Spole\u010dnost Aero Healthcare USA podnik\u00e1 p\u0159im\u011b\u0159en\u00e9 kroky k zaji\u0161t\u011bn\u00ed toho, aby byly tyto organizace v\u00e1z\u00e1ny ml\u010denlivost\u00ed a platn\u00fdmi z\u00e1kony o ochran\u011b soukrom\u00ed v souvislosti s ochranou va\u0161ich osobn\u00edch informac\u00ed.<\/p>\n\n<p>Spole\u010dnost Aero Healthcare m\u016f\u017ee sd\u00edlet va\u0161e soukrom\u00e9 \u00fadaje mezi sv\u00fdmi dce\u0159in\u00fdmi spole\u010dnostmi, v\u010detn\u011b spole\u010dnost\u00ed AERO HEALTHCARE LTD UK (06760143) a AERO HEALTHCARE US, spolu s partnery a prodejci spole\u010dnosti Aero Healthcare a bude vy\u017eadovat, aby tyto spole\u010dnosti pou\u017e\u00edvaly a chr\u00e1nily va\u0161e osobn\u00ed informace v souladu s t\u011bmito Z\u00e1sadami ochrany soukrom\u00ed a platn\u00fdmi z\u00e1kony o ochran\u011b soukrom\u00ed. Pokud jste rezidentem EU a osobn\u00ed informace, kter\u00e9 o v\u00e1s uchov\u00e1v\u00e1me, jsou p\u0159ed\u00e1v\u00e1ny do t\u0159et\u00ed zem\u011b, podnikneme kroky k zaji\u0161t\u011bn\u00ed odpov\u00eddaj\u00edc\u00ed \u00farovn\u011b ochrany va\u0161ich osobn\u00edch \u00fadaj\u016f v m\u00edst\u011b jejich zpracov\u00e1n\u00ed a ochrany va\u0161ich pr\u00e1v.<\/p>\n\n<p>Vyhrazujeme si pr\u00e1vo zve\u0159ejnit va\u0161e osobn\u00ed informace v souladu se z\u00e1konem, pokud se domn\u00edv\u00e1me, \u017ee jejich zve\u0159ejn\u011bn\u00ed je nezbytn\u00e9 pro spln\u011bn\u00ed regula\u010dn\u00edch po\u017eadavk\u016f, soudn\u00edho \u0159\u00edzen\u00ed, soudn\u00edho p\u0159\u00edkazu, vl\u00e1dn\u00ed \u017e\u00e1dosti nebo pr\u00e1vn\u00edho postupu.<\/p>\n\n<p><strong>Analytika webov\u00fdch str\u00e1nek<\/strong><\/p>\n\n<p>Na\u0161e webov\u00e9 str\u00e1nky pou\u017e\u00edvaj\u00ed slu\u017ebu Google Analytics, kter\u00e1 p\u0159en\u00e1\u0161\u00ed \u00fadaje o n\u00e1v\u0161t\u011bvnosti webov\u00fdch str\u00e1nek na servery spole\u010dnosti Google ve Spojen\u00fdch st\u00e1tech. Slu\u017eba Google Analytics neidentifikuje jednotliv\u00e9 u\u017eivatele ani nespojuje va\u0161i IP adresu s \u017e\u00e1dn\u00fdmi dal\u0161\u00edmi \u00fadaji, kter\u00e9 m\u00e1 spole\u010dnost Google k dispozici. Pou\u017e\u00edv\u00e1me p\u0159ehledy poskytovan\u00e9 slu\u017ebou Google Analytics, kter\u00e9 n\u00e1m pom\u00e1haj\u00ed porozum\u011bt n\u00e1v\u0161t\u011bvnosti webov\u00fdch str\u00e1nek a jejich pou\u017e\u00edv\u00e1n\u00ed. Slu\u017ebu Google Analytics nepou\u017e\u00edv\u00e1me k tomu, abychom o v\u00e1s nebo o va\u0161em p\u0159\u00edstupu k na\u0161im slu\u017eb\u00e1m rozhodovali.<\/p>\n\n<p>Pou\u017e\u00edv\u00e1n\u00edm t\u011bchto webov\u00fdch str\u00e1nek souhlas\u00edte se zpracov\u00e1n\u00edm \u00fadaj\u016f o v\u00e1s spole\u010dnost\u00ed Google zp\u016fsobem popsan\u00fdm v <a href=\"https:\/\/www.google.com\/policies\/privacy\/\">Z\u00e1sad\u00e1ch ochrany soukrom\u00ed spole\u010dnosti Google<\/a> a pro v\u00fd\u0161e uveden\u00e9 \u00fa\u010dely. Slu\u017ebu Google Analytics m\u016f\u017eete odm\u00edtnout, pokud na sv\u00e9m za\u0159\u00edzen\u00ed zak\u00e1\u017eete pou\u017e\u00edv\u00e1n\u00ed soubor\u016f cookie, vypnete JavaScript nebo pou\u017eijete slu\u017ebu <a href=\"https:\/\/tools.google.com\/dlpage\/gaoptout\">odm\u00edtnut\u00ed poskytovanou spole\u010dnost\u00ed Google<\/a>.<\/p>\n\n<p><strong>Soci\u00e1ln\u00ed m\u00e9dia<\/strong><\/p>\n\n<p>Spole\u010dnost Aero Healthcare USA tak\u00e9 vyu\u017e\u00edv\u00e1 rozhran\u00ed se soci\u00e1ln\u00edmi s\u00edt\u011bmi, jako jsou Facebook, LinkedIn, Twitter a dal\u0161\u00ed. Pokud se rozhodnete \u201elajkovat\u201c nebo \u201esd\u00edlet\u201c informace z t\u011bchto webov\u00fdch str\u00e1nek prost\u0159ednictv\u00edm t\u011bchto slu\u017eeb, m\u011bli byste si p\u0159e\u010d\u00edst z\u00e1sady ochrany soukrom\u00ed dan\u00e9 slu\u017eby. Pokud jste \u010dlenem str\u00e1nek soci\u00e1ln\u00edch m\u00e9di\u00ed, mohou rozhran\u00ed umo\u017enit t\u011bmto str\u00e1nk\u00e1m propojit va\u0161e n\u00e1v\u0161t\u011bvy na t\u011bchto str\u00e1nk\u00e1ch s dal\u0161\u00edmi osobn\u00edmi informacemi.<\/p>\n\n<p><strong>Soukrom\u00ed d\u011bt\u00ed a digit\u00e1ln\u00ed obsah<\/strong><\/p>\n\n<p>Str\u00e1nky nejsou ur\u010deny osob\u00e1m mlad\u0161\u00edm t\u0159in\u00e1cti (13) let a my v\u011bdom\u011b neshroma\u017e\u010fujeme osobn\u00ed informace osob mlad\u0161\u00edch 13 let. Abyste mohli vyu\u017e\u00edvat na\u0161e \u010dlensk\u00e9 Centrum zdroj\u016f, mus\u00edte b\u00fdt star\u0161\u00ed 16 let.<\/p>\n\n<p><strong>Pr\u00e1vo b\u00fdt zapomenut, vymaz\u00e1n\u00ed a doba uchov\u00e1v\u00e1n\u00ed dat<\/strong><\/p>\n\n<p>Pokud v kter\u00e9koli f\u00e1zi pou\u017e\u00edv\u00e1n\u00ed t\u011bchto webov\u00fdch str\u00e1nek budete cht\u00edt sv\u016fj souhlas odvolat a nechat sv\u00e9 osobn\u00ed informace odstranit, napi\u0161te n\u00e1m pros\u00edm na adresu privacy@aerohealthcare.us.com. Spole\u010dnost Aero Healthcare USA v p\u0159im\u011b\u0159en\u00e9 lh\u016ft\u011b odstran\u00ed v\u0161echny prim\u00e1rn\u00ed p\u0159\u00edpady va\u0161ich osobn\u00edch informac\u00ed, kter\u00e9 spole\u010dnost Aero Healthcare uchov\u00e1v\u00e1. Pokud chcete uplatnit sv\u00e1 dal\u0161\u00ed pr\u00e1va podle GDPR, v\u010detn\u011b pr\u00e1va na p\u0159\u00edstup k na\u0161im z\u00e1znam\u016fm va\u0161ich osobn\u00edch informac\u00ed, na opravu osobn\u00edch \u00fadaj\u016f, na jejich p\u0159enos do jin\u00e9 slu\u017eby nebo na uplatn\u011bn\u00ed pr\u00e1va po\u017eadovat omezen\u00ed nebo vzn\u00e9st n\u00e1mitku proti zpracov\u00e1n\u00ed va\u0161ich \u00fadaj\u016f, kontaktujte n\u00e1s pros\u00edm na adrese privacy@aerohealthcare.us.com. V\u0161echny \u017e\u00e1dosti se budeme sna\u017eit vy\u0159e\u0161it sami, ale v p\u0159\u00edpad\u011b, \u017ee se n\u00e1m to nepoda\u0159\u00ed, m\u00e1te pr\u00e1vo podat st\u00ed\u017enost u p\u0159\u00edslu\u0161n\u00e9ho dozorov\u00e9ho \u00fa\u0159adu podle GDPR.<\/p>\n\n<p>Spole\u010dnost Aero Healthcare USA bude uchov\u00e1vat va\u0161e osobn\u00ed informace tak dlouho, dokud s v\u00e1mi bude udr\u017eovat vztah, a tak dlouho, dokud to bude pot\u0159ebn\u00e9 nebo povolen\u00e9 pro \u00fa\u010dely, pro kter\u00e9 byly \u00fadaje z\u00edsk\u00e1ny, jak je uvedeno v t\u011bchto z\u00e1sad\u00e1ch ochrany soukrom\u00ed. To zahrnuje poskytov\u00e1n\u00ed p\u0159\u00edstupu k webu, spr\u00e1vu informac\u00ed o \u00fa\u010dtu a poskytov\u00e1n\u00ed slu\u017eeb. Va\u0161e informace m\u016f\u017eeme tak\u00e9 nad\u00e1le uchov\u00e1vat v souladu se z\u00e1konem.<\/p>\n\n<p><strong>Zm\u011bny z\u00e1sad soukrom\u00ed<\/strong><\/p>\n\n<p>Spole\u010dnost Aero Healthcare USA si vyhrazuje pr\u00e1vo tyto z\u00e1sady ochrany soukrom\u00ed kdykoli zm\u011bnit. Pokud m\u00e1te v\u00fdhrady k Z\u00e1sad\u00e1m ochrany soukrom\u00ed, nem\u011bli byste na Str\u00e1nky p\u0159istupovat ani je pou\u017e\u00edvat.<\/p>\n\n<p><strong>Kontaktujte n\u00e1s<\/strong><\/p>\n\n<p>Spole\u010dnost Aero Healthcare USA uv\u00edt\u00e1 va\u0161e p\u0159ipom\u00ednky k t\u011bmto z\u00e1sad\u00e1m ochrany soukrom\u00ed. M\u00e1te-li jak\u00e9koli dotazy t\u00fdkaj\u00edc\u00ed se t\u011bchto z\u00e1sad ochrany soukrom\u00ed a chcete-li z\u00edskat dal\u0161\u00ed informace, kontaktujte n\u00e1s pros\u00edm n\u011bkter\u00fdm ze zp\u016fsob\u016f uveden\u00fdch na na\u0161\u00ed kontaktn\u00ed str\u00e1nce v pracovn\u00ed dob\u011b od pond\u011bl\u00ed do p\u00e1tku.<\/p>\n","protected":false},"excerpt":{"rendered":"<p>Aktualizov\u00e1no 26\/6\/2018 2018. V\u00edtejte na na\u0161ich webov\u00fdch str\u00e1nk\u00e1ch. Tyto webov\u00e9 str\u00e1nky s adresou URL cz.rapid-stop.com a us.cz.rapid-stop.com vlastn\u00ed a provozuje spole\u010dnost Aero Healthcare US LLC (ACN 614 308 146). Tento dokument stanov\u00ed z\u00e1sady ochrany osobn\u00edch \u00fadaj\u016f pro webov\u00e9 str\u00e1nky spole\u010dnosti Aero Healthcare USA, cz.rapid-stop.com a us.cz.rapid-stop.com. Spole\u010dnost Aero Healthcare US LLC se zavazuje poskytovat v\u00e1m&hellip;<\/p>\n","protected":false},"author":1,"featured_media":0,"parent":0,"menu_order":0,"comment_status":"closed","ping_status":"closed","template":"","meta":{"content-type":"","_mi_skip_tracking":false},"_links":{"self":[{"href":"https:\/\/rapid-stop.com\/cz\/wp-json\/wp\/v2\/pages\/3540"}],"collection":[{"href":"https:\/\/rapid-stop.com\/cz\/wp-json\/wp\/v2\/pages"}],"about":[{"href":"https:\/\/rapid-stop.com\/cz\/wp-json\/wp\/v2\/types\/page"}],"author":[{"embeddable":true,"href":"https:\/\/rapid-stop.com\/cz\/wp-json\/wp\/v2\/users\/1"}],"replies":[{"embeddable":true,"href":"https:\/\/rapid-stop.com\/cz\/wp-json\/wp\/v2\/comments?post=3540"}],"version-history":[{"count":1,"href":"https:\/\/rapid-stop.com\/cz\/wp-json\/wp\/v2\/pages\/3540\/revisions"}],"predecessor-version":[{"id":3542,"href":"https:\/\/rapid-stop.com\/cz\/wp-json\/wp\/v2\/pages\/3540\/revisions\/3542"}],"wp:attachment":[{"href":"https:\/\/rapid-stop.com\/cz\/wp-json\/wp\/v2\/media?parent=3540"}],"curies":[{"name":"wp","href":"https:\/\/api.w.org\/{rel}","templated":true}]}}