{"id":3538,"date":"2022-06-24T01:37:22","date_gmt":"2022-06-24T01:37:22","guid":{"rendered":"https:\/\/cz.rapid-stop.com\/omezena-zaruka-na-vyrobek-tlakovy-obvaz-rapidstop\/"},"modified":"2022-06-24T01:37:22","modified_gmt":"2022-06-24T01:37:22","slug":"omezena-zaruka-na-vyrobek-tlakovy-obvaz-rapidstop","status":"publish","type":"page","link":"https:\/\/rapid-stop.com\/cz\/omezena-zaruka-na-vyrobek-tlakovy-obvaz-rapidstop\/","title":{"rendered":"Omezen\u00e1 z\u00e1ruka na v\u00fdrobek Tlakov\u00fd obvaz RapidStop"},"content":{"rendered":"\n<p> AERO HEALTHCARE (US), LLC<br\/> OMEZEN\u00c1 Z\u00c1RUKA NA V\u00ddROBEK TLAKOV\u00dd OBVAZ RAPID STOP&#x2122; <br\/> TATO OMEZEN\u00c1 Z\u00c1RUKA V\u00c1M, P\u016eVODN\u00cdMU KONCOV\u00c9MU U\u017dIVATELI (definovan\u00e9mu n\u00ed\u017ee), UD\u011aLUJE ZVL\u00c1\u0160TN\u00cd PR\u00c1VA. M\u016e\u017dETE M\u00cdT I DAL\u0160\u00cd PR\u00c1VA, KTER\u00c1 SE V JEDNOTLIV\u00ddCH ST\u00c1TECH LI\u0160\u00cd.<br\/> S V\u00ddHRADOU N\u00cd\u017dE UVEDEN\u00ddCH OMEZEN\u00cd SPOLE\u010cNOST AERO HEATHCARE (US), LLC (D\u00c1LE JEN \u201eAERO\u201c) ZARU\u010cUJE POUZE P\u016eVODN\u00cdMU KONCOV\u00c9MU U\u017dIVATELI, \u017dE TLAKOV\u00dd OBVAZ RAPID STOP&#x2122; (D\u00c1LE JEN \u201eV\u00ddROBEK\u201c) BUDE SV\u00ddM MATERI\u00c1LOV\u00ddM SLO\u017dEN\u00cdM ODPOV\u00cdDAT ZVE\u0158EJN\u011aN\u00ddM SPECIFIKAC\u00cdM A BUDE BEZ VAD MATERI\u00c1LU A ZPRACOV\u00c1N\u00cd P\u0158I B\u011a\u017dN\u00c9M POU\u017d\u00cdV\u00c1N\u00cd PO DOBU JEDNOHO ROKU OD DATA ZAKOUPEN\u00cd. TATO OMEZEN\u00c1 Z\u00c1RUKA SE VZTAHUJE POUZE NA P\u016eVODN\u00cdHO KONCOV\u00c9HO U\u017dIVATELE V\u00ddROBKU. NEVZTAHUJE SE NA N\u00c1SLEDN\u00c9HO VLASTN\u00cdKA NEBO NABYVATELE V\u00ddROBKU. PRO \u00da\u010cELY T\u00c9TO OMEZEN\u00c9 Z\u00c1RUKY NA V\u00ddROBEK SE P\u016eVODN\u00cdM KONCOV\u00ddM U\u017dIVATELEM ROZUM\u00cd PRVN\u00cd KUPUJ\u00cdC\u00cd, KTER\u00dd PO\u0158\u00cdDIL V\u00ddROBEK OD SPOLE\u010cNOSTI AERO NEBO PRODEJCE PRO VLASTN\u00cd POU\u017dIT\u00cd KUPUJ\u00cdC\u00cdM A\/NEBO JEHO P\u0158IDRU\u017dEN\u00ddMI SPOLE\u010cNOSTMI, NIKOLI PRO DAL\u0160\u00cd PRODEJ, DAL\u0160\u00cd UVEDEN\u00cd NA TRH NEBO DISTRIBUCI.<br\/> TATO OMEZEN\u00c1 Z\u00c1RUKA SE NEVZTAHUJE NA PO\u0160KOZEN\u00cd NEBO Z\u00c1VADY ZP\u016eSOBEN\u00c9 P\u0158EPRAVOU, SKLADOV\u00c1N\u00cdM, NESPR\u00c1VN\u00ddM POU\u017d\u00cdV\u00c1N\u00cdM, NEDODR\u017dEN\u00cdM POKYN\u016e K V\u00ddROBKU, \u00daPRAVAMI, NEAUTORIZOVAN\u00ddMI OPRAVAMI, B\u011a\u017dN\u00ddM OPOT\u0158EBEN\u00cdM NEBO VN\u011aJ\u0160\u00cdMI P\u0158\u00cd\u010cINAMI, JAKO JSOU NEHODY, \u0160PATN\u00c9 ZACH\u00c1ZEN\u00cd, NESPR\u00c1VN\u00c9 POU\u017dIT\u00cd, \u00daPRAVY NEBO JIN\u00c9 \u010cINNOSTI \u010cI UD\u00c1LOSTI, KTER\u00c9 SPOLE\u010cNOST AERO NEM\u016e\u017dE OVLIVNIT. TATO OMEZEN\u00c1 Z\u00c1RUKA POZB\u00ddV\u00c1 PLATNOSTI, POKUD V\u00ddROBEK: (A) JE POU\u017dIT ZP\u016eSOBEM, KTER\u00dd JE V ROZPORU SE ZAM\u00dd\u0160LEN\u00ddM \u00da\u010cELEM NEBO KONSTRUKC\u00cd V\u00ddROBKU, JAK JE POPS\u00c1NO VE ZVE\u0158EJN\u011aN\u00c9 DOKUMENTACI SPOLE\u010cNOSTI AERO K V\u00ddROBKU, (B) JE JAK\u00ddMKOLI ZP\u016eSOBEM UPRAVEN (C) V\u00ddROBEK JE VYSTAVEN JAK\u00c9MUKOLI JIN\u00c9MU NESPR\u00c1VN\u00c9MU POU\u017dIT\u00cd, \u0160PATN\u00c9MU ZACH\u00c1ZEN\u00cd, ZANEDB\u00c1N\u00cd, NEHOD\u011a NEBO VN\u011aJ\u0160\u00cdM VLIV\u016eM. V\u00ddROBEK JE NAVR\u017dEN A UR\u010cEN POUZE K JEDNOR\u00c1ZOV\u00c9MU POU\u017dIT\u00cd. TATO OMEZEN\u00c1 Z\u00c1RUKA SE VZTAHUJE POUZE NA PRVN\u00cd POU\u017dIT\u00cd V\u00ddROBKU, NIKOLI NA JAK\u00c9KOLI DAL\u0160\u00cd POU\u017dIT\u00cd NEBO OPAKOVAN\u00c9 POU\u017dIT\u00cd.<br\/> KROM\u011a V\u00ddSLOVN\u00c9 OMEZEN\u00c9 Z\u00c1RUKY UVEDEN\u00c9 V TOMTO DOKUMENTU NEPOSKYTUJEME \u017d\u00c1DN\u00c9 JIN\u00c9 Z\u00c1RUKY, V\u00ddSLOVN\u00c9 ANI P\u0158EDPOKL\u00c1DAN\u00c9, V\u010cETN\u011a, KROM\u011a JIN\u00c9HO, P\u0158EDPOKL\u00c1DAN\u00ddCH Z\u00c1RUK PRODEJNOSTI A VHODNOSTI PRO UR\u010cIT\u00c9 POU\u017dIT\u00cd NEBO \u00da\u010cEL. N\u011aKTER\u00c9 ST\u00c1TY NEPOVOLUJ\u00cd OMEZEN\u00cd P\u0158EDPOKL\u00c1DAN\u00ddCH Z\u00c1RUK, TAK\u017dE SE NA V\u00c1S TOTO OMEZEN\u00cd NEMUS\u00cd VZTAHOVAT.<br\/> NA\u0160E ODPOV\u011aDNOST ZA VADN\u00dd V\u00ddROBEK JE OMEZENA NA OPRAVU, V\u00ddM\u011aNU NEBO VR\u00c1CEN\u00cd PEN\u011aZ PODLE NA\u0160EHO UV\u00c1\u017dEN\u00cd. Z\u00c1RU\u010cN\u00cd DOBA SE NEPRODLU\u017dUJE, POKUD V\u00ddROBEK OPRAV\u00cdME NEBO VYM\u011aN\u00cdME.<br\/> S OHLEDEM NA VADU V\u00ddROBKU VZNIKLOU B\u011aHEM Z\u00c1RU\u010cN\u00cd DOBY, KTER\u00c1 N\u00c1M BUDE P\u00cdSEMN\u011a OZN\u00c1MENA DO T\u0158ICETI (30) DN\u016e OD UPLYNUT\u00cd Z\u00c1RU\u010cN\u00cd DOBY, V\u00ddROBEK NEBO VADN\u00dd D\u00cdL PODLE NA\u0160EHO UV\u00c1\u017dEN\u00cd BU\u010e BEZPLATN\u011a OPRAV\u00cdME NEBO VYM\u011aN\u00cdME, NEBO VR\u00c1T\u00cdME KUPN\u00cd CENU TAKOV\u00c9HO V\u00ddROBKU. UPOZOR\u0147UJEME, \u017dE TATO Z\u00c1RUKA SE NEVZTAHUJE NA N\u00c1KLADY NA DOPRAVU A MANIPULACI P\u0158I VR\u00c1CEN\u00cd VADN\u00c9HO, OPRAVEN\u00c9HO NEBO N\u00c1HRADN\u00cdHO V\u00ddROBKU. NEVRACEJTE V\u00ddROBEK BEZ P\u0158EDCHOZ\u00cdHO P\u00cdSEMN\u00c9HO POVOLEN\u00cd, KTER\u00c9 V\u00c1M ZA\u0160LEME. VYHRAZUJEME SI PR\u00c1VO ODM\u00cdTNOUT JAKOUKOLI REKLAMACI V Z\u00c1RU\u010cN\u00cd LH\u016eT\u011a, O KTER\u00c9 JSME NEBYLI P\u00cdSEMN\u011a INFORMOV\u00c1NI DO T\u0158ICETI (30) DN\u016e OD UPLYNUT\u00cd Z\u00c1RU\u010cN\u00cd DOBY.<br\/> CHCETE-LI \u010cERPAT V\u00ddHODU Z\u00c1RU\u010cN\u00cdHO SERVISU, MUS\u00cdTE N\u00c1M B\u011aHEM Z\u00c1RU\u010cN\u00cd LH\u016eTY NEBO NEJPOZD\u011aJI DO T\u0158ICETI (30) DN\u016e PO JEJ\u00cdM UPLYNUT\u00cd ZAVOLAT NA \u010c\u00cdSLO 1 844 225 2376, NEBO N\u00c1M POSLAT E-MAIL NA ADRESU ATsales@aeroheathcare.us.com. V KA\u017dD\u00c9M P\u0158\u00cdPAD\u011a UVE\u010eTE POPIS V\u00ddROBKU A Z\u00c1VADY. MUS\u00cdTE N\u00c1M TAK\u00c9 P\u0158EDLO\u017dIT PRODEJN\u00cd DOKLAD NEBO SROVNATELN\u00dd DOKLAD O N\u00c1KUPU, NA KTER\u00c9M JE UVEDENO P\u016eVODN\u00cd DATUM N\u00c1KUPU.<br\/> V\u00dd\u0160E POPSAN\u00c9 N\u00c1HRADY JSOU VA\u0160IMI JEDIN\u00ddMI A V\u00ddHRADN\u00cdMI N\u00c1HRADAMI. NA\u0160E VE\u0160KER\u00c1 ODPOV\u011aDNOST ZA PORU\u0160EN\u00cd T\u00c9TO OMEZEN\u00c9 Z\u00c1RUKY NESM\u00cd V \u017d\u00c1DN\u00c9M P\u0158\u00cdPAD\u011a P\u0158ES\u00c1HNOUT SKUTE\u010cNOU \u010c\u00c1STKU, KTEROU JSTE ZA VADN\u00dd V\u00ddROBEK ZAPLATILI. KROM\u011a TOHO SPOLE\u010cNOST AERO HEALTHCARE US, LLC ANI JEJ\u00cd MATE\u0158SK\u00c9, DCE\u0158IN\u00c9 NEBO P\u0158IDRU\u017dEN\u00c9 SPOLE\u010cNOSTI ZA \u017d\u00c1DN\u00ddCH OKOLNOST\u00cd NENESOU ODPOV\u011aDNOST ZA JAK\u00c9KOLI N\u00c1SLEDN\u00c9, N\u00c1HODN\u00c9, ZVL\u00c1\u0160TN\u00cd NEBO SANK\u010cN\u011a NAHRAZOVAN\u00c9 \u0160KODY NEBO ZA JAK\u00c9KOLI ZTR\u00c1TY \u010cI U\u0160L\u00dd ZISK, A\u0164 U\u017d P\u0158\u00cdM\u00c9 NEBO NEP\u0158\u00cdM\u00c9, A BEZ OHLEDU NA TO, ZDA BYLA SPOLE\u010cNOST AERO O MO\u017dNOSTI TAKOV\u00ddCH \u0160KOD INFORMOV\u00c1NA.<br\/>N\u011aKTER\u00c9 ST\u00c1TY NEPOVOLUJ\u00cd VYLOU\u010cEN\u00cd NEBO OMEZEN\u00cd N\u00c1HODN\u00ddCH NEBO N\u00c1SLEDN\u00ddCH \u0160KOD, TAK\u017dE V\u00dd\u0160E UVEDEN\u00c9 OMEZEN\u00cd NEBO VYLOU\u010cEN\u00cd SE NA V\u00c1S NEMUS\u00cd VZTAHOVAT.<\/p>\n","protected":false},"excerpt":{"rendered":"<p>AERO HEALTHCARE (US), LLC OMEZEN\u00c1 Z\u00c1RUKA NA V\u00ddROBEK TLAKOV\u00dd OBVAZ RAPID STOP&#x2122; TATO OMEZEN\u00c1 Z\u00c1RUKA V\u00c1M, P\u016eVODN\u00cdMU KONCOV\u00c9MU U\u017dIVATELI (definovan\u00e9mu n\u00ed\u017ee), UD\u011aLUJE ZVL\u00c1\u0160TN\u00cd PR\u00c1VA. M\u016e\u017dETE M\u00cdT I DAL\u0160\u00cd PR\u00c1VA, KTER\u00c1 SE V JEDNOTLIV\u00ddCH ST\u00c1TECH LI\u0160\u00cd. S V\u00ddHRADOU N\u00cd\u017dE UVEDEN\u00ddCH OMEZEN\u00cd SPOLE\u010cNOST AERO HEATHCARE (US), LLC (D\u00c1LE JEN \u201eAERO\u201c) ZARU\u010cUJE POUZE P\u016eVODN\u00cdMU KONCOV\u00c9MU U\u017dIVATELI, \u017dE TLAKOV\u00dd&hellip;<\/p>\n","protected":false},"author":1,"featured_media":0,"parent":0,"menu_order":0,"comment_status":"closed","ping_status":"closed","template":"","meta":{"content-type":"","_mi_skip_tracking":false},"_links":{"self":[{"href":"https:\/\/rapid-stop.com\/cz\/wp-json\/wp\/v2\/pages\/3538"}],"collection":[{"href":"https:\/\/rapid-stop.com\/cz\/wp-json\/wp\/v2\/pages"}],"about":[{"href":"https:\/\/rapid-stop.com\/cz\/wp-json\/wp\/v2\/types\/page"}],"author":[{"embeddable":true,"href":"https:\/\/rapid-stop.com\/cz\/wp-json\/wp\/v2\/users\/1"}],"replies":[{"embeddable":true,"href":"https:\/\/rapid-stop.com\/cz\/wp-json\/wp\/v2\/comments?post=3538"}],"version-history":[{"count":1,"href":"https:\/\/rapid-stop.com\/cz\/wp-json\/wp\/v2\/pages\/3538\/revisions"}],"predecessor-version":[{"id":3539,"href":"https:\/\/rapid-stop.com\/cz\/wp-json\/wp\/v2\/pages\/3538\/revisions\/3539"}],"wp:attachment":[{"href":"https:\/\/rapid-stop.com\/cz\/wp-json\/wp\/v2\/media?parent=3538"}],"curies":[{"name":"wp","href":"https:\/\/api.w.org\/{rel}","templated":true}]}}