{"id":3533,"date":"2022-06-24T01:37:21","date_gmt":"2022-06-24T01:37:21","guid":{"rendered":"https:\/\/cz.rapid-stop.com\/podminky\/"},"modified":"2022-06-24T01:37:21","modified_gmt":"2022-06-24T01:37:21","slug":"podminky","status":"publish","type":"page","link":"https:\/\/rapid-stop.com\/cz\/podminky\/","title":{"rendered":"Podm\u00ednky"},"content":{"rendered":"\n<p>Aero Healthcare AU Pty Ltd<\/p>\n\n<p>PODM\u00cdNKY POU\u017d\u00cdV\u00c1N\u00cd WEBOV\u00ddCH STR\u00c1NEK Aero Healthcare US LLC<\/p>\n\n<p>V\u00edtejte na na\u0161ich webov\u00fdch str\u00e1nk\u00e1ch.<\/p>\n\n<p>Tyto webov\u00e9 str\u00e1nky s adresou URL cz.rapid-stop.com a us.cz.rapid-stop.com vlastn\u00ed a provozuje spole\u010dnost Aero Healthcare AU Pty Ltd ACN 614 308 146. Pokud budete pokra\u010dovat v pou\u017e\u00edv\u00e1n\u00ed t\u011bchto webov\u00fdch str\u00e1nek, souhlas\u00edte s t\u00edm, \u017ee budete dodr\u017eovat n\u00e1sleduj\u00edc\u00ed podm\u00ednky pou\u017e\u00edv\u00e1n\u00ed (d\u00e1le jen \u201epodm\u00ednky pou\u017e\u00edv\u00e1n\u00ed\u201c), kter\u00e9 spolu s na\u0161imi z\u00e1sadami ochrany osobn\u00edch \u00fadaj\u016f upravuj\u00ed vztah spole\u010dnosti Aero Healthcare AU k v\u00e1m v souvislosti s t\u011bmito webov\u00fdmi str\u00e1nkami. Pokud s n\u011bkter\u00fdmi z t\u011bchto podm\u00ednek nesouhlas\u00edte, na\u0161e webov\u00e9 str\u00e1nky nepou\u017e\u00edvejte. P\u0159ed p\u0159\u00edstupem na tyto webov\u00e9 str\u00e1nky nebo jejich pou\u017e\u00edv\u00e1n\u00edm si pros\u00edm pe\u010dliv\u011b p\u0159e\u010dt\u011bte a prostudujte tyto Podm\u00ednky pou\u017e\u00edv\u00e1n\u00ed. P\u0159\u00edstupem na tyto webov\u00e9 str\u00e1nky nebo jejich pou\u017e\u00edv\u00e1n\u00edm potvrzujete, \u017ee jste si p\u0159e\u010detli Podm\u00ednky pou\u017e\u00edv\u00e1n\u00ed, porozum\u011bli jste jim a souhlas\u00edte s nimi. Pokud s Podm\u00ednkami pou\u017e\u00edv\u00e1n\u00ed nesouhlas\u00edte, nesm\u00edte na webov\u00e9 str\u00e1nky p\u0159istupovat ani je pou\u017e\u00edvat.<\/p>\n\n<p>Pojem \u201eAero Healthcare US LLC\u201c nebo \u201en\u00e1s\u201c nebo \u201ena\u0161e\u201c nebo \u201emy\u201c odkazuje na spole\u010dnost Aero Healthcare US LLC, vlastn\u00edka webov\u00fdch str\u00e1nek, jeho\u017e s\u00eddlo je Suite 6, 616 Corporate Way, Valley Cottage, NY, 10989. Pojem \u201evy\u201c nebo \u201ev\u00e1\u0161\u201c se vztahuje na u\u017eivatele webov\u00fdch str\u00e1nek.<\/p>\n\n<p>Pou\u017e\u00edv\u00e1n\u00ed t\u011bchto webov\u00fdch str\u00e1nek z va\u0161\u00ed strany podl\u00e9h\u00e1 n\u00e1sleduj\u00edc\u00edm podm\u00ednk\u00e1m:<\/p>\n\n<ol><li>Obsah t\u011bchto webov\u00fdch str\u00e1nek je ur\u010den pouze pro va\u0161i obecnou informaci a pou\u017eit\u00ed. Str\u00e1nky se mohou bez upozorn\u011bn\u00ed zm\u011bnit.<\/li><li>Tyto webov\u00e9 str\u00e1nky pou\u017e\u00edvaj\u00ed soubory cookie ke sledov\u00e1n\u00ed preferenc\u00ed p\u0159i prohl\u00ed\u017een\u00ed. Povol\u00edte-li pou\u017e\u00edv\u00e1n\u00ed soubor\u016f cookie, m\u016f\u017eeme ulo\u017eit n\u00e1sleduj\u00edc\u00ed osobn\u00ed \u00fadaje, kter\u00e9 budou pou\u017eity t\u0159et\u00edmi stranami: datum narozen\u00ed, pohlav\u00ed, adresa. Pokud si nep\u0159ejete, aby se soubory cookie ukl\u00e1daly do va\u0161eho za\u0159\u00edzen\u00ed, m\u016f\u017eete je zablokovat aktivac\u00ed p\u0159\u00edslu\u0161n\u00e9ho nastaven\u00ed v prohl\u00ed\u017ee\u010di, kter\u00e9 obvykle najdete v \u010d\u00e1sti \u201en\u00e1pov\u011bda\u201c. V\u00edce informac\u00ed o tom, jak to ud\u011blat, najdete zde: <a href=\"https:\/\/www.allaboutcookies.org\/\">allaboutcookies.org<\/a> or <a href=\"https:\/\/www.youronlinechoices.eu\/\">www.youronlinechoices.eu<\/a>. Upozor\u0148ujeme v\u0161ak, \u017ee pokud v nastaven\u00ed prohl\u00ed\u017ee\u010de blokujete soubory cookie, je mo\u017en\u00e9, \u017ee nebudete m\u00edt p\u0159\u00edstup na v\u0161echny na\u0161e webov\u00e9 str\u00e1nky nebo jejich \u010d\u00e1sti. Pou\u017e\u00edv\u00e1n\u00edm webov\u00fdch str\u00e1nek beze zm\u011bny nastaven\u00ed soubor\u016f cookie v prohl\u00ed\u017ee\u010di vyjad\u0159ujete sv\u016fj souhlas s pou\u017e\u00edv\u00e1n\u00edm soubor\u016f cookie v souladu s t\u011bmito podm\u00ednkami pou\u017e\u00edv\u00e1n\u00ed.<\/li><li>Ani my, ani t\u0159et\u00ed strany neposkytujeme \u017e\u00e1dnou z\u00e1ruku na funk\u010dnost, p\u0159esnost, v\u010dasnost, \u00faplnost nebo vhodnost informac\u00ed a materi\u00e1l\u016f nalezen\u00fdch nebo nab\u00edzen\u00fdch na t\u011bchto webov\u00fdch str\u00e1nk\u00e1ch pro jak\u00fdkoli konkr\u00e9tn\u00ed \u00fa\u010del. T\u00edmto berete na v\u011bdom\u00ed, \u017ee tyto informace a materi\u00e1ly mohou obsahovat chyby, nep\u0159esnosti nebo omyly, a my v\u00fdslovn\u011b vylu\u010dujeme jakoukoli odpov\u011bdnost za n\u011b v maxim\u00e1ln\u00edm z\u00e1konem povolen\u00e9m rozsahu.<\/li><li>Jak\u00e9koli informace nebo materi\u00e1ly na t\u011bchto webov\u00fdch str\u00e1nk\u00e1ch pou\u017e\u00edv\u00e1te v\u00fdhradn\u011b na vlastn\u00ed nebezpe\u010d\u00ed, za kter\u00e9 neneseme \u017e\u00e1dnou odpov\u011bdnost. Je va\u0161\u00ed vlastn\u00ed odpov\u011bdnost\u00ed zajistit, aby produkty, slu\u017eby nebo informace dostupn\u00e9 prost\u0159ednictv\u00edm t\u011bchto webov\u00fdch str\u00e1nek spl\u0148ovaly va\u0161e konkr\u00e9tn\u00ed po\u017eadavky.<\/li><li>Tyto webov\u00e9 str\u00e1nky obsahuj\u00ed materi\u00e1l, kter\u00fd je v na\u0161em vlastnictv\u00ed nebo na n\u011bj m\u00e1me licenci. Tento materi\u00e1l zahrnuje mimo jin\u00e9 obsah, design, uspo\u0159\u00e1d\u00e1n\u00ed, vzhled a grafiku webov\u00fdch str\u00e1nek. Jak\u00e1koli reprodukce materi\u00e1l\u016f z t\u011bchto webov\u00fdch str\u00e1nek je zak\u00e1z\u00e1na jinak ne\u017e v souladu s upozorn\u011bn\u00edm na autorsk\u00e1 pr\u00e1va, kter\u00e9 je sou\u010d\u00e1st\u00ed t\u011bchto podm\u00ednek.<\/li><li>V\u0161echny ochrann\u00e9 zn\u00e1mky reprodukovan\u00e9 na t\u011bchto webov\u00fdch str\u00e1nk\u00e1ch, kter\u00e9 nejsou na\u0161\u00edm vlastnictv\u00edm nebo nejsou p\u0159edm\u011btem licence, jsou na webov\u00fdch str\u00e1nk\u00e1ch uvedeny.<\/li><li>Neopr\u00e1vn\u011bn\u00e9 pou\u017e\u00edv\u00e1n\u00ed t\u011bchto webov\u00fdch str\u00e1nek m\u016f\u017ee b\u00fdt trestn\u00fdm \u010dinem a\/nebo d\u016fvodem k uplatn\u011bn\u00ed n\u00e1roku na n\u00e1hradu \u0161kody.<\/li><li>Tyto webov\u00e9 str\u00e1nky mohou tak\u00e9 p\u0159\u00edle\u017eitostn\u011b obsahovat odkazy na jin\u00e9 webov\u00e9 str\u00e1nky, kter\u00e9 nejsou pod na\u0161\u00ed kontrolou. Tyto odkazy poskytuje spole\u010dnost Aero Healthcare AU Pty Ltd pro va\u0161e pohodl\u00ed, aby v\u00e1m poskytla dal\u0161\u00ed informace. Berete na v\u011bdom\u00ed, \u017ee je pou\u017e\u00edv\u00e1te na vlastn\u00ed nebezpe\u010d\u00ed. Uveden\u00ed t\u011bchto odkaz\u016f neznamen\u00e1, \u017ee tyto webov\u00e9 str\u00e1nky doporu\u010dujeme nebo schvalujeme. Nem\u00e1me \u017e\u00e1dnou kontrolu nad povahou, obsahem a dostupnost\u00ed t\u011bchto webov\u00fdch str\u00e1nek.<\/li><li>Pou\u017e\u00edv\u00e1n\u00ed t\u011bchto webov\u00fdch str\u00e1nek a ve\u0161ker\u00e9 spory vypl\u00fdvaj\u00edc\u00ed z jejich pou\u017e\u00edv\u00e1n\u00ed podl\u00e9haj\u00ed z\u00e1kon\u016fm Nov\u00e9ho Ji\u017en\u00edho Walesu.<\/li><li>Webov\u00e9 str\u00e1nky m\u016f\u017eete pou\u017e\u00edvat pouze k z\u00e1konn\u00fdm \u00fa\u010del\u016fm a zp\u016fsobem, kter\u00fd je v souladu s povahou a \u00fa\u010delem t\u011bchto webov\u00fdch str\u00e1nek.<\/li><li>Tyto podm\u00ednky se nevztahuj\u00ed na pou\u017e\u00edv\u00e1n\u00ed jak\u00e9hokoli produktu nebo slu\u017eby popsan\u00e9 na na\u0161ich webov\u00fdch str\u00e1nk\u00e1ch, pokud nen\u00ed dohodnuto jinak. Mus\u00edte se sezn\u00e1mit s jednotliv\u00fdmi z\u00e1ru\u010dn\u00edmi podm\u00ednkami, kter\u00e9 se vztahuj\u00ed ke konkr\u00e9tn\u00edmu v\u00fdrobku nebo slu\u017eb\u011b.<\/li><li>Tyto podm\u00ednky mohou b\u00fdt \u010das od \u010dasu zm\u011bn\u011bny. Va\u0161e dal\u0161\u00ed pou\u017e\u00edv\u00e1n\u00ed na\u0161ich webov\u00fdch str\u00e1nek po takov\u00fdch zm\u011bn\u00e1ch bude pova\u017eov\u00e1no za potvrzen\u00ed, \u017ee tyto zm\u011bny p\u0159ij\u00edm\u00e1te.<\/li><li>Od\u0161kodn\u00edte n\u00e1s za v\u0161echny n\u00e1roky, \u017ealoby, po\u017eadavky, \u017ealoby, z\u00e1vazky, n\u00e1klady a v\u00fddaje (v\u010detn\u011b n\u00e1klad\u016f na pr\u00e1vn\u00ed zastoupen\u00ed a v\u00fddaj\u016f na z\u00e1klad\u011b pln\u00e9 n\u00e1hrady \u0161kody) vypl\u00fdvaj\u00edc\u00ed z va\u0161eho pou\u017e\u00edv\u00e1n\u00ed t\u011bchto webov\u00fdch str\u00e1nek.<\/li><li>V \u017e\u00e1dn\u00e9m p\u0159\u00edpad\u011b neneseme odpov\u011bdnost za jak\u00e9koli ztr\u00e1ty, \u0161kody, n\u00e1klady nebo v\u00fddaje, v\u010detn\u011b n\u00e1klad\u016f na pr\u00e1vn\u00ed zastoupen\u00ed a v\u00fddaj\u016f (p\u0159\u00edm\u00fdch \u010di nep\u0159\u00edm\u00fdch), kter\u00e9 v\u00e1m vzniknou v souvislosti s pou\u017e\u00edv\u00e1n\u00edm t\u011bchto webov\u00fdch str\u00e1nek.<\/li><li>Vynakl\u00e1d\u00e1me ve\u0161ker\u00e9 \u00fasil\u00ed, aby webov\u00e9 str\u00e1nky fungovaly bez probl\u00e9m\u016f. Nep\u0159eb\u00edr\u00e1me v\u0161ak \u017e\u00e1dnou odpov\u011bdnost za do\u010dasnou nedostupnost webov\u00fdch str\u00e1nek z d\u016fvodu technick\u00fdch probl\u00e9m\u016f mimo na\u0161i kontrolu.<\/li><\/ol>","protected":false},"excerpt":{"rendered":"<p>Aero Healthcare AU Pty Ltd PODM\u00cdNKY POU\u017d\u00cdV\u00c1N\u00cd WEBOV\u00ddCH STR\u00c1NEK Aero Healthcare US LLC V\u00edtejte na na\u0161ich webov\u00fdch str\u00e1nk\u00e1ch. Tyto webov\u00e9 str\u00e1nky s adresou URL cz.rapid-stop.com a us.cz.rapid-stop.com vlastn\u00ed a provozuje spole\u010dnost Aero Healthcare AU Pty Ltd ACN 614 308 146. Pokud budete pokra\u010dovat v pou\u017e\u00edv\u00e1n\u00ed t\u011bchto webov\u00fdch str\u00e1nek, souhlas\u00edte s t\u00edm, \u017ee budete dodr\u017eovat n\u00e1sleduj\u00edc\u00ed&hellip;<\/p>\n","protected":false},"author":1,"featured_media":0,"parent":0,"menu_order":0,"comment_status":"closed","ping_status":"closed","template":"","meta":{"content-type":"","_mi_skip_tracking":false},"_links":{"self":[{"href":"https:\/\/rapid-stop.com\/cz\/wp-json\/wp\/v2\/pages\/3533"}],"collection":[{"href":"https:\/\/rapid-stop.com\/cz\/wp-json\/wp\/v2\/pages"}],"about":[{"href":"https:\/\/rapid-stop.com\/cz\/wp-json\/wp\/v2\/types\/page"}],"author":[{"embeddable":true,"href":"https:\/\/rapid-stop.com\/cz\/wp-json\/wp\/v2\/users\/1"}],"replies":[{"embeddable":true,"href":"https:\/\/rapid-stop.com\/cz\/wp-json\/wp\/v2\/comments?post=3533"}],"version-history":[{"count":1,"href":"https:\/\/rapid-stop.com\/cz\/wp-json\/wp\/v2\/pages\/3533\/revisions"}],"predecessor-version":[{"id":3537,"href":"https:\/\/rapid-stop.com\/cz\/wp-json\/wp\/v2\/pages\/3533\/revisions\/3537"}],"wp:attachment":[{"href":"https:\/\/rapid-stop.com\/cz\/wp-json\/wp\/v2\/media?parent=3533"}],"curies":[{"name":"wp","href":"https:\/\/api.w.org\/{rel}","templated":true}]}}