{"id":3531,"date":"2022-06-24T01:37:20","date_gmt":"2022-06-24T01:37:20","guid":{"rendered":"https:\/\/cz.rapid-stop.com\/informace-o-patentech-a-ochrannych-znackach\/"},"modified":"2022-06-24T01:37:21","modified_gmt":"2022-06-24T01:37:21","slug":"informace-o-patentech-a-ochrannych-znackach","status":"publish","type":"page","link":"https:\/\/rapid-stop.com\/cz\/informace-o-patentech-a-ochrannych-znackach\/","title":{"rendered":"Informace o patentech a ochrann\u00fdch zna\u010dk\u00e1ch"},"content":{"rendered":"\n<h1>Informace o patentech a ochrann\u00fdch zna\u010dk\u00e1ch<\/h1>\n\n<p>RapidStop\u00ae a logo RapidStop\u00ae jsou ochrann\u00e9 zn\u00e1mky spole\u010dnosti Aero Healthcare\u00ae registrovan\u00e9 ve Spojen\u00fdch st\u00e1tech a dal\u0161\u00edch zem\u00edch a jsou pou\u017e\u00edv\u00e1ny se svolen\u00edm.<\/p>\n\n<p><strong>Na tlakov\u00fd obvaz RapidStop\u00ae se vztahuj\u00ed n\u00e1sleduj\u00edc\u00ed patenty:<\/strong><\/p>\n\n<p>\u010c\u00edslo d\u00edlu: RST100 RapidStop\u00ae Military\/Black Tourniquet <\/p>\n\n<p>patent \u010d: US 10,568,636<\/p>\n\n<p> patent \u010dekaj\u00edc\u00ed na vy\u0159\u00edzen\u00ed P\u0159ihl\u00e1\u0161ky: EP16765747.7A<\/p>\n\n<p> CA2978094A<\/p>\n\n<p> PCT\/IB2019\/050471<\/p>\n\n<p>\u010c\u00edslo d\u00edlu: RST101 RapidStop\u00ae First Responder\/Orange Tourniquet <\/p>\n\n<p>patent \u010d: US 10,568,636<\/p>\n\n<p> patent \u010dekaj\u00edc\u00ed na vy\u0159\u00edzen\u00ed P\u0159ihl\u00e1\u0161ky: EP16765747.7A<\/p>\n\n<p> CA2978094A<\/p>\n\n<p> PCT\/IB2019\/050471<\/p>\n\n<p>\u010c\u00edslo d\u00edlu: RST102 (RapidStop\u00ae Training\/Blue Tourniquet) <\/p>\n\n<p>patent \u010d: US 10,568,636<\/p>\n\n<p> patent \u010dekaj\u00edc\u00ed na vy\u0159\u00edzen\u00ed P\u0159ihl\u00e1\u0161ky: EP16765747.7A<\/p>\n\n<p> CA2978094A<\/p>\n\n<p> PCT\/IB2019\/050471<\/p>\n","protected":false},"excerpt":{"rendered":"<p>Informace o patentech a ochrann\u00fdch zna\u010dk\u00e1ch RapidStop\u00ae a logo RapidStop\u00ae jsou ochrann\u00e9 zn\u00e1mky spole\u010dnosti Aero Healthcare\u00ae registrovan\u00e9 ve Spojen\u00fdch st\u00e1tech a dal\u0161\u00edch zem\u00edch a jsou pou\u017e\u00edv\u00e1ny se svolen\u00edm. Na tlakov\u00fd obvaz RapidStop\u00ae se vztahuj\u00ed n\u00e1sleduj\u00edc\u00ed patenty: \u010c\u00edslo d\u00edlu: RST100 RapidStop\u00ae Military\/Black Tourniquet patent \u010d: US 10,568,636 patent \u010dekaj\u00edc\u00ed na vy\u0159\u00edzen\u00ed P\u0159ihl\u00e1\u0161ky: EP16765747.7A CA2978094A PCT\/IB2019\/050471 \u010c\u00edslo&hellip;<\/p>\n","protected":false},"author":1,"featured_media":0,"parent":0,"menu_order":0,"comment_status":"closed","ping_status":"closed","template":"","meta":{"content-type":"","_mi_skip_tracking":false},"_links":{"self":[{"href":"https:\/\/rapid-stop.com\/cz\/wp-json\/wp\/v2\/pages\/3531"}],"collection":[{"href":"https:\/\/rapid-stop.com\/cz\/wp-json\/wp\/v2\/pages"}],"about":[{"href":"https:\/\/rapid-stop.com\/cz\/wp-json\/wp\/v2\/types\/page"}],"author":[{"embeddable":true,"href":"https:\/\/rapid-stop.com\/cz\/wp-json\/wp\/v2\/users\/1"}],"replies":[{"embeddable":true,"href":"https:\/\/rapid-stop.com\/cz\/wp-json\/wp\/v2\/comments?post=3531"}],"version-history":[{"count":1,"href":"https:\/\/rapid-stop.com\/cz\/wp-json\/wp\/v2\/pages\/3531\/revisions"}],"predecessor-version":[{"id":3534,"href":"https:\/\/rapid-stop.com\/cz\/wp-json\/wp\/v2\/pages\/3531\/revisions\/3534"}],"wp:attachment":[{"href":"https:\/\/rapid-stop.com\/cz\/wp-json\/wp\/v2\/media?parent=3531"}],"curies":[{"name":"wp","href":"https:\/\/api.w.org\/{rel}","templated":true}]}}