{"id":3524,"date":"2022-06-24T01:37:06","date_gmt":"2022-06-24T01:37:06","guid":{"rendered":"https:\/\/cz.rapid-stop.com\/stante-se-distributorem-rapid-stop\/"},"modified":"2022-07-06T09:51:25","modified_gmt":"2022-07-06T09:51:25","slug":"stante-se-distributorem-rapid-stop","status":"publish","type":"page","link":"https:\/\/rapid-stop.com\/cz\/stante-se-distributorem-rapid-stop\/","title":{"rendered":"Sta\u0148te se distributorem Rapid Stop"},"content":{"rendered":"<p>[vc_row full_width=&#8221;stretch_row&#8221; equal_height=&#8221;yes&#8221; content_placement=&#8221;middle&#8221; bg_type=&#8221;bg_color&#8221; bg_color_value=&#8221;#000000&#8243; el_id=&#8221;charakteristiky&#8221; css=&#8221;.vc_custom_1583972273931{padding-top: 150px !important;padding-bottom: 150px !important;}&#8221;][vc_column width=&#8221;2\/3&#8243; css=&#8221;.vc_custom_1579834013466{margin-top: 0px !important;margin-right: 80px !important;margin-bottom: 0px !important;margin-left: 0px !important;padding-top: 0px !important;padding-bottom: 0px !important;}&#8221; el_class=&#8221;mobile-margin-off&#8221;]<div id=\"ultimate-heading-54746a075c80db4a8\" class=\"uvc-heading ult-adjust-bottom-margin ultimate-heading-54746a075c80db4a8 uvc-2639 no-padding-top\" data-hspacer=\"no_spacer\"  data-halign=\"left\" style=\"text-align:left\"><div class=\"uvc-heading-spacer no_spacer\" style=\"top\"><\/div><div class=\"uvc-main-heading ult-responsive\"  data-ultimate-target='.uvc-heading.ultimate-heading-54746a075c80db4a8 h2'  data-responsive-json-new='{\"font-size\":\"desktop:80px;\",\"line-height\":\"\"}' ><h2 style=\"font-weight:700;color:#fcfcfc;margin-top:35px;margin-bottom:30px;\">M\u00c1TE Z\u00c1JEM P\u0158IPOJIT SE K NA\u0160\u00cd GLOB\u00c1LN\u00cd S\u00cdTI DISTRIBUTOR\u016e?<\/h2><\/div><div class=\"uvc-sub-heading ult-responsive\"  data-ultimate-target='.uvc-heading.ultimate-heading-54746a075c80db4a8 .uvc-sub-heading '  data-responsive-json-new='{\"font-size\":\"desktop:30px;\",\"line-height\":\"desktop:36px;\"}'  style=\"font-weight:normal;color:#fcfcfc;margin-bottom:50px;\">RapidStop\u00ae Tourniquet je revolu\u010dn\u00ed tlakov\u00fd obvaz vyr\u00e1b\u011bn\u00fd v USA a prod\u00e1van\u00fd prost\u0159ednictv\u00edm glob\u00e1ln\u00edch distribu\u010dn\u00edch s\u00edt\u00ed.<\/p>\n<p>Spole\u010dnost Aero Healthcare v sou\u010dasn\u00e9 dob\u011b p\u0159ij\u00edm\u00e1 \u017e\u00e1dosti o distribuci tlakov\u00e9ho obvazu RapidStop\u00ae.<\/p>\n<p>Pokud m\u00e1te z\u00e1jem st\u00e1t se distributorem spole\u010dnosti RapidStop\u00ae, kontaktujte n\u00e1s je\u0161t\u011b dnes.<\/div><\/div><style type=\"text\/css\" data-type=\"the7_shortcodes-inline-css\">#default-btn-1a6d8cceed5912a147065cffd4ce4182 {\n  border-radius: 0px;\n  font-size: 26px;\n  line-height: 28px;\n}\n.btn-shadow#default-btn-1a6d8cceed5912a147065cffd4ce4182 {\n  box-shadow: 0 1px 6px rgba(0,0,0,0.12);\n  transition: box-shadow 0.2s ease-out, opacity 0.45s;\n}\n.btn-shadow#default-btn-1a6d8cceed5912a147065cffd4ce4182:hover {\n  box-shadow: 0 5px 11px 0 rgba(0,0,0,0.18), 0 4px 15px 0 rgba(0,0,0,0.15);\n}\n.btn-3d#default-btn-1a6d8cceed5912a147065cffd4ce4182 {\n  box-shadow: 0px 2px 0px 0px #a82328;\n}\n.btn-3d#default-btn-1a6d8cceed5912a147065cffd4ce4182:hover {\n  box-shadow: 0px 2px 0px 0px #a82328;\n}\n.btn-flat#default-btn-1a6d8cceed5912a147065cffd4ce4182 {\n  box-shadow: none;\n}\n.btn-flat#default-btn-1a6d8cceed5912a147065cffd4ce4182:hover {\n  box-shadow: none;\n}\n#default-btn-1a6d8cceed5912a147065cffd4ce4182.ico-right-side > i {\n  margin-right: 0px;\n  margin-left: 8px;\n}\n#default-btn-1a6d8cceed5912a147065cffd4ce4182 > i {\n  margin-right: 8px;\n  font-size: 20px;\n}\n#default-btn-1a6d8cceed5912a147065cffd4ce4182:not(:hover) {\n  border-width: 1px;\n  border-color: #f2f2f2 !important;\n  color: #ffffff;\n  background: #ed1c24 !important;\n  padding: 10px 14px 10px 14px;\n}\n#default-btn-1a6d8cceed5912a147065cffd4ce4182:not(:hover) * {\n  color: #ffffff;\n}\n#default-btn-1a6d8cceed5912a147065cffd4ce4182:hover {\n  border-width: 1px;\n  border-color: #f2f2f2 !important;\n  color: #ffffff;\n  background: #ed1c24 !important;\n  padding: 10px 14px 10px 14px;\n}\n#default-btn-1a6d8cceed5912a147065cffd4ce4182:hover * {\n  color: #ffffff;\n}\n#default-btn-1a6d8cceed5912a147065cffd4ce4182.ico-right-side > i {\n  margin-right: 0px;\n  margin-left: 8px;\n}\n#default-btn-1a6d8cceed5912a147065cffd4ce4182 > i {\n  margin-right: 8px;\n}\n<\/style><a href=\"#!\/contactlink\" class=\"default-btn-shortcode dt-btn link-hover-off ico-right-side anchor-link btn-inline-left btn-flat  vc_custom_1657100434553\" id=\"default-btn-1a6d8cceed5912a147065cffd4ce4182\" title=\"Contact US\"><span>Kontaktujte n\u00e1s<\/span><i class=\"fas fa-chevron-right\"><\/i><\/a><style type=\"text\/css\" data-type=\"the7_shortcodes-inline-css\">#default-btn-7d2240d55b2c8c90786de720c519cf1d {\n  border-radius: 0px;\n  font-size: 26px;\n  line-height: 28px;\n}\n.btn-shadow#default-btn-7d2240d55b2c8c90786de720c519cf1d {\n  box-shadow: 0 1px 6px rgba(0,0,0,0.12);\n  transition: box-shadow 0.2s ease-out, opacity 0.45s;\n}\n.btn-shadow#default-btn-7d2240d55b2c8c90786de720c519cf1d:hover {\n  box-shadow: 0 5px 11px 0 rgba(0,0,0,0.18), 0 4px 15px 0 rgba(0,0,0,0.15);\n}\n.btn-3d#default-btn-7d2240d55b2c8c90786de720c519cf1d {\n  box-shadow: 0px 2px 0px 0px #a82328;\n}\n.btn-3d#default-btn-7d2240d55b2c8c90786de720c519cf1d:hover {\n  box-shadow: 0px 2px 0px 0px #a82328;\n}\n.btn-flat#default-btn-7d2240d55b2c8c90786de720c519cf1d {\n  box-shadow: none;\n}\n.btn-flat#default-btn-7d2240d55b2c8c90786de720c519cf1d:hover {\n  box-shadow: none;\n}\n#default-btn-7d2240d55b2c8c90786de720c519cf1d.ico-right-side > i {\n  margin-right: 0px;\n  margin-left: 8px;\n}\n#default-btn-7d2240d55b2c8c90786de720c519cf1d > i {\n  margin-right: 8px;\n  font-size: 20px;\n}\n#default-btn-7d2240d55b2c8c90786de720c519cf1d:not(:hover) {\n  border-width: 1px;\n  border-color: #f2f2f2 !important;\n  color: #ffffff;\n  background: #ed1c24 !important;\n  padding: 10px 14px 10px 14px;\n}\n#default-btn-7d2240d55b2c8c90786de720c519cf1d:not(:hover) * {\n  color: #ffffff;\n}\n#default-btn-7d2240d55b2c8c90786de720c519cf1d:hover {\n  border-width: 1px;\n  border-color: #f2f2f2 !important;\n  color: #ffffff;\n  background: #ed1c24 !important;\n  padding: 10px 14px 10px 14px;\n}\n#default-btn-7d2240d55b2c8c90786de720c519cf1d:hover * {\n  color: #ffffff;\n}\n#default-btn-7d2240d55b2c8c90786de720c519cf1d.ico-right-side > i {\n  margin-right: 0px;\n  margin-left: 8px;\n}\n#default-btn-7d2240d55b2c8c90786de720c519cf1d > i {\n  margin-right: 8px;\n}\n<\/style><a href=\"https:\/\/cz.rapid-stop.com\/#!\/video\" class=\"default-btn-shortcode dt-btn link-hover-off ico-right-side anchor-link btn-inline-left btn-flat  vc_custom_1657100450920\" target=\"_blank\" id=\"default-btn-7d2240d55b2c8c90786de720c519cf1d\" title=\"RST Video\" rel=\"noopener\"><span>P\u0158EHR\u00c1T VIDEO<\/span><i class=\"fas fa-chevron-right\"><\/i><\/a>[vc_column_text css=&#8221;.vc_custom_1580164922725{margin-top: -15px !important;margin-bottom: -15px !important;}&#8221;]<span style=\"color: #fff;\">P\u0159in\u00e1\u0161\u00ed<\/span>[\/vc_column_text][vc_single_image image=&#8221;3453&#8243; img_size=&#8221;210&#215;82&#8243; onclick=&#8221;custom_link&#8221; img_link_target=&#8221;_blank&#8221; link=&#8221;https:%2F%2Faerohealthcare.us.com|&#8221;][\/vc_column][vc_column width=&#8221;1\/3&#8243; css=&#8221;.vc_custom_1579835298970{margin-top: 0px !important;margin-right: 0px !important;margin-bottom: 0px !important;margin-left: 0px !important;padding-top: 0px !important;padding-right: 0px !important;padding-bottom: 0px !important;padding-left: 0px !important;}&#8221; offset=&#8221;vc_hidden-xs&#8221;][vc_single_image image=&#8221;3490&#8243; img_size=&#8221;full&#8221; css=&#8221;.vc_custom_1584494783678{margin-top: 20px !important;margin-right: 10px !important;margin-bottom: 20px !important;margin-left: 10px !important;padding-top: 0px !important;padding-bottom: 0px !important;}&#8221;][\/vc_column][\/vc_row][vc_row full_width=&#8221;stretch_row&#8221; bg_type=&#8221;image&#8221; parallax_style=&#8221;vcpb-default&#8221; bg_image_new=&#8221;id^908|url^https:\/\/us.rapid-stop.com\/wp-content\/uploads\/sites\/10\/2019\/12\/Rapid-Stop-Tourniquet-Abseiling.jpg|caption^null|alt^null|title^Rapid Stop Tourniquet Abseiling|description^null&#8221; bg_image_repeat=&#8221;no-repeat&#8221; css=&#8221;.vc_custom_1579827377442{margin-bottom: -330px !important;}&#8221; el_class=&#8221;mobile-off&#8221;][vc_column css=&#8221;.vc_custom_1579827715242{background-position: center !important;background-repeat: no-repeat !important;background-size: cover !important;}&#8221; el_class=&#8221;mobile-off&#8221;][vc_empty_space height=&#8221;650px&#8221; css=&#8221;.vc_custom_1583965275043{margin-top: 0px !important;margin-bottom: 0px !important;border-top-width: 0px !important;border-bottom-width: 0px !important;padding-top: 0px !important;padding-bottom: 0px !important;}&#8221;][vc_row_inner equal_height=&#8221;yes&#8221; gap=&#8221;35&#8243; el_class=&#8221;mobile-off&#8221;][vc_column_inner el_class=&#8221;mobile-off&#8221; width=&#8221;1\/3&#8243;]<div class=\"ult-just-icon-wrapper  \"><div class=\"align-icon\" style=\"text-align:center;\">\n<div class=\"aio-icon-img  uavc-circle \" style=\"font-size:125px;background:#ed1c24;display:inline-block;\" >\n\t<img class=\"img-icon\" alt=\"null\" src=\"https:\/\/rapid-stop.com\/cz\/wp-content\/uploads\/sites\/39\/2019\/12\/Rapid-Stop-Tourniquet-Patents-Pending-2.png\"\/>\n<\/div><\/div><\/div><div id=\"ultimate-heading-95326a075c80dc054\" class=\"uvc-heading ult-adjust-bottom-margin ultimate-heading-95326a075c80dc054 uvc-8544 \" data-hspacer=\"no_spacer\"  data-halign=\"left\" style=\"text-align:left\"><div class=\"uvc-heading-spacer no_spacer\" style=\"top\"><\/div><div class=\"uvc-main-heading ult-responsive\"  data-ultimate-target='.uvc-heading.ultimate-heading-95326a075c80dc054 h2'  data-responsive-json-new='{\"font-size\":\"desktop:57px;\",\"line-height\":\"\"}' ><h2 style=\"font-weight:700;color:#fcfcfc;margin-top:30px;margin-bottom:30px;\">PATENTY V \u0158\u00cdZEN\u00cd<\/h2><\/div><div class=\"uvc-sub-heading ult-responsive\"  data-ultimate-target='.uvc-heading.ultimate-heading-95326a075c80dc054 .uvc-sub-heading '  data-responsive-json-new='{\"font-size\":\"desktop:24px;\",\"line-height\":\"desktop:44px;\"}'  style=\"font-weight:normal;color:#fcfcfc;margin-bottom:10px;\"><\/p>\n<p style=\"text-align: left;\">\u0158ada vyn\u00e1lez\u016f \u0159ad\u00ed RapidStop\u00ae Tourniquet na p\u0159edn\u00ed m\u00edsto na trhu v rychlosti a \u00fa\u010dinnosti.<\/p>\n<p><\/div><\/div>[\/vc_column_inner][vc_column_inner el_class=&#8221;mobile-off&#8221; width=&#8221;1\/3&#8243;]<div class=\"ult-just-icon-wrapper  \"><div class=\"align-icon\" style=\"text-align:center;\">\n<div class=\"aio-icon-img  uavc-circle \" style=\"font-size:125px;background:#ed1c24;display:inline-block;\" >\n\t<img class=\"img-icon\" alt=\"null\" src=\"https:\/\/rapid-stop.com\/cz\/wp-content\/uploads\/sites\/39\/2019\/12\/Rapid-Stop-Tourniquet-Award-Winning.png\"\/>\n<\/div><\/div><\/div><div id=\"ultimate-heading-4766a075c80dc4ab\" class=\"uvc-heading ult-adjust-bottom-margin ultimate-heading-4766a075c80dc4ab uvc-445 \" data-hspacer=\"no_spacer\"  data-halign=\"left\" style=\"text-align:left\"><div class=\"uvc-heading-spacer no_spacer\" style=\"top\"><\/div><div class=\"uvc-main-heading ult-responsive\"  data-ultimate-target='.uvc-heading.ultimate-heading-4766a075c80dc4ab h2'  data-responsive-json-new='{\"font-size\":\"desktop:57px;\",\"line-height\":\"\"}' ><h2 style=\"font-weight:700;color:#fcfcfc;margin-top:30px;margin-bottom:30px;\">OCEN\u011aN\u00cd<\/h2><\/div><div class=\"uvc-sub-heading ult-responsive\"  data-ultimate-target='.uvc-heading.ultimate-heading-4766a075c80dc4ab .uvc-sub-heading '  data-responsive-json-new='{\"font-size\":\"desktop:24px;\",\"line-height\":\"desktop:44px;\"}'  style=\"font-weight:normal;color:#fcfcfc;margin-bottom:10px;\"><\/p>\n<p style=\"text-align: left;\">Nejslibn\u011bj\u0161\u00ed nezbra\u0148ov\u00e1 technologie v sout\u011b\u017ei MIT Soldier Design Competition 2014.<\/p>\n<p><\/div><\/div>[\/vc_column_inner][vc_column_inner el_class=&#8221;mobile-off&#8221; width=&#8221;1\/3&#8243;]<div class=\"ult-just-icon-wrapper  \"><div class=\"align-icon\" style=\"text-align:center;\">\n<div class=\"aio-icon-img  uavc-circle \" style=\"font-size:125px;background:#ed1c24;display:inline-block;\" >\n\t<img class=\"img-icon\" alt=\"null\" src=\"https:\/\/rapid-stop.com\/cz\/wp-content\/uploads\/sites\/39\/2019\/12\/Rapid-Stop-Tourniquet-Self-Applicable.png\"\/>\n<\/div><\/div><\/div><div id=\"ultimate-heading-21746a075c80dc8eb\" class=\"uvc-heading ult-adjust-bottom-margin ultimate-heading-21746a075c80dc8eb uvc-7497 \" data-hspacer=\"no_spacer\"  data-halign=\"left\" style=\"text-align:left\"><div class=\"uvc-heading-spacer no_spacer\" style=\"top\"><\/div><div class=\"uvc-main-heading ult-responsive\"  data-ultimate-target='.uvc-heading.ultimate-heading-21746a075c80dc8eb h2'  data-responsive-json-new='{\"font-size\":\"desktop:57px;\",\"line-height\":\"\"}' ><h2 style=\"font-weight:700;color:#fcfcfc;margin-top:30px;margin-bottom:30px;\">M\u016e\u017dETE POU\u017d\u00cdT SAMI NA SOB\u011a<\/h2><\/div><div class=\"uvc-sub-heading ult-responsive\"  data-ultimate-target='.uvc-heading.ultimate-heading-21746a075c80dc8eb .uvc-sub-heading '  data-responsive-json-new='{\"font-size\":\"desktop:24px;\",\"line-height\":\"desktop:44px;\"}'  style=\"font-weight:normal;color:#fcfcfc;margin-bottom:10px;\"><\/p>\n<p style=\"text-align: left;\">P\u0159i aplikaci tlakov\u00e9ho obvazu RapidStop\u00ae nen\u00ed t\u0159eba asistence. Inovativn\u00ed technologie umo\u017e\u0148uje rychlou vlastn\u00ed aplikaci.<\/p>\n<p><\/div><\/div>[\/vc_column_inner][\/vc_row_inner][\/vc_column][\/vc_row][vc_row bg_type=&#8221;image&#8221; parallax_style=&#8221;vcpb-default&#8221; bg_image_new=&#8221;id^923|url^https:\/\/us.rapid-stop.com\/wp-content\/uploads\/sites\/10\/2019\/12\/Rapid-Stop-Tourniquet-Rock.jpg|caption^null|alt^null|title^Rapid Stop Tourniquet Rock|description^null&#8221; bg_image_repeat=&#8221;no-repeat&#8221; bg_override=&#8221;ex-full&#8221;][vc_column offset=&#8221;vc_hidden-lg vc_hidden-md&#8221; css=&#8221;.vc_custom_1579835429743{padding-bottom: 35px !important;}&#8221;]<div id=\"ultimate-heading-26626a075c80dca2d\" class=\"uvc-heading ult-adjust-bottom-margin ultimate-heading-26626a075c80dca2d uvc-1460 \" data-hspacer=\"image_only\"  data-halign=\"center\" style=\"text-align:center\"><div class=\"uvc-main-heading ult-responsive\"  data-ultimate-target='.uvc-heading.ultimate-heading-26626a075c80dca2d h2'  data-responsive-json-new='{\"font-size\":\"desktop:57px;\",\"line-height\":\"\"}' ><h2 style=\"font-weight:700;color:#ed1c24;margin-top:30px;margin-bottom:15px;\">PATENTY V \u0158\u00cdZEN\u00cd<\/h2><\/div><div class=\"uvc-heading-spacer image_only\" style=\"top\"><img src=\"https:\/\/rapid-stop.com\/cz\/wp-content\/uploads\/sites\/39\/2019\/12\/Rapid-Stop-Tourniquet-Patents-Pending-2.png\" class=\"ultimate-headings-icon-image\" alt=\"null\" style=\"width:48px\"\/><\/div><div class=\"uvc-sub-heading ult-responsive\"  data-ultimate-target='.uvc-heading.ultimate-heading-26626a075c80dca2d .uvc-sub-heading '  data-responsive-json-new='{\"font-size\":\"desktop:24px;\",\"line-height\":\"desktop:44px;\"}'  style=\"font-weight:normal;color:#fcfcfc;margin-bottom:10px;\"><\/p>\n<p style=\"text-align: center;\">\u0158ada vyn\u00e1lez\u016f \u0159ad\u00ed RapidStop\u00ae Tourniquet na p\u0159edn\u00ed m\u00edsto na trhu v rychlosti a \u00fa\u010dinnosti.<\/p>\n<p><\/div><\/div><div id=\"ultimate-heading-77966a075c80dcb52\" class=\"uvc-heading ult-adjust-bottom-margin ultimate-heading-77966a075c80dcb52 uvc-1182 \" data-hspacer=\"image_only\"  data-halign=\"center\" style=\"text-align:center\"><div class=\"uvc-main-heading ult-responsive\"  data-ultimate-target='.uvc-heading.ultimate-heading-77966a075c80dcb52 h2'  data-responsive-json-new='{\"font-size\":\"desktop:57px;\",\"line-height\":\"\"}' ><h2 style=\"font-weight:700;color:#ed1c24;margin-top:30px;margin-bottom:15px;\">OCEN\u011aN\u00cd<\/h2><\/div><div class=\"uvc-heading-spacer image_only\" style=\"top\"><img src=\"https:\/\/rapid-stop.com\/cz\/wp-content\/uploads\/sites\/39\/2019\/12\/Rapid-Stop-Tourniquet-Award-Winning.png\" class=\"ultimate-headings-icon-image\" alt=\"null\" style=\"width:48px\"\/><\/div><div class=\"uvc-sub-heading ult-responsive\"  data-ultimate-target='.uvc-heading.ultimate-heading-77966a075c80dcb52 .uvc-sub-heading '  data-responsive-json-new='{\"font-size\":\"desktop:24px;\",\"line-height\":\"desktop:44px;\"}'  style=\"font-weight:normal;color:#fcfcfc;margin-bottom:10px;\"><\/p>\n<p style=\"text-align: center;\">Nejslibn\u011bj\u0161\u00ed nezbra\u0148ov\u00e1 technologie v sout\u011b\u017ei MIT Soldier Design Competition 2014.<\/p>\n<p><\/div><\/div><div id=\"ultimate-heading-17836a075c80dcc45\" class=\"uvc-heading ult-adjust-bottom-margin ultimate-heading-17836a075c80dcc45 uvc-2093 \" data-hspacer=\"image_only\"  data-halign=\"center\" style=\"text-align:center\"><div class=\"uvc-main-heading ult-responsive\"  data-ultimate-target='.uvc-heading.ultimate-heading-17836a075c80dcc45 h2'  data-responsive-json-new='{\"font-size\":\"desktop:57px;\",\"line-height\":\"\"}' ><h2 style=\"font-weight:700;color:#ed1c24;margin-top:30px;margin-bottom:15px;\">M\u016e\u017dETE POU\u017d\u00cdT SAMI NA SOB\u011a<\/h2><\/div><div class=\"uvc-heading-spacer image_only\" style=\"top\"><img src=\"https:\/\/rapid-stop.com\/cz\/wp-content\/uploads\/sites\/39\/2019\/12\/Rapid-Stop-Tourniquet-Self-Applicable.png\" class=\"ultimate-headings-icon-image\" alt=\"null\" style=\"width:48px\"\/><\/div><div class=\"uvc-sub-heading ult-responsive\"  data-ultimate-target='.uvc-heading.ultimate-heading-17836a075c80dcc45 .uvc-sub-heading '  data-responsive-json-new='{\"font-size\":\"desktop:24px;\",\"line-height\":\"desktop:44px;\"}'  style=\"font-weight:normal;color:#fcfcfc;margin-bottom:10px;\"><\/p>\n<p style=\"text-align: center;\">P\u0159i aplikaci tlakov\u00e9ho obvazu RapidStop\u00ae nen\u00ed t\u0159eba asistence. Inovativn\u00ed technologie umo\u017e\u0148uje rychlou vlastn\u00ed aplikaci.<\/p>\n<p><\/div><\/div>[\/vc_column][\/vc_row][vc_row bg_type=&#8221;image&#8221; parallax_style=&#8221;vcpb-default&#8221; bg_image_new=&#8221;id^923|url^https:\/\/us.rapid-stop.com\/wp-content\/uploads\/sites\/10\/2019\/12\/Rapid-Stop-Tourniquet-Rock.jpg|caption^null|alt^null|title^Rapid Stop Tourniquet Rock|description^null&#8221; bg_image_repeat=&#8221;no-repeat&#8221; bg_override=&#8221;ex-full&#8221; el_class=&#8221;mobile-off&#8221;][vc_column][vc_empty_space height=&#8221;350px&#8221;][\/vc_column][\/vc_row][vc_row bg_type=&#8221;bg_color&#8221; bg_override=&#8221;ex-full&#8221; bg_color_value=&#8221;#ed1c24&#8243; el_id=&#8221;contactlink&#8221;][vc_column width=&#8221;1\/2&#8243;]<div id=\"ultimate-heading-41346a075c80dccc0\" class=\"uvc-heading ult-adjust-bottom-margin ultimate-heading-41346a075c80dccc0 uvc-22 \" data-hspacer=\"no_spacer\"  data-halign=\"left\" style=\"text-align:left\"><div class=\"uvc-heading-spacer no_spacer\" style=\"top\"><\/div><div class=\"uvc-main-heading ult-responsive\"  data-ultimate-target='.uvc-heading.ultimate-heading-41346a075c80dccc0 h2'  data-responsive-json-new='{\"font-size\":\"desktop:57px;\",\"line-height\":\"\"}' ><h2 style=\"font-weight:700;color:#fcfcfc;margin-top:30px;margin-bottom:10px;\">DOTAZY?<\/h2><\/div><div class=\"uvc-sub-heading ult-responsive\"  data-ultimate-target='.uvc-heading.ultimate-heading-41346a075c80dccc0 .uvc-sub-heading '  data-responsive-json-new='{\"font-size\":\"desktop:28px;\",\"line-height\":\"desktop:28px;\"}'  style=\"font-weight:normal;color:#fcfcfc;margin-bottom:10px;\"><\/p>\n<p style=\"text-align: justify;\">webleads@aerohealthcare.com<\/p>\n<p>1800 628 881<\/div><\/div>[\/vc_column][vc_column width=&#8221;1\/2&#8243; css=&#8221;.vc_custom_1579214783119{padding-bottom: 30px !important;}&#8221;]<div role=\"form\" class=\"wpcf7\" id=\"wpcf7-f3525-o1\" lang=\"cs-CZ\" dir=\"ltr\">\n<div class=\"screen-reader-response\"><p role=\"status\" aria-live=\"polite\" aria-atomic=\"true\"><\/p> <ul><\/ul><\/div>\n<form action=\"\/cz\/wp-json\/wp\/v2\/pages\/3524#wpcf7-f3525-o1\" method=\"post\" class=\"wpcf7-form init cf7mls-no-scroll cf7mls-no-moving-animation\" novalidate=\"novalidate\" data-status=\"init\">\n<div style=\"display: none;\">\n<input type=\"hidden\" name=\"_wpcf7\" value=\"3525\" \/>\n<input type=\"hidden\" name=\"_wpcf7_version\" value=\"5.5.6.1\" \/>\n<input type=\"hidden\" name=\"_wpcf7_locale\" value=\"cs_CZ\" \/>\n<input type=\"hidden\" name=\"_wpcf7_unit_tag\" value=\"wpcf7-f3525-o1\" \/>\n<input type=\"hidden\" name=\"_wpcf7_container_post\" value=\"0\" \/>\n<input type=\"hidden\" name=\"_wpcf7_posted_data_hash\" value=\"\" \/>\n<\/div>\n<p><label>PR\u016eMYSL<br \/>\n<span class=\"wpcf7-form-control-wrap menu-458\"><select name=\"menu-458\" class=\"wpcf7-form-control wpcf7-select\" aria-invalid=\"false\"><option value=\"Vojensk\u00e9\">Vojensk\u00e9<\/option><option value=\"Civiln\u00ed z\u00e1chran\u00e1\u0159i\">Civiln\u00ed z\u00e1chran\u00e1\u0159i<\/option><option value=\"Pr\u016fmysl s vysok\u00fdm rizikem\">Pr\u016fmysl s vysok\u00fdm rizikem<\/option><option value=\"Extr\u00e9mn\u00ed outdoor\">Extr\u00e9mn\u00ed outdoor<\/option><\/select><\/span><\/label><br \/>\n<label>JM\u00c9NO<br \/>\n<span class=\"wpcf7-form-control-wrap your-name\"><input type=\"text\" name=\"your-name\" value=\"\" size=\"40\" class=\"wpcf7-form-control wpcf7-text wpcf7-validates-as-required\" aria-required=\"true\" aria-invalid=\"false\" \/><\/span> <\/label><br \/>\n<label>SPOLE\u010cNOST<br \/>\n<span class=\"wpcf7-form-control-wrap your-company\"><input type=\"text\" name=\"your-company\" value=\"\" size=\"40\" class=\"wpcf7-form-control wpcf7-text wpcf7-validates-as-required\" aria-required=\"true\" aria-invalid=\"false\" \/><\/span> <\/label><br \/>\n<label>TELEFON <span class=\"wpcf7-form-control-wrap tel-756\"><input type=\"tel\" name=\"tel-756\" value=\"\" size=\"40\" class=\"wpcf7-form-control wpcf7-text wpcf7-tel wpcf7-validates-as-required wpcf7-validates-as-tel\" aria-required=\"true\" aria-invalid=\"false\" \/><\/span><\/label><br \/>\n<label>M\u011aSTO <span class=\"wpcf7-form-control-wrap your-city\"><input type=\"text\" name=\"your-city\" value=\"\" size=\"40\" class=\"wpcf7-form-control wpcf7-text wpcf7-validates-as-required\" aria-required=\"true\" aria-invalid=\"false\" \/><\/span><\/label><br \/>\n<label>E-MAIL<br \/>\n<span class=\"wpcf7-form-control-wrap your-email\"><input type=\"email\" name=\"your-email\" value=\"\" size=\"40\" class=\"wpcf7-form-control wpcf7-text wpcf7-email wpcf7-validates-as-required wpcf7-validates-as-email\" aria-required=\"true\" aria-invalid=\"false\" \/><\/span> <\/label><br \/>\n<label>POZN\u00c1MKY<br \/>\n<span class=\"wpcf7-form-control-wrap your-message\"><textarea name=\"your-message\" cols=\"40\" rows=\"10\" class=\"wpcf7-form-control wpcf7-textarea\" aria-invalid=\"false\"><\/textarea><\/span> <\/label><\/p>\n<p><input type=\"submit\" value=\"Odeslat\" class=\"wpcf7-form-control has-spinner wpcf7-submit\" \/><\/p>\n<div class=\"inv-recaptcha-holder\"><\/div><div class=\"wpcf7-response-output\" aria-hidden=\"true\"><\/div><\/form><\/div>[\/vc_column][\/vc_row]<\/p>\n","protected":false},"excerpt":{"rendered":"<p>[vc_row full_width=&#8221;stretch_row&#8221; equal_height=&#8221;yes&#8221; content_placement=&#8221;middle&#8221; bg_type=&#8221;bg_color&#8221; bg_color_value=&#8221;#000000&#8243; el_id=&#8221;charakteristiky&#8221; css=&#8221;.vc_custom_1583972273931{padding-top: 150px !important;padding-bottom: 150px !important;}&#8221;][vc_column width=&#8221;2\/3&#8243; css=&#8221;.vc_custom_1579834013466{margin-top: 0px !important;margin-right: 80px !important;margin-bottom: 0px !important;margin-left: 0px !important;padding-top: 0px !important;padding-bottom: 0px !important;}&#8221; el_class=&#8221;mobile-margin-off&#8221;][vc_column_text css=&#8221;.vc_custom_1580164922725{margin-top: -15px !important;margin-bottom: -15px !important;}&#8221;]P\u0159in\u00e1\u0161\u00ed[\/vc_column_text][vc_single_image image=&#8221;3453&#8243; img_size=&#8221;210&#215;82&#8243; onclick=&#8221;custom_link&#8221; img_link_target=&#8221;_blank&#8221; link=&#8221;https:%2F%2Faerohealthcare.us.com|&#8221;][\/vc_column][vc_column width=&#8221;1\/3&#8243; css=&#8221;.vc_custom_1579835298970{margin-top: 0px !important;margin-right: 0px !important;margin-bottom: 0px !important;margin-left: 0px !important;padding-top: 0px !important;padding-right: 0px !important;padding-bottom: 0px !important;padding-left: 0px !important;}&#8221;&hellip;<\/p>\n","protected":false},"author":1,"featured_media":0,"parent":0,"menu_order":0,"comment_status":"closed","ping_status":"closed","template":"","meta":{"content-type":"","_mi_skip_tracking":false},"_links":{"self":[{"href":"https:\/\/rapid-stop.com\/cz\/wp-json\/wp\/v2\/pages\/3524"}],"collection":[{"href":"https:\/\/rapid-stop.com\/cz\/wp-json\/wp\/v2\/pages"}],"about":[{"href":"https:\/\/rapid-stop.com\/cz\/wp-json\/wp\/v2\/types\/page"}],"author":[{"embeddable":true,"href":"https:\/\/rapid-stop.com\/cz\/wp-json\/wp\/v2\/users\/1"}],"replies":[{"embeddable":true,"href":"https:\/\/rapid-stop.com\/cz\/wp-json\/wp\/v2\/comments?post=3524"}],"version-history":[{"count":5,"href":"https:\/\/rapid-stop.com\/cz\/wp-json\/wp\/v2\/pages\/3524\/revisions"}],"predecessor-version":[{"id":3559,"href":"https:\/\/rapid-stop.com\/cz\/wp-json\/wp\/v2\/pages\/3524\/revisions\/3559"}],"wp:attachment":[{"href":"https:\/\/rapid-stop.com\/cz\/wp-json\/wp\/v2\/media?parent=3524"}],"curies":[{"name":"wp","href":"https:\/\/api.w.org\/{rel}","templated":true}]}}