{"id":3362,"date":"2021-10-18T03:52:49","date_gmt":"2021-10-18T03:52:49","guid":{"rendered":"https:\/\/cz.rapid-stop.com\/?page_id=3362"},"modified":"2022-12-14T21:29:38","modified_gmt":"2022-12-14T21:29:38","slug":"bleed-control-kit-medium","status":"publish","type":"page","link":"https:\/\/rapid-stop.com\/cz\/bleed-control-kit-medium\/?lang=en","title":{"rendered":"Bleed Control Kit &#8211; Medium"},"content":{"rendered":"<p>[vc_row bg_type=&#8221;image&#8221; el_class=&#8221;bk1-white&#8221; css=&#8221;.vc_custom_1634616579689{margin-top: 50px !important;padding-top: 50px !important;}&#8221;][vc_column width=&#8221;3\/4&#8243;]<div id=\"ultimate-heading-65696a075104bfbfe\" class=\"uvc-heading ult-adjust-bottom-margin ultimate-heading-65696a075104bfbfe uvc-3020 bk1-white uvc-heading-default-font-sizes\" data-hspacer=\"no_spacer\"  data-halign=\"left\" style=\"text-align:left\"><div class=\"uvc-heading-spacer no_spacer\" style=\"top\"><\/div><div class=\"uvc-main-heading ult-responsive\"  data-ultimate-target='.uvc-heading.ultimate-heading-65696a075104bfbfe h2'  data-responsive-json-new='{\"font-size\":\"\",\"line-height\":\"\"}' ><h2 style=\"--font-weight:theme;color:#ffffff;\">RAPIDSTOP Medium Bleeding Control Kits<\/h2><\/div><div class=\"uvc-sub-heading ult-responsive\"  data-ultimate-target='.uvc-heading.ultimate-heading-65696a075104bfbfe .uvc-sub-heading '  data-responsive-json-new='{\"font-size\":\"\",\"line-height\":\"\"}'  style=\"font-weight:normal;color:#ffffff;\"><\/p>\n<h3>The RapidStop Bleeding Control Kit has everything you need to save lives, FAST.<\/h3>\n<p><\/div><\/div>[vc_column_text css_animation=&#8221;none&#8221; el_class=&#8221;bk1-white&#8221;]The RapidStop Bleeding Control Kits are designed for quick and effective control of mass haemorrhaging. Including the popular RapidStop Tourniquet, this haemostatic trauma solution offers military grade ruggedness, all age suitability, superior single-handed application and the fastest average occlusion time. Achieving full occlusion in the shortest time possible is critical. This kit is designed to provide treatment options with efficiency and effectiveness in mind.<\/p>\n<p>The Bleeding Control Kits are compact in size and effective in all environments, whether used in Military, First Response or Civilian instance.[\/vc_column_text][\/vc_column][vc_column width=&#8221;1\/4&#8243;][vc_single_image image=&#8221;3340&#8243; img_size=&#8221;medium&#8221; el_class=&#8221;white-shadow&#8221;]<style type=\"text\/css\" data-type=\"the7_shortcodes-inline-css\">#default-btn-293cbc8f2a37e41bf6ed3a1a541a889c.ico-right-side > i {\n  margin-right: 0px;\n  margin-left: 8px;\n}\n#default-btn-293cbc8f2a37e41bf6ed3a1a541a889c > i {\n  margin-right: 8px;\n}\n<\/style><div class=\"btn-align-center\"><a href=\"#\" class=\"default-btn-shortcode dt-btn dt-btn-l link-hover-off bk1-btn \" id=\"default-btn-293cbc8f2a37e41bf6ed3a1a541a889c\"><span>Learn More<\/span><\/a><\/div>[\/vc_column][\/vc_row][vc_row bg_type=&#8221;image&#8221; el_class=&#8221;bk1-white&#8221; css=&#8221;.vc_custom_1634616605839{padding-top: 50px !important;padding-bottom: 50px !important;}&#8221;][vc_column][vc_single_image image=&#8221;3418&#8243; img_size=&#8221;full&#8221; alignment=&#8221;center&#8221; el_class=&#8221;white-shadow&#8221;][\/vc_column][\/vc_row][vc_row bg_type=&#8221;image&#8221; el_class=&#8221;bk1-white&#8221; css=&#8221;.vc_custom_1634529649436{padding-bottom: 25px !important;}&#8221;][vc_column width=&#8221;1\/2&#8243;]<div id=\"ultimate-heading-43186a075104c017f\" class=\"uvc-heading ult-adjust-bottom-margin ultimate-heading-43186a075104c017f uvc-5805 bk1-white uvc-heading-default-font-sizes\" data-hspacer=\"no_spacer\"  data-halign=\"left\" style=\"text-align:left\"><div class=\"uvc-heading-spacer no_spacer\" style=\"top\"><\/div><div class=\"uvc-main-heading ult-responsive\"  data-ultimate-target='.uvc-heading.ultimate-heading-43186a075104c017f h4'  data-responsive-json-new='{\"font-size\":\"\",\"line-height\":\"\"}' ><h4 style=\"--font-weight:theme;color:#ffffff;\">RSK410 - RAPIDSTOP Medium Bleeding Control Kit \u2013 Tactical<\/h4><\/div><\/div>[vc_single_image image=&#8221;3408&#8243; img_size=&#8221;large&#8221; alignment=&#8221;center&#8221; style=&#8221;vc_box_shadow&#8221; css_animation=&#8221;none&#8221; el_class=&#8221;white-shadow&#8221;][vc_column_text css_animation=&#8221;none&#8221; el_class=&#8221;small&#8221;]<\/p>\n<h4>KIT CONTENTS:<\/h4>\n<table class=\"t1\" cellspacing=\"0\" cellpadding=\"0\">\n<tbody>\n<tr>\n<td class=\"td1\" valign=\"top\">\n<p class=\"p1\"><strong>DESCRIPTION<\/strong><\/p>\n<\/td>\n<td class=\"td1\" valign=\"top\">\n<p class=\"p1\"><strong>QUANTITY<\/strong><\/p>\n<\/td>\n<\/tr>\n<tr>\n<td>RAPIDSTOP Tourniquet Orange Strap<\/td>\n<td class=\"td1\" valign=\"top\">\n<p class=\"p1\">1<\/p>\n<\/td>\n<\/tr>\n<tr>\n<td>FIRSTCARE Civilian Trauma &amp; Hemorrhage Control Bandage\u00a0<em>10 cm x 17 cm\u00a0<\/em><\/td>\n<td class=\"td1\" valign=\"top\">\n<p class=\"p1\">1<\/p>\n<\/td>\n<\/tr>\n<tr>\n<td>HYFIN Vent Chest Seal Pack\/2<\/td>\n<td class=\"td1\" valign=\"top\">\n<p class=\"p1\">1<\/p>\n<\/td>\n<\/tr>\n<tr>\n<td>AEROINSTRUMENT Universal Shears\u00a019 cm<\/td>\n<td class=\"td1\" valign=\"top\">\n<p class=\"p1\">1<\/p>\n<\/td>\n<\/tr>\n<tr>\n<td>AEROGLOVE Large Nitrile Powder-Free Glove\/Pair<\/td>\n<td class=\"td1\" valign=\"top\">\n<p class=\"p1\">2<\/p>\n<\/td>\n<\/tr>\n<tr>\n<td>AERORESCUE Thermal Blanket\u00a0140 cm x 210 cm<\/td>\n<td class=\"td1\" valign=\"top\">\n<p class=\"p1\">1<\/p>\n<\/td>\n<\/tr>\n<tr>\n<td>AEROSHIELD Disposable Face Shield<\/td>\n<td class=\"td1\" valign=\"top\">\n<p class=\"p1\">1<\/p>\n<\/td>\n<\/tr>\n<tr>\n<td>AEROSUPPLIES Marker Pen<\/td>\n<td class=\"td1\" valign=\"top\">\n<p class=\"p1\">1<\/p>\n<\/td>\n<\/tr>\n<tr>\n<td>5.11 UCR IFAK Pouch Medium<\/td>\n<td class=\"td1\" valign=\"top\">\n<p class=\"p1\">1<\/p>\n<\/td>\n<\/tr>\n<\/tbody>\n<\/table>\n<p>Dimensions: 20 x 13 x 10 cm[\/vc_column_text]<style type=\"text\/css\" data-type=\"the7_shortcodes-inline-css\">#default-btn-d6eb1de31f608ae1b18ba45d9f2542a1.ico-right-side > i {\n  margin-right: 0px;\n  margin-left: 8px;\n}\n#default-btn-d6eb1de31f608ae1b18ba45d9f2542a1 > i {\n  margin-right: 8px;\n}\n<\/style><a href=\"mailto:sales@aerohealthcare.com?subject=RapidStop%20Med-Tactical%20Bleeding%20Control%20Kit%20Pricing&amp;body=Hi%20Aero%20Healthcare%2C%20%0D%0A%0D%0APlease%20send%20me%20pricing%20for%20the%20RapidStop%20Bleeding%20Control%20Kit.%0D%0A%0D%0AThanks%2C\" class=\"default-btn-shortcode dt-btn dt-btn-l link-hover-off bk1-btn btn-inline-left \" id=\"default-btn-d6eb1de31f608ae1b18ba45d9f2542a1\"><span>Enquire Now<\/span><\/a>[\/vc_column][vc_column width=&#8221;1\/2&#8243;]<div id=\"ultimate-heading-92346a075104c0394\" class=\"uvc-heading ult-adjust-bottom-margin ultimate-heading-92346a075104c0394 uvc-3129 bk1-white uvc-heading-default-font-sizes\" data-hspacer=\"no_spacer\"  data-halign=\"left\" style=\"text-align:left\"><div class=\"uvc-heading-spacer no_spacer\" style=\"top\"><\/div><div class=\"uvc-main-heading ult-responsive\"  data-ultimate-target='.uvc-heading.ultimate-heading-92346a075104c0394 h4'  data-responsive-json-new='{\"font-size\":\"\",\"line-height\":\"\"}' ><h4 style=\"--font-weight:theme;color:#ffffff;\">RSK411 - RAPIDSTOP Medium Bleeding Control Kit - Pack<\/h4><\/div><\/div>[vc_single_image image=&#8221;3340&#8243; img_size=&#8221;large&#8221; alignment=&#8221;center&#8221; style=&#8221;vc_box_shadow&#8221; css_animation=&#8221;none&#8221; el_class=&#8221;white-shadow&#8221;][vc_column_text el_class=&#8221;small&#8221;]<\/p>\n<h4>KIT CONTENTS:<\/h4>\n<table class=\"t1\" cellspacing=\"0\" cellpadding=\"0\">\n<tbody>\n<tr>\n<td class=\"td1\" valign=\"top\">\n<p class=\"p1\"><strong>DESCRIPTION<\/strong><\/p>\n<\/td>\n<td class=\"td1\" valign=\"top\">\n<p class=\"p1\"><strong>QUANTITY<\/strong><\/p>\n<\/td>\n<\/tr>\n<tr>\n<td>RAPIDSTOP Tourniquet Orange Strap<\/td>\n<td class=\"td1\" valign=\"top\">\n<p class=\"p1\">1<\/p>\n<\/td>\n<\/tr>\n<tr>\n<td>FIRSTCARE Civilian Trauma &amp; Hemorrhage Control Bandage\u00a0<em>10 cm 7 cm<\/em><\/td>\n<td class=\"td1\" valign=\"top\">1<\/td>\n<\/tr>\n<tr>\n<td>HYFIN Vent Chest Seal\u00a0Pack\/2<\/td>\n<td class=\"td1\" valign=\"top\">\n<p class=\"p1\">1<\/p>\n<\/td>\n<\/tr>\n<tr>\n<td>AEROINSTRUMENT Universal Shears\u00a019 cm<\/td>\n<td class=\"td1\" valign=\"top\">\n<p class=\"p1\">1<\/p>\n<\/td>\n<\/tr>\n<tr>\n<td>AEROGLOVE Large Nitrile Powder-Free Glove\/Pair<\/td>\n<td class=\"td1\" valign=\"top\">\n<p class=\"p1\">2<\/p>\n<\/td>\n<\/tr>\n<tr>\n<td>AERORESCUE Thermal Blanket\u00a0140 cm x 210 cm<\/td>\n<td class=\"td1\" valign=\"top\">\n<p class=\"p1\">1<\/p>\n<\/td>\n<\/tr>\n<tr>\n<td>AEROSHIELD Disposable Face Shield<\/td>\n<td class=\"td1\" valign=\"top\">\n<p class=\"p1\">1<\/p>\n<\/td>\n<\/tr>\n<tr>\n<td>AEROSUPPLIES Marker Pen<\/td>\n<td class=\"td1\" valign=\"top\">\n<p class=\"p1\">1<\/p>\n<\/td>\n<\/tr>\n<\/tbody>\n<\/table>\n<p>Dimensions: 26 x 19 x 8 cm[\/vc_column_text]<style type=\"text\/css\" data-type=\"the7_shortcodes-inline-css\">#default-btn-9f64f705713e234921b7655c976fcd75.ico-right-side > i {\n  margin-right: 0px;\n  margin-left: 8px;\n}\n#default-btn-9f64f705713e234921b7655c976fcd75 > i {\n  margin-right: 8px;\n}\n<\/style><a href=\"mailto:sales@aerohealthcare.com?subject=RapidStop%20Med-Pack%20Bleeding%20Control%20Kit%20Pricing&amp;body=Hi%20Aero%20Healthcare%2C%20%0D%0A%0D%0APlease%20send%20me%20pricing%20for%20the%20RapidStop%20Bleeding%20Control%20Kit.%0D%0A%0D%0AThanks%2C\" class=\"default-btn-shortcode dt-btn dt-btn-l link-hover-off bk1-btn btn-inline-left \" id=\"default-btn-9f64f705713e234921b7655c976fcd75\"><span>Enquire Now<\/span><\/a>[\/vc_column][\/vc_row][vc_row bg_type=&#8221;bg_color&#8221; bg_override=&#8221;ex-full&#8221; css=&#8221;.vc_custom_1634527917377{padding-top: 25px !important;padding-bottom: 25px !important;}&#8221; bg_color_value=&#8221;#ed1c24&#8243;][vc_column width=&#8221;1\/2&#8243;]<div id=\"ultimate-heading-35736a075104c0564\" class=\"uvc-heading ult-adjust-bottom-margin ultimate-heading-35736a075104c0564 uvc-2007 \" data-hspacer=\"no_spacer\"  data-halign=\"left\" style=\"text-align:left\"><div class=\"uvc-heading-spacer no_spacer\" style=\"top\"><\/div><div class=\"uvc-main-heading ult-responsive\"  data-ultimate-target='.uvc-heading.ultimate-heading-35736a075104c0564 h2'  data-responsive-json-new='{\"font-size\":\"desktop:57px;\",\"line-height\":\"\"}' ><h2 style=\"--font-weight:theme;color:#ffffff;margin-top:30px;margin-bottom:10px;\">QUESTIONS?<\/h2><\/div><div class=\"uvc-sub-heading ult-responsive\"  data-ultimate-target='.uvc-heading.ultimate-heading-35736a075104c0564 .uvc-sub-heading '  data-responsive-json-new='{\"font-size\":\"desktop:28px;\",\"line-height\":\"\"}'  style=\"font-weight:normal;color:#ffffff;margin-bottom:10px;\"><\/p>\n<p style=\"text-align: justify;\">sales@aerohealthcare.com<\/p>\n<p>1800 628 881<\/div><\/div>[vc_single_image image=&#8221;792&#8243; img_size=&#8221;210&#215;82&#8243; onclick=&#8221;custom_link&#8221; img_link_target=&#8221;_blank&#8221; link=&#8221;https:\/\/aerohealthcare.com\/&#8221;][\/vc_column][vc_column width=&#8221;1\/2&#8243;]<div role=\"form\" class=\"wpcf7\" id=\"wpcf7-f3535-o1\" lang=\"cs-CZ\" dir=\"ltr\">\n<div class=\"screen-reader-response\"><p role=\"status\" aria-live=\"polite\" aria-atomic=\"true\"><\/p> <ul><\/ul><\/div>\n<form action=\"\/cz\/wp-json\/wp\/v2\/pages\/3362#wpcf7-f3535-o1\" method=\"post\" class=\"wpcf7-form init cf7mls-no-scroll cf7mls-no-moving-animation\" novalidate=\"novalidate\" data-status=\"init\">\n<div style=\"display: none;\">\n<input type=\"hidden\" name=\"_wpcf7\" value=\"3535\" \/>\n<input type=\"hidden\" name=\"_wpcf7_version\" value=\"5.5.6.1\" \/>\n<input type=\"hidden\" name=\"_wpcf7_locale\" value=\"cs_CZ\" \/>\n<input type=\"hidden\" name=\"_wpcf7_unit_tag\" value=\"wpcf7-f3535-o1\" \/>\n<input type=\"hidden\" name=\"_wpcf7_container_post\" value=\"0\" \/>\n<input type=\"hidden\" name=\"_wpcf7_posted_data_hash\" value=\"\" \/>\n<\/div>\n<p><label>PR\u016eMYSL<br \/>\n<span class=\"wpcf7-form-control-wrap menu-458\"><select name=\"menu-458\" class=\"wpcf7-form-control wpcf7-select\" aria-invalid=\"false\"><option value=\"Vojensk\u00e9\">Vojensk\u00e9<\/option><option value=\"Civiln\u00ed z\u00e1chran\u00e1\u0159i\">Civiln\u00ed z\u00e1chran\u00e1\u0159i<\/option><option value=\"Pr\u016fmysl s vysok\u00fdm rizikem\">Pr\u016fmysl s vysok\u00fdm rizikem<\/option><option value=\"Extr\u00e9mn\u00ed outdoor\">Extr\u00e9mn\u00ed outdoor<\/option><\/select><\/span><\/label><br \/>\n<label>JM\u00c9NO<br \/>\n<span class=\"wpcf7-form-control-wrap your-name\"><input type=\"text\" name=\"your-name\" value=\"\" size=\"40\" class=\"wpcf7-form-control wpcf7-text wpcf7-validates-as-required\" aria-required=\"true\" aria-invalid=\"false\" \/><\/span> <\/label><br \/>\n<label>TELEFON <span class=\"wpcf7-form-control-wrap tel-756\"><input type=\"tel\" name=\"tel-756\" value=\"\" size=\"40\" class=\"wpcf7-form-control wpcf7-text wpcf7-tel wpcf7-validates-as-required wpcf7-validates-as-tel\" aria-required=\"true\" aria-invalid=\"false\" \/><\/span><\/label><br \/>\n<label>M\u011aSTO <span class=\"wpcf7-form-control-wrap your-city\"><input type=\"text\" name=\"your-city\" value=\"\" size=\"40\" class=\"wpcf7-form-control wpcf7-text wpcf7-validates-as-required\" aria-required=\"true\" aria-invalid=\"false\" \/><\/span><\/label><br \/>\n<label>E-MAIL<br \/>\n<span class=\"wpcf7-form-control-wrap your-email\"><input type=\"email\" name=\"your-email\" value=\"\" size=\"40\" class=\"wpcf7-form-control wpcf7-text wpcf7-email wpcf7-validates-as-required wpcf7-validates-as-email\" aria-required=\"true\" aria-invalid=\"false\" \/><\/span> <\/label><br \/>\n<label>POZN\u00c1MKY<br \/>\n<span class=\"wpcf7-form-control-wrap your-message\"><textarea name=\"your-message\" cols=\"40\" rows=\"10\" class=\"wpcf7-form-control wpcf7-textarea\" aria-invalid=\"false\"><\/textarea><\/span> <\/label><\/p>\n<p><input type=\"submit\" value=\"Odeslat\" class=\"wpcf7-form-control has-spinner wpcf7-submit\" \/><\/p>\n<div class=\"inv-recaptcha-holder\"><\/div><div class=\"wpcf7-response-output\" aria-hidden=\"true\"><\/div><\/form><\/div>[\/vc_column][\/vc_row][vc_row][vc_column][\/vc_column][\/vc_row]<\/p>\n","protected":false},"excerpt":{"rendered":"<p>[vc_row bg_type=&#8221;image&#8221; el_class=&#8221;bk1-white&#8221; css=&#8221;.vc_custom_1634616579689{margin-top: 50px !important;padding-top: 50px !important;}&#8221;][vc_column width=&#8221;3\/4&#8243;][vc_column_text css_animation=&#8221;none&#8221; el_class=&#8221;bk1-white&#8221;]The RapidStop Bleeding Control Kits are designed for quick and effective control of mass haemorrhaging. Including the popular RapidStop Tourniquet, this haemostatic trauma solution offers military grade ruggedness, all age suitability, superior single-handed application and the fastest average occlusion time. Achieving full occlusion in the&hellip;<\/p>\n","protected":false},"author":71,"featured_media":0,"parent":0,"menu_order":0,"comment_status":"closed","ping_status":"closed","template":"","meta":{"content-type":"","_mi_skip_tracking":false},"_links":{"self":[{"href":"https:\/\/rapid-stop.com\/cz\/wp-json\/wp\/v2\/pages\/3362"}],"collection":[{"href":"https:\/\/rapid-stop.com\/cz\/wp-json\/wp\/v2\/pages"}],"about":[{"href":"https:\/\/rapid-stop.com\/cz\/wp-json\/wp\/v2\/types\/page"}],"author":[{"embeddable":true,"href":"https:\/\/rapid-stop.com\/cz\/wp-json\/wp\/v2\/users\/71"}],"replies":[{"embeddable":true,"href":"https:\/\/rapid-stop.com\/cz\/wp-json\/wp\/v2\/comments?post=3362"}],"version-history":[{"count":29,"href":"https:\/\/rapid-stop.com\/cz\/wp-json\/wp\/v2\/pages\/3362\/revisions"}],"predecessor-version":[{"id":3578,"href":"https:\/\/rapid-stop.com\/cz\/wp-json\/wp\/v2\/pages\/3362\/revisions\/3578"}],"wp:attachment":[{"href":"https:\/\/rapid-stop.com\/cz\/wp-json\/wp\/v2\/media?parent=3362"}],"curies":[{"name":"wp","href":"https:\/\/api.w.org\/{rel}","templated":true}]}}