{"id":4354,"date":"2020-01-08T05:08:41","date_gmt":"2020-01-08T05:08:41","guid":{"rendered":"https:\/\/br.rapid-stop.com\/terms-and-conditions\/"},"modified":"2020-10-30T15:05:52","modified_gmt":"2020-10-30T15:05:52","slug":"terms-and-conditions","status":"publish","type":"page","link":"https:\/\/rapid-stop.com\/br\/terms-and-conditions\/","title":{"rendered":"Termos e Condi\u00e7\u00f5es"},"content":{"rendered":"\n<p>Aero Healthcare AU Pty Ltd<\/p>\n\n<p>TERMOS E CONDI\u00c7\u00d5ES DE USO DO WEBSITE Aero Healthcare EUA LLC<\/p>\n\n<p>Bem-vindo ao nosso site.<\/p>\n\n<p>Este site, com endere\u00e7o de URL br.rapid-stop.com e us.br.rapid-stop.com \u00e9 de propriedade e operado pela Aero Healthcare AU Pty Ltd ACN 614 308 146. Ao continuar a usar este site, voc\u00ea concorda em cumprir e se submeter aos seguintes termos e condi\u00e7\u00f5es de uso (&#8216;Termos de Uso&#8217;), que juntamente com a nossa pol\u00edtica de privacidade regem o relacionamento da Aero Healthcare AU com voc\u00ea em conex\u00e3o com este site. Caso voc\u00ea n\u00e3o concorde com nenhum desses termos e condi\u00e7\u00f5es, por favor, n\u00e3o use o nosso site. Leia e revise estes Termos de Uso cuidadosamente antes de acessar ou usar este site. Ao acessar ou usar este site, voc\u00ea reconhece que leu, entendeu e concordou com os Termos de Uso. Se voc\u00ea n\u00e3o concordar com os Termos de Uso, voc\u00ea n\u00e3o pode acessar ou usar o site.<\/p>\n\n<p>O termo &#8216; Aero Healthcare US LLC&#8217; ou &#8216;n\u00f3s&#8217; ou &#8216;nosso&#8217; ou &#8216;nos&#8217; refere-se \u00e0 Aero Healthcare US LLC, dona do site, cuja sede \u00e9 Suite 6, 616 Corporate Way, Valley Cottage, NY, 10989. O termo &#8216;voc\u00ea&#8217; ou &#8216;seu&#8217; refere-se ao usu\u00e1rio do site.<\/p>\n\n<p>O uso deste site est\u00e1 sujeito aos seguintes termos e condi\u00e7\u00f5es:<\/p>\n\n<ol><li>O conte\u00fado deste site \u00e9 apenas para informa\u00e7\u00f5es gerais e uso. Sujeito a altera\u00e7\u00f5es sem aviso pr\u00e9vio.<\/li><li>Este site usa cookies para monitorar as prefer\u00eancias de navega\u00e7\u00e3o. Se voc\u00ea permitir que os cookies sejam usados, as seguintes informa\u00e7\u00f5es pessoais podem ser armazenadas por n\u00f3s para uso por terceiros: data de nascimento, sexo, endere\u00e7o. Se voc\u00ea n\u00e3o deseja que os cookies sejam armazenados em seu dispositivo, voc\u00ea pode bloque\u00e1-los ativando a configura\u00e7\u00e3o relevante no seu navegador que geralmente pode ser encontrada na se\u00e7\u00e3o &#8220;ajuda&#8221;. Mais informa\u00e7\u00f5es sobre como fazer isso est\u00e3o dispon\u00edveis aqui: <a href=\"https:\/\/www.allaboutcookies.org\/\">allaboutcookies.org<\/a> ou <a href=\"https:\/\/www.youronlinechoices.eu\/\">www.youronlinechoices.eu<\/a>. No entanto, note que, se voc\u00ea usar as configura\u00e7\u00f5es do seu navegador para bloquear cookies, voc\u00ea pode n\u00e3o ser capaz de acessar todas ou partes do nosso site. O uso do site sem alterar as configura\u00e7\u00f5es de cookies do seu navegador indicar\u00e1 seu consentimento para o uso de cookies de acordo com estes Termos de Uso.<\/li><li>N\u00f3s e terceiros n\u00e3o fornecemos qualquer garantia ou garantia quanto ao desempenho, precis\u00e3o, pontualidade, completude ou adequa\u00e7\u00e3o das informa\u00e7\u00f5es e materiais encontrados ou oferecidos neste site para qualquer finalidade espec\u00edfica. Voc\u00ea reconhece que tais informa\u00e7\u00f5es e materiais podem conter erros, imprecis\u00f5es ou erros e exclu\u00edmos expressamente qualquer responsabilidade por tal, na medida do permitido por lei.<\/li><li>O uso de qualquer informa\u00e7\u00e3o ou material neste site \u00e9 inteiramente por sua conta e risco, pelo qual n\u00e3o seremos respons\u00e1veis. Ser\u00e1 de sua exclusiva responsabilidade garantir que quaisquer produtos, servi\u00e7os ou informa\u00e7\u00f5es dispon\u00edveis atrav\u00e9s deste site atendam aos seus requisitos espec\u00edficos.<\/li><li>Este site cont\u00e9m material que \u00e9 de propriedade ou licenciado para n\u00f3s. Este material inclui, mas n\u00e3o se limita a, o conte\u00fado, design, layout, apar\u00eancia, visual e gr\u00e1ficos do site. Qualquer reprodu\u00e7\u00e3o do material do site \u00e9 proibida, exceto de acordo com o aviso de direitos autorais, que faz parte destes termos e condi\u00e7\u00f5es.<\/li><li>Todas as marcas comerciais reproduzidas neste site, que n\u00e3o s\u00e3o de propriedade ou licenciadas para n\u00f3s, s\u00e3o reconhecidas no site.<\/li><li>O uso n\u00e3o autorizado deste site pode ser um crime e\/ou dar origem a um pedido de indeniza\u00e7\u00e3o.<\/li><li>Este site tamb\u00e9m pode, de vez em quando, incluir links para outros sites que n\u00e3o s\u00e3o controlados por n\u00f3s. Esses links s\u00e3o fornecidos para sua conveni\u00eancia pela Aero Healthcare AU Pty Ltd para fornecer-lhe mais informa\u00e7\u00f5es. Voc\u00ea reconhece que eles s\u00e3o usados por sua conta e risco. A inclus\u00e3o desses links n\u00e3o significa que recomendamos ou endossamos os sites. N\u00e3o temos controle sobre a natureza, conte\u00fado e disponibilidade desses sites.<\/li><li>Seu uso deste site e qualquer disputa decorrente de seu uso est\u00e3o sujeitos \u00e0s leis de Nova Gales do Sul.<\/li><li>Voc\u00ea s\u00f3 pode usar o site para fins l\u00edcitos e de forma consistente com a natureza e o prop\u00f3sito do site.<\/li><li>Estes termos e condi\u00e7\u00f5es n\u00e3o se relacionam com o uso de qualquer produto ou servi\u00e7o descrito em nosso site, a menos que seja acordado de outra forma. Voc\u00ea deve consultar a garantia individual relevante para cada produto ou servi\u00e7o em particular.<\/li><li>Estes termos e condi\u00e7\u00f5es podem ser alterados de tempos em tempos. Ao continuar a usar o nosso site ap\u00f3s quaisquer altera\u00e7\u00f5es ser\u00e1 considerado como sendo a confirma\u00e7\u00e3o de que voc\u00ea aceita essas altera\u00e7\u00f5es.<\/li><li>Voc\u00ea nos insenta de e contra todas as reclama\u00e7\u00f5es, a\u00e7\u00f5es, demandas, a\u00e7\u00f5es, responsabilidades, custos e despesas (incluindo custos legais e despesas em plena base indeniza\u00e7\u00e3o) resultantes do seu uso do site.<\/li><li>Em nenhum caso seremos respons\u00e1veis por qualquer perda, dano, custo ou despesa, incluindo custos legais e despesas (diretas ou indiretas) incorridas por voc\u00ea em rela\u00e7\u00e3o ao uso deste site.<\/li><li>Todos os esfor\u00e7os s\u00e3o feitos para manter o site funcionando corretamente. No entanto, n\u00e3o nos responsabilizamos e n\u00e3o seremos respons\u00e1veis por o site estar temporariamente indispon\u00edvel devido a problemas t\u00e9cnicos al\u00e9m do nosso controle.<\/li><\/ol>","protected":false},"excerpt":{"rendered":"<p>Aero Healthcare AU Pty Ltd TERMOS E CONDI\u00c7\u00d5ES DE USO DO WEBSITE Aero Healthcare EUA LLC Bem-vindo ao nosso site. Este site, com endere\u00e7o de URL br.rapid-stop.com e us.br.rapid-stop.com \u00e9 de propriedade e operado pela Aero Healthcare AU Pty Ltd ACN 614 308 146. Ao continuar a usar este site, voc\u00ea concorda em cumprir e&hellip;<\/p>\n","protected":false},"author":1,"featured_media":0,"parent":0,"menu_order":0,"comment_status":"closed","ping_status":"closed","template":"","meta":{"content-type":"","_mi_skip_tracking":false},"_links":{"self":[{"href":"https:\/\/rapid-stop.com\/br\/wp-json\/wp\/v2\/pages\/4354"}],"collection":[{"href":"https:\/\/rapid-stop.com\/br\/wp-json\/wp\/v2\/pages"}],"about":[{"href":"https:\/\/rapid-stop.com\/br\/wp-json\/wp\/v2\/types\/page"}],"author":[{"embeddable":true,"href":"https:\/\/rapid-stop.com\/br\/wp-json\/wp\/v2\/users\/1"}],"replies":[{"embeddable":true,"href":"https:\/\/rapid-stop.com\/br\/wp-json\/wp\/v2\/comments?post=4354"}],"version-history":[{"count":4,"href":"https:\/\/rapid-stop.com\/br\/wp-json\/wp\/v2\/pages\/4354\/revisions"}],"predecessor-version":[{"id":4452,"href":"https:\/\/rapid-stop.com\/br\/wp-json\/wp\/v2\/pages\/4354\/revisions\/4452"}],"wp:attachment":[{"href":"https:\/\/rapid-stop.com\/br\/wp-json\/wp\/v2\/media?parent=4354"}],"curies":[{"name":"wp","href":"https:\/\/api.w.org\/{rel}","templated":true}]}}