{"id":4353,"date":"2020-01-24T11:14:13","date_gmt":"2020-01-24T11:14:13","guid":{"rendered":"https:\/\/br.rapid-stop.com\/shipping-rates-procedures\/"},"modified":"2020-10-21T21:09:05","modified_gmt":"2020-10-21T21:09:05","slug":"shipping-rates-procedures","status":"publish","type":"page","link":"https:\/\/rapid-stop.com\/br\/shipping-rates-procedures\/","title":{"rendered":"Frete &amp; Procedimentos"},"content":{"rendered":"\n<p>Taxa de frete fixa de $10.99 para todos os pedidos nos EUA. Contate <a href=\"mailto:sales@aerohealthcare.us.com\">sales@aerohealthcare.us.com<\/a> para cota\u00e7\u00f5es internacionais.<\/p>\n\n<p>Procedimentos de Compra e Frete<\/p>\n\n<p>Os pedidos geralmente s\u00e3o enviados dentro de 1 \u2013 2 dias \u00fateis ap\u00f3s a confirma\u00e7\u00e3o do pagamento. A Aero Healthcare US LLC tentar\u00e1 processar cancelamentos antes do envio. Se o pedido j\u00e1 tiver sido enviado, todos os custos de devolu\u00e7\u00e3o ser\u00e3o de responsabilidade do cliente. Se uma parte do pedido estiver temporariamente esgotada, essa parte ser\u00e1 enviada assim que entrar em estoque sem custos adicionais ao cliente .<\/p>\n\n<p>Os clientes ser\u00e3o notificados por email com o n\u00famero de rastreio quando seus pedidos forem enviados. Para reportar um pedido n\u00e3o entregue, contate-nos via email <a href=\"mailto:sales@aerohealthcare.us.com\">sales@aerohealthcare.us.com <\/a> mas aguarde um tempo razo\u00e1vel (5 dias \u00fateis) antes de reportar.<\/p>\n","protected":false},"excerpt":{"rendered":"<p>Taxa de frete fixa de $10.99 para todos os pedidos nos EUA. Contate sales@aerohealthcare.us.com para cota\u00e7\u00f5es internacionais. Procedimentos de Compra e Frete Os pedidos geralmente s\u00e3o enviados dentro de 1 \u2013 2 dias \u00fateis ap\u00f3s a confirma\u00e7\u00e3o do pagamento. A Aero Healthcare US LLC tentar\u00e1 processar cancelamentos antes do envio. Se o pedido j\u00e1 tiver&hellip;<\/p>\n","protected":false},"author":1,"featured_media":0,"parent":0,"menu_order":0,"comment_status":"closed","ping_status":"closed","template":"","meta":{"content-type":"","_mi_skip_tracking":false},"_links":{"self":[{"href":"https:\/\/rapid-stop.com\/br\/wp-json\/wp\/v2\/pages\/4353"}],"collection":[{"href":"https:\/\/rapid-stop.com\/br\/wp-json\/wp\/v2\/pages"}],"about":[{"href":"https:\/\/rapid-stop.com\/br\/wp-json\/wp\/v2\/types\/page"}],"author":[{"embeddable":true,"href":"https:\/\/rapid-stop.com\/br\/wp-json\/wp\/v2\/users\/1"}],"replies":[{"embeddable":true,"href":"https:\/\/rapid-stop.com\/br\/wp-json\/wp\/v2\/comments?post=4353"}],"version-history":[{"count":4,"href":"https:\/\/rapid-stop.com\/br\/wp-json\/wp\/v2\/pages\/4353\/revisions"}],"predecessor-version":[{"id":4425,"href":"https:\/\/rapid-stop.com\/br\/wp-json\/wp\/v2\/pages\/4353\/revisions\/4425"}],"wp:attachment":[{"href":"https:\/\/rapid-stop.com\/br\/wp-json\/wp\/v2\/media?parent=4353"}],"curies":[{"name":"wp","href":"https:\/\/api.w.org\/{rel}","templated":true}]}}