{"id":4346,"date":"2020-01-24T11:18:00","date_gmt":"2020-01-24T11:18:00","guid":{"rendered":"https:\/\/br.rapid-stop.com\/return-policy\/"},"modified":"2020-10-27T05:39:29","modified_gmt":"2020-10-27T05:39:29","slug":"return-policy","status":"publish","type":"page","link":"https:\/\/rapid-stop.com\/br\/return-policy\/","title":{"rendered":"POL\u00cdTICA DE RETORNO"},"content":{"rendered":"\n<p>Satisfa\u00e7\u00e3o 100% Garantida. Garantimos que todos os nossos produtos atender\u00e3o \u00e0s suas expectativas.<\/p>\n\n<p>Devolu\u00e7\u00e3o de Mercadoria<br\/>Se por qualquer motivo voc\u00ea n\u00e3o estiver satisfeito com a sua compra, voc\u00ea pode devolver o item dentro de 30 dias a partir da data da entrega. Um n\u00famero RMA pode ser solicitado atrav\u00e9s do email <a href=\"mailto:sales@aerohealthcare.us.com\">sales@aerohealthcare.us.com<\/a> com a fatura ou n\u00famero do pedido e motivo da devolu\u00e7\u00e3o. Voc\u00ea receber\u00e1 um formul\u00e1rio de devolu\u00e7\u00e3o e instru\u00e7\u00f5es de como nos enviar o produto.<\/p>\n\n<p>Todos os itens devem ser devolvidos nas embalagens e condi\u00e7\u00f5es originais.<\/p>\n\n<p>A Aero Healthcare US LLC n\u00e3o aceitar\u00e1 mercadorias devolvidas sem o n\u00famero de autoriza\u00e7\u00e3o de devolu\u00e7\u00e3o (RMA). Por favor, inclua uma c\u00f3pia impressa do formul\u00e1rio de solicita\u00e7\u00e3o de devolu\u00e7\u00e3o com a mercadoria devolvida.<\/p>\n\n<p>As taxas originais de envio e manuseio n\u00e3o s\u00e3o reembols\u00e1veis. O prazo de reembolso dos itens devolvidos \u00e9 de at\u00e9 2 semanas. Pedidos especiais n\u00e3o podem ser devolvidos.<\/p>\n","protected":false},"excerpt":{"rendered":"<p>Satisfa\u00e7\u00e3o 100% Garantida. Garantimos que todos os nossos produtos atender\u00e3o \u00e0s suas expectativas. Devolu\u00e7\u00e3o de MercadoriaSe por qualquer motivo voc\u00ea n\u00e3o estiver satisfeito com a sua compra, voc\u00ea pode devolver o item dentro de 30 dias a partir da data da entrega. Um n\u00famero RMA pode ser solicitado atrav\u00e9s do email sales@aerohealthcare.us.com com a fatura&hellip;<\/p>\n","protected":false},"author":1,"featured_media":0,"parent":0,"menu_order":0,"comment_status":"closed","ping_status":"closed","template":"","meta":{"content-type":"","_mi_skip_tracking":false},"_links":{"self":[{"href":"https:\/\/rapid-stop.com\/br\/wp-json\/wp\/v2\/pages\/4346"}],"collection":[{"href":"https:\/\/rapid-stop.com\/br\/wp-json\/wp\/v2\/pages"}],"about":[{"href":"https:\/\/rapid-stop.com\/br\/wp-json\/wp\/v2\/types\/page"}],"author":[{"embeddable":true,"href":"https:\/\/rapid-stop.com\/br\/wp-json\/wp\/v2\/users\/1"}],"replies":[{"embeddable":true,"href":"https:\/\/rapid-stop.com\/br\/wp-json\/wp\/v2\/comments?post=4346"}],"version-history":[{"count":2,"href":"https:\/\/rapid-stop.com\/br\/wp-json\/wp\/v2\/pages\/4346\/revisions"}],"predecessor-version":[{"id":4440,"href":"https:\/\/rapid-stop.com\/br\/wp-json\/wp\/v2\/pages\/4346\/revisions\/4440"}],"wp:attachment":[{"href":"https:\/\/rapid-stop.com\/br\/wp-json\/wp\/v2\/media?parent=4346"}],"curies":[{"name":"wp","href":"https:\/\/api.w.org\/{rel}","templated":true}]}}