{"id":3535,"date":"2022-06-24T01:39:03","date_gmt":"2022-06-24T01:39:03","guid":{"rendered":"https:\/\/at.rapid-stop.com\/nutzungsbedingungen\/"},"modified":"2022-06-24T01:39:03","modified_gmt":"2022-06-24T01:39:03","slug":"nutzungsbedingungen","status":"publish","type":"page","link":"https:\/\/rapid-stop.com\/at\/nutzungsbedingungen\/","title":{"rendered":"Nutzungsbedingungen"},"content":{"rendered":"\n<p>Aero Healthcare AU Pty Ltd<\/p>\n\n<p>BEDINGUNGEN F\u00dcR DIE NUTZUNG DER WEBSITE Aero Healthcare US LLC<\/p>\n\n<p>Willkommen auf unserer Website.<\/p>\n\n<p>Diese Website mit der URL at.rapid-stop.com bzw. us.at.rapid-stop.com wird betrieben von Aero Healthcare AU Pty Ltd ACN 614 308 146. Durch die Nutzung dieser Website stimmen Sie zu, die folgenden Nutzungsbedingungen anzuerkennen, die zusammen mit unserer Datenschutzerkl\u00e4rung die Gesch\u00e4ftsbeziehung von Aero Healthcare AU mit Ihnen in Verbindung mit dieser Website regeln. Sollten Sie mit diesen Nutzungsbedingungen nicht einverstanden sein, bitten wir Sie, unsere Website nicht zu nutzen. Bitte lesen und pr\u00fcfen Sie diese Nutzungsbedingungen sorgf\u00e4ltig, bevor Sie auf diese Website zugreifen oder sie nutzen. Indem Sie auf diese Website zugreifen oder sie nutzen, erkl\u00e4ren Sie, dass Sie die Nutzungsbedingungen gelesen und verstanden haben und ihnen zustimmen. Wenn Sie mit den Nutzungsbedingungen nicht einverstanden sind, d\u00fcrfen Sie die Website nicht aufrufen oder nutzen.<\/p>\n\n<p>Die Bezeichnung \u201eAero Healthcare US LLC\u201c bzw. \u201euns\u201c bzw. \u201eunsere\u201c bzw. \u201ewir\u201c bezieht sich auf Aero Healthcare US LLC, den Betreiber der Website, dessen eingetragener Sitz Suite 6, 616 Corporate Way, Valley Cottage, NY, 10989 ist. Die Bezeichnung \u201eSie\u201c bzw. \u201eIhr\u201c bezieht sich auf den Nutzer der Website.<\/p>\n\n<p>Die Verwendung dieser Website unterliegt den folgenden Nutzungsbedingungen:<\/p>\n\n<ol><li>Der Inhalt dieser Website dient nur zu Ihrer allgemeinen Information und Nutzung. Wir behalten uns das Recht vor, die Inhalte ohne vorherige Ank\u00fcndigung zu \u00e4ndern.<\/li><li>Diese Website verwendet Cookies, um die Nutzung der Website zu analysieren. Wenn Sie der Verwendung von Cookies zustimmen, werden folgende personenbezogene Daten von uns zur Verwendung durch Dritte gespeichert: Geburtsdatum, Geschlecht, Adresse. Wenn Sie nicht wollen, dass Cookies auf Ihrem Ger\u00e4t gespeichert werden, k\u00f6nnen Sie diese blockieren, indem Sie die entsprechende Einstellung Ihres Browsers aktivieren, die Sie in der Regel unter dem Men\u00fcpunkt \u201eHilfe\u201c finden. Weitere Informationen zur Vorgehensweise diesbez\u00fcglich finden Sie hier: <a href=\"https:\/\/www.allaboutcookies.org\/\">allaboutcookies.org<\/a> oder <a href=\"https:\/\/www.youronlinechoices.eu\/\">www.youronlinechoices.eu<\/a>. Bitte beachten Sie jedoch, dass Sie m\u00f6glicherweise nicht alle Funktionen unserer Website nutzen k\u00f6nnen, wenn Sie in Ihren Browsereinstellungen Cookies blockieren. Wenn Sie die Website nutzen, ohne die Cookie-Einstellungen Ihres Browsers zu \u00e4ndern, erkl\u00e4ren Sie sich mit der Verwendung von Cookies in \u00dcbereinstimmung mit diesen Nutzungsbedingungen einverstanden.<\/li><li>Weder wir noch Dritte bieten eine Garantie oder Gew\u00e4hrleistung f\u00fcr die Zuverl\u00e4ssigkeit, Genauigkeit, Aktualit\u00e4t, Vollst\u00e4ndigkeit oder Eignung der auf dieser Website gefundenen oder angebotenen Informationen und Materialien f\u00fcr einen bestimmten Zweck. Sie erkennen hiermit an, dass diese Informationen und Inhalte Fehler, Ungenauigkeiten oder Irrt\u00fcmer enthalten k\u00f6nnen, und dass wir ausdr\u00fccklich jegliche Haftung f\u00fcr solche Fehler ausschlie\u00dfen, soweit dies gesetzlich zul\u00e4ssig ist.<\/li><li>Die Nutzung von Informationen oder Inhalten auf dieser Website erfolgt auf eigenes Risiko, f\u00fcr das wir keine Haftung \u00fcbernehmen. Es liegt in Ihrer eigenen Verantwortung, sicherzustellen, dass alle auf dieser Website angebotenen Produkte, Dienstleistungen oder Informationen Ihren spezifischen Anforderungen entsprechen.<\/li><li>Diese Website enth\u00e4lt Inhalte, die unser Eigentum sind oder f\u00fcr die wir eine Nutzungserlaubnis erworben haben. Dazu geh\u00f6ren unter anderem die Texte, das Design, das Layout, das Erscheinungsbild, die Gestaltung und die Grafiken der Website. Jegliche Vervielf\u00e4ltigung der Inhalte dieser Website ist untersagt, es sei denn, sie erfolgt in \u00dcbereinstimmung mit dem Urheberrechtsvermerk, der Teil der vorliegenden Nutzungsbedingungen ist.<\/li><li>Alle auf dieser Website enthaltenen Markennamen, die nicht unser Eigentum sind oder f\u00fcr die wir keine Lizenz besitzen, sind auf der Website gekennzeichnet.<\/li><li>Die unbefugte Nutzung dieser Website kann eine Straftat darstellen und\/oder Schadenersatzanspr\u00fcche nach sich ziehen.<\/li><li>Diese Website enth\u00e4lt m\u00f6glicherweise Links zu anderen Websites, die nicht von uns betrieben werden. Diese Links werden Ihnen von Aero Healthcare AU Pty Ltd zur Verf\u00fcgung gestellt, um Ihnen weitere Informationen zu geben. Sie erkennen an, dass deren Nutzung auf eigenes Risiko erfolgt. Die Einbeziehung dieser Links stellt keine Empfehlung oder Bef\u00fcrwortung dieser Websites dar. Wir haben keine Kontrolle \u00fcber die Gestaltung, den Inhalt und die Verf\u00fcgbarkeit dieser Websites.<\/li><li>Die Nutzung dieser Website und alle Streitigkeiten, die sich daraus ergeben, unterliegen den Gesetzen von New South Wales.<\/li><li>Sie d\u00fcrfen die Website nur f\u00fcr rechtm\u00e4\u00dfige Zwecke und in einer Weise nutzen, die mit der Art und dem Zweck der Website vereinbar ist.<\/li><li>Diese Nutzungsbedingungen beziehen sich nicht auf die Verwendung von Produkten oder Dienstleistungen, die auf unserer Website beschrieben sind, sofern nicht anders vereinbart. Informationen \u00fcber die Garantie f\u00fcr ein bestimmtes Produkt oder eine bestimmte Dienstleistung finden Sie in der jeweiligen Garantieerkl\u00e4rung.<\/li><li>Diese Nutzungsbedingungen werden von Zeit zu Zeit ge\u00e4ndert. Wenn Sie unsere Website nach einer solchen \u00c4nderung weiterhin nutzen, gilt dies als Best\u00e4tigung, dass Sie diese \u00c4nderungen akzeptieren.<\/li><li>Sie stellen uns von jeglichen Anspr\u00fcchen Dritter frei, die sich aus der Nutzung der Website ergeben.<\/li><li>F\u00fcr Sch\u00e4den oder Verluste jeglicher Art, die sich aus der Nutzung der Website ergeben, \u00fcbernehmen wir keine Haftung.<\/li><li>Wir unternehmen alle Anstrengungen, damit die Website reibungslos funktioniert. Wir \u00fcbernehmen jedoch keine Verantwortung und Haftung daf\u00fcr, dass die Website aufgrund technischer Probleme au\u00dferhalb unserer Kontrolle vor\u00fcbergehend nicht verf\u00fcgbar ist.<\/li><\/ol>","protected":false},"excerpt":{"rendered":"<p>Aero Healthcare AU Pty Ltd BEDINGUNGEN F\u00dcR DIE NUTZUNG DER WEBSITE Aero Healthcare US LLC Willkommen auf unserer Website. Diese Website mit der URL at.rapid-stop.com bzw. us.at.rapid-stop.com wird betrieben von Aero Healthcare AU Pty Ltd ACN 614 308 146. Durch die Nutzung dieser Website stimmen Sie zu, die folgenden Nutzungsbedingungen anzuerkennen, die zusammen mit unserer&hellip;<\/p>\n","protected":false},"author":1,"featured_media":0,"parent":0,"menu_order":0,"comment_status":"closed","ping_status":"closed","template":"","meta":{"content-type":"","_mi_skip_tracking":false},"_links":{"self":[{"href":"https:\/\/rapid-stop.com\/at\/wp-json\/wp\/v2\/pages\/3535"}],"collection":[{"href":"https:\/\/rapid-stop.com\/at\/wp-json\/wp\/v2\/pages"}],"about":[{"href":"https:\/\/rapid-stop.com\/at\/wp-json\/wp\/v2\/types\/page"}],"author":[{"embeddable":true,"href":"https:\/\/rapid-stop.com\/at\/wp-json\/wp\/v2\/users\/1"}],"replies":[{"embeddable":true,"href":"https:\/\/rapid-stop.com\/at\/wp-json\/wp\/v2\/comments?post=3535"}],"version-history":[{"count":1,"href":"https:\/\/rapid-stop.com\/at\/wp-json\/wp\/v2\/pages\/3535\/revisions"}],"predecessor-version":[{"id":3536,"href":"https:\/\/rapid-stop.com\/at\/wp-json\/wp\/v2\/pages\/3535\/revisions\/3536"}],"wp:attachment":[{"href":"https:\/\/rapid-stop.com\/at\/wp-json\/wp\/v2\/media?parent=3535"}],"curies":[{"name":"wp","href":"https:\/\/api.w.org\/{rel}","templated":true}]}}