{"id":3530,"date":"2022-06-24T01:39:01","date_gmt":"2022-06-24T01:39:01","guid":{"rendered":"https:\/\/at.rapid-stop.com\/datenschutzerklaerung\/"},"modified":"2022-06-24T01:39:02","modified_gmt":"2022-06-24T01:39:02","slug":"datenschutzerklaerung","status":"publish","type":"page","link":"https:\/\/rapid-stop.com\/at\/datenschutzerklaerung\/","title":{"rendered":"Datenschutzerkl\u00e4rung"},"content":{"rendered":"\n<p><\/p>\n\n<p>Aktualisiert am 26.6.2018.<\/p>\n\n<p>Willkommen auf unserer Website. Diese Website mit der URL at.rapid-stop.com bzw. us.at.rapid-stop.com wird betrieben von Aero Healthcare US LLC (ACN 614 308 146).<\/p>\n\n<p>Im Folgenden finden Sie die Datenschutzerkl\u00e4rung f\u00fcr die Website von Aero Healthcare USA, at.rapid-stop.com bzw. us.at.rapid-stop.com.<\/p>\n\n<p> Aero Healthcare US LLC ist die Kundenzufriedenheit besonders wichtig. Aero Healthcare USA unterliegt dem <a href=\"https:\/\/www.oaic.gov.usa\/privacy-law\/privacy-act\/\">Privacy Act 1988<\/a> und den Privacy Regulations 2013 in der jeweils geltenden Fassung. Aero Healthcare ist zur Einhaltung der australischen Privacy Principles (\u201e<strong>APPs<\/strong>\u201e) verpflichtet, welche die Verarbeitung personenbezogener Daten regeln.<\/p>\n\n<p>Falls Sie Staatsb\u00fcrger oder Einwohner der Europ\u00e4ischen Union (\u201e<strong>EU<\/strong>\u201e) sind, unterliegen Ihre personenbezogenen Daten der Datenschutz-Grundverordnung (EU) 2016\/679 (\u201e<strong>DSGVO<\/strong>\u201c). Der Datenschutzbeauftragte im Sinne der DSGVO ist <strong>Aero Healthcare USA<\/strong> bzw. AERO HEALTHCARE LTD UK (06760143).<\/p>\n\n<p>Bitte beachten Sie, dass \u201e<strong>personenbezogene Daten<\/strong>\u201c als Sammelbegriff in dieser Datenschutzerkl\u00e4rung verwendet wird, der sich sowohl auf \u201apersonenbezogene Daten\u2018 im Sinne der DSGVO als auch auf \u201apers\u00f6nliche Angaben\u2018 im Sinne der APPs bezieht, falls nicht anders angegeben.<\/p>\n\n<p><strong>Erhebung personenbezogener Daten<\/strong><\/p>\n\n<p>Viele Bereiche dieser Website k\u00f6nnen ohne die Angabe personenbezogener Daten genutzt werden. Zur Verwendung des Kontaktformulars und um Zugang zum Resource Centre zu erhalten, ist die Angabe personenbezogener Daten jedoch erforderlich. Dazu z\u00e4hlen unter anderem Ihr Name und Ihre E-Mail-Adresse und, f\u00fcr den Zugriff auf das Resource Centre, ein eindeutiger Benutzername und ein Passwort sowie Angaben, die Sie Aero Healthcare USA dar\u00fcber hinaus mitteilen m\u00f6chten. Weitere Angaben, die Sie Aero Healthcare \u00fcber die Verwendung dieser Website mitteilen k\u00f6nnen, umfassen unter anderem zus\u00e4tzliche Kontaktdaten, Telefonnummern, Geburtsdatum, Anschrift sowie \u00fcber diese Website, via E-Mail oder \u00fcber Seiten in Sozialen Medien, die von Aero Healthcare USA betrieben werden, \u00fcbermittelte Nachrichten und Kommentare. Wir verarbeiten und speichern diese personenbezogenen Daten zum Zwecke der Beantwortung Ihrer Anfragen sowie zur Ausf\u00fchrung Ihrer bei uns aufgegebenen Bestellungen.<\/p>\n\n<p>Mitunter verwenden oder erg\u00e4nzen wir Ihre bei uns hinterlegten personenbezogenen Daten mit Angaben aus anderen Quellen, z.\u00a0B. \u00f6ffentliche Datenbanken, Soziale Medien und andere Informationen Dritter. Wir nutzen solche Informationen Dritter beispielsweise zur Best\u00e4tigung von Kontakt- oder Finanzdaten, zur \u00dcberpr\u00fcfung der Zulassung von Angeh\u00f6rigen der Gesundheitsberufe oder zum besseren Verst\u00e4ndnis Ihrer Interessen, indem wir demografische Daten mit den von Ihnen bereitgestellten Angaben verkn\u00fcpfen.<\/p>\n\n<p>Wenn Sie uns personenbezogene Daten anderer Personen \u00fcbermitteln, versichern Sie, dass sie dazu befugt sind, und erlauben uns, diese Daten in \u00dcbereinstimmung mit dieser Datenschutzerkl\u00e4rung zu verwenden.<\/p>\n\n<p><strong>Datenschutzverletzungen und Sicherheitsrichtlinien<\/strong><\/p>\n\n<p>Aero Healthcare ergreift angemessene technische, administrative und verfahrensspezifische Vorsichtsma\u00dfnahmen, um Ihre privaten Daten vor illegalen Datenschutzverletzungen, versehentlicher oder unrechtm\u00e4\u00dfiger Zerst\u00f6rung, L\u00f6schung, Ver\u00e4nderung, unbefugter Weitergabe oder unbefugtem Zugriff auf \u00fcbermittelte, gespeicherte oder anderweitig verarbeitete personenbezogene Daten zu sch\u00fctzen. F\u00fcr den unwahrscheinlichen Fall, dass es zu einer Verletzung unserer Sicherheits- oder Datenerfassungsprozesse kommt und in diesem Zusammenhang private Daten offengelegt werden, \u00fcbernimmt Aero Healthcare soweit nach geltendem Recht zul\u00e4ssig keine Verantwortung f\u00fcr Verluste oder Sch\u00e4den, die einem konkreten Nutzer aufgrund dieser Verletzung entstehen. Wenn Aero Healthcare einen Sicherheitsversto\u00df feststellt, der zur Offenlegung der personenbezogenen Daten eines Nutzers gef\u00fchrt haben k\u00f6nnte, ergreift Aero Healthcare alle angemessenen Ma\u00dfnahmen, um den Versto\u00df an die zust\u00e4ndigen staatlichen Institutionen zu melden. Wenn Sie Grund zu der Annahme haben, dass die Benutzung unserer Website nicht mehr sicher ist, informieren Sie uns bitte umgehend per E-Mail an privacy@aerohealthcare.us.com.<\/p>\n\n<p><strong>Weitergabe personenbezogener Daten<\/strong><\/p>\n\n<p>Gelegentlich beauftragen wir andere Unternehmen mit der Erbringung von Dienstleistungen in unserem Namen, die unter anderem das E-Mail-Marketing und die Datenspeicherung umfassen. Diese Unternehmen erhalten nur solche personenbezogenen Daten, die sie f\u00fcr die Erbringung der Dienstleistung ben\u00f6tigen. Aero Healthcare USA ergreift angemessene Ma\u00dfnahmen, um sicherzustellen, dass sich diese Unternehmen an die geltenden Gesetze zur Vertraulichkeit und zum Datenschutz in Bezug auf Ihre personenbezogenen Daten halten.<\/p>\n\n<p>Aero Healthcare darf Ihre privaten Daten an seine Tochtergesellschaften, darunter AERO HEALTHCARE LTD UK (06760143) und AERO HEALTHCARE US, sowie an Partner und Vertriebspartner von Aero Healthcare weitergeben. Diese Unternehmen sind verpflichtet, Ihre personenbezogenen Daten im Einklang mit dieser Datenschutzerkl\u00e4rung und den geltenden Datenschutzgesetzen zu verwenden und zu sch\u00fctzen. Wenn Sie in der EU ans\u00e4ssig sind und die personenbezogenen Daten, die wir \u00fcber Sie gespeichert haben, in ein Drittland \u00fcbermittelt werden, ergreifen wir Ma\u00dfnahmen, um sicherzustellen, dass Ihre personenbezogenen Daten dort, wo sie verarbeitet werden, ausreichend gesch\u00fctzt sind und Ihre Rechte weiterhin gewahrt bleiben.<\/p>\n\n<p>Wir behalten uns das Recht vor, Ihre personenbezogenen Daten wie gesetzlich vorgeschrieben offenzulegen, wenn wir der Meinung sind, dass die Offenlegung aufgrund gesetzlicher Bestimmungen, Gerichtsverfahren, Gerichtsbeschl\u00fcssen, beh\u00f6rdlichen Anordnungen oder rechtlichen Verfahren erforderlich ist.<\/p>\n\n<p><strong>Webanalyse<\/strong><\/p>\n\n<p>Unsere Website verwendet Google Analytics, einen Dienst, der Daten \u00fcber die Nutzung von Websites an Google-Server in den Vereinigten Staaten \u00fcbertr\u00e4gt. Google Analytics identifiziert keine einzelnen Nutzer und bringt Ihre IP-Adresse nicht mit anderen Daten von Google in Verbindung. Wir verwenden die von Google Analytics bereitgestellten Berichte, um die Nutzung und den Zugriff auf unsere Website zu analysieren. Wir verwenden Google Analytics nicht, um Entscheidungen \u00fcber Sie oder Ihren Zugriff auf unsere Dienstleistungen zu treffen.<\/p>\n\n<p>Durch die Nutzung dieser Website erkl\u00e4ren Sie sich mit der Verarbeitung der \u00fcber Sie erhobenen Daten durch Google in der in der <a href=\"https:\/\/www.google.com\/policies\/privacy\/\">Datenschutzerkl\u00e4rung von Google<\/a> beschriebenen Art und Weise und zu dem oben genannten Zweck einverstanden. Sie k\u00f6nnen Google Analytics deaktivieren, indem Sie die Verwendung von Cookies auf Ihrem Ger\u00e4t und JavaScript deaktivieren oder das <a href=\"https:\/\/tools.google.com\/dlpage\/gaoptout\">Browser-Add-on zur Deaktivierung von Google Analytics<\/a> nutzen.<\/p>\n\n<p><strong>Soziale Medien<\/strong><\/p>\n\n<p>Aero Healthcare USA nutzt auch Schnittstellen zu Sozialen Medien wie Facebook, LinkedIn, Twitter und anderen. Wenn Sie \u00fcber solche Dienste Inhalte dieser Website mit \u201eGef\u00e4llt mir\u201c markieren oder diese \u201eteilen\u201c, lesen Sie bitte die Datenschutzerkl\u00e4rung des jeweiligen Dienstes. Wenn Sie auf einer Plattform Sozialer Medien angemeldet sind, kann es sein, dass die Schnittstellen dieser Plattform es erm\u00f6glichen, Ihre Besuche auf dieser Website mit anderen personenbezogenen Daten zu verkn\u00fcpfen.<\/p>\n\n<p><strong>Schutz der Privatsph\u00e4re von Kindern und Zustimmung zur digitalen Nutzung<\/strong><\/p>\n\n<p>Die Website richtet sich nicht an Personen unter dreizehn (13) Jahren. Wir sammeln wissentlich keine pers\u00f6nlichen Daten von Personen unter 13 Jahren. Um unser Resource Centre f\u00fcr Mitglieder nutzen zu k\u00f6nnen, m\u00fcssen Sie \u00fcber 16 Jahre alt sein.<\/p>\n\n<p><strong>Recht auf Vergessenwerden, L\u00f6schung und Aufbewahrungsfrist<\/strong><\/p>\n\n<p>Wenn Sie zu einem Zeitpunkt w\u00e4hrend der Nutzung dieser Website Ihre Zustimmung widerrufen und Ihre pers\u00f6nlichen Daten l\u00f6schen lassen m\u00f6chten, senden Sie uns bitte eine E-Mail an privacy@aerohealthcare.us.com. Aero Healthcare USA wird in einem angemessenen Zeitrahmen alle urspr\u00fcnglichen Datens\u00e4tze mit Ihren pers\u00f6nlichen Daten, die Aero Healthcare gespeichert hat, l\u00f6schen. Wenn Sie Ihre anderen Rechte im Rahmen der DSGVO aus\u00fcben m\u00f6chten, einschlie\u00dflich des Rechts auf Zugang zu unseren Datens\u00e4tzen mit Ihren personenbezogenen Daten, auf Berichtigung personenbezogener Daten, auf \u00dcbertragung auf einen anderen Dienst oder auf Aus\u00fcbung des Rechts, eine Einschr\u00e4nkung der Verarbeitung Ihrer Daten zu verlangen oder dieser zu widersprechen, wenden Sie sich bitte an privacy@aerohealthcare.us.com. Wir bem\u00fchen uns, alle Anfragen selbst zu bearbeiten. Sollte uns dies jedoch nicht m\u00f6glich sein, haben Sie das Recht, eine Beschwerde bei der zust\u00e4ndigen Aufsichtsbeh\u00f6rde einzureichen.<\/p>\n\n<p>Aero Healthcare USA bewahrt Ihre personenbezogenen Daten f\u00fcr die Dauer der laufenden Gesch\u00e4ftsbeziehung mit Ihnen und nur so lange auf, wie es f\u00fcr die Zwecke, f\u00fcr die die Daten erhoben wurden, erforderlich oder zul\u00e4ssig ist, so wie in dieser Datenschutzerkl\u00e4rung dargelegt. Dazu geh\u00f6ren der Zugang zur Website, die Pflege von Kontoinformationen und die Bereitstellung von Dienstleistungen. Wir speichern Ihre Daten ferner weiterhin, wenn dies gesetzlich vorgeschrieben ist.<\/p>\n\n<p><strong>\u00c4nderungen der Datenschutzerkl\u00e4rung<\/strong><\/p>\n\n<p>Aero Healthcare USA beh\u00e4lt sich das Recht vor, diese Datenschutzerkl\u00e4rung jederzeit zu \u00e4ndern. Wenn Sie Einw\u00e4nde gegen die Datenschutzerkl\u00e4rung haben, sollten Sie die Website nicht aufrufen oder nutzen.<\/p>\n\n<p><strong>Kontakt<\/strong><\/p>\n\n<p>Aero Healthcare USA freut sich \u00fcber Ihre Anmerkungen zu dieser Datenschutzerkl\u00e4rung. Wenn Sie Fragen zu dieser Datenschutzerkl\u00e4rung haben und weitere Informationen w\u00fcnschen, wenden Sie sich bitte w\u00e4hrend der Gesch\u00e4ftszeiten von Montag bis Freitag \u00fcber eine der auf unserer Kontaktseite angegebenen M\u00f6glichkeiten an uns.<\/p>\n","protected":false},"excerpt":{"rendered":"<p>Aktualisiert am 26.6.2018. Willkommen auf unserer Website. Diese Website mit der URL at.rapid-stop.com bzw. us.at.rapid-stop.com wird betrieben von Aero Healthcare US LLC (ACN 614 308 146). Im Folgenden finden Sie die Datenschutzerkl\u00e4rung f\u00fcr die Website von Aero Healthcare USA, at.rapid-stop.com bzw. us.at.rapid-stop.com. Aero Healthcare US LLC ist die Kundenzufriedenheit besonders wichtig. Aero Healthcare USA unterliegt&hellip;<\/p>\n","protected":false},"author":1,"featured_media":0,"parent":0,"menu_order":0,"comment_status":"closed","ping_status":"closed","template":"","meta":{"content-type":"","_mi_skip_tracking":false},"_links":{"self":[{"href":"https:\/\/rapid-stop.com\/at\/wp-json\/wp\/v2\/pages\/3530"}],"collection":[{"href":"https:\/\/rapid-stop.com\/at\/wp-json\/wp\/v2\/pages"}],"about":[{"href":"https:\/\/rapid-stop.com\/at\/wp-json\/wp\/v2\/types\/page"}],"author":[{"embeddable":true,"href":"https:\/\/rapid-stop.com\/at\/wp-json\/wp\/v2\/users\/1"}],"replies":[{"embeddable":true,"href":"https:\/\/rapid-stop.com\/at\/wp-json\/wp\/v2\/comments?post=3530"}],"version-history":[{"count":1,"href":"https:\/\/rapid-stop.com\/at\/wp-json\/wp\/v2\/pages\/3530\/revisions"}],"predecessor-version":[{"id":3533,"href":"https:\/\/rapid-stop.com\/at\/wp-json\/wp\/v2\/pages\/3530\/revisions\/3533"}],"wp:attachment":[{"href":"https:\/\/rapid-stop.com\/at\/wp-json\/wp\/v2\/media?parent=3530"}],"curies":[{"name":"wp","href":"https:\/\/api.w.org\/{rel}","templated":true}]}}