{"id":3527,"date":"2022-06-24T01:39:01","date_gmt":"2022-06-24T01:39:01","guid":{"rendered":"https:\/\/at.rapid-stop.com\/wundversorgungsset-klein\/"},"modified":"2022-12-14T21:21:05","modified_gmt":"2022-12-14T21:21:05","slug":"wundversorgungsset-klein","status":"publish","type":"page","link":"https:\/\/rapid-stop.com\/at\/wundversorgungsset-klein\/","title":{"rendered":"Wundversorgungsset &#8211; Klein"},"content":{"rendered":"<p>[vc_row bg_type=&#8221;image&#8221; el_class=&#8221;bk1-white&#8221; css=&#8221;.vc_custom_1634616579689{margin-top: 50px !important;padding-top: 50px !important;}&#8221;][vc_column width=&#8221;3\/4&#8243;]<div id=\"ultimate-heading-404869f2cd7b67ed7\" class=\"uvc-heading ult-adjust-bottom-margin ultimate-heading-404869f2cd7b67ed7 uvc-1911 bk1-white uvc-heading-default-font-sizes\" data-hspacer=\"no_spacer\"  data-halign=\"left\" style=\"text-align:left\"><div class=\"uvc-heading-spacer no_spacer\" style=\"top\"><\/div><div class=\"uvc-main-heading ult-responsive\"  data-ultimate-target='.uvc-heading.ultimate-heading-404869f2cd7b67ed7 h2'  data-responsive-json-new='{\"font-size\":\"\",\"line-height\":\"\"}' ><h2 style=\"--font-weight:theme;color:#ffffff;\">RAPIDSTOP Wundversorgungssets Klein<\/h2><\/div><div class=\"uvc-sub-heading ult-responsive\"  data-ultimate-target='.uvc-heading.ultimate-heading-404869f2cd7b67ed7 .uvc-sub-heading '  data-responsive-json-new='{\"font-size\":\"\",\"line-height\":\"\"}'  style=\"font-weight:normal;color:#ffffff;\"><\/p>\n<h3>Das RapidStop Wundversorgungsset hat alles, was Sie brauchen, um Leben zu retten, und zwar SCHNELL.<\/h3>\n<p><\/div><\/div>[vc_column_text css_animation=&#8221;none&#8221; el_class=&#8221;bk1-white&#8221;]Die RapidStop Wundversorgungssets sind f\u00fcr die schnelle und effektive Versorgung massiver Blutungen konzipiert. Dieses h\u00e4mostatische Wundversorgungsset, zu dem auch das beliebte RapidStop Tourniquet geh\u00f6rt, bietet Strapazierf\u00e4higkeit auf Milit\u00e4rniveau, eignet sich f\u00fcr alle Altersgruppen, l\u00e4sst sich hervorragend mit nur einer Hand anlegen und erm\u00f6glicht das Abbinden in k\u00fcrzester Zeit. Entscheidend ist, dass in k\u00fcrzester Zeit eine vollst\u00e4ndige Abbindung erreicht wird. Dieses Set wurde entwickelt, um Ihnen Behandlungsm\u00f6glichkeiten zu bieten, bei denen Effizienz und Wirksamkeit im Vordergrund stehen.<\/p>\n<p>Die Wundversorgungssets haben eine kompakte Gr\u00f6\u00dfe und lassen sich in allen Bereichen effektiv einsetzen, sei es beim Milit\u00e4r, bei der Ersten Hilfe oder im zivilen Bereich.[\/vc_column_text][\/vc_column][vc_column width=&#8221;1\/4&#8243;][vc_single_image image=&#8221;3508&#8243; img_size=&#8221;medium&#8221; el_class=&#8221;white-shadow&#8221;]<style type=\"text\/css\" data-type=\"the7_shortcodes-inline-css\">#default-btn-293cbc8f2a37e41bf6ed3a1a541a889c.ico-right-side > i {\n  margin-right: 0px;\n  margin-left: 8px;\n}\n#default-btn-293cbc8f2a37e41bf6ed3a1a541a889c > i {\n  margin-right: 8px;\n}\n<\/style><div class=\"btn-align-center\"><a href=\"#\" class=\"default-btn-shortcode dt-btn dt-btn-l link-hover-off bk1-btn \" id=\"default-btn-293cbc8f2a37e41bf6ed3a1a541a889c\"><span>Mehr erfahren<\/span><\/a><\/div>[\/vc_column][\/vc_row][vc_row bg_type=&#8221;image&#8221; el_class=&#8221;bk1-white&#8221; css=&#8221;.vc_custom_1634616579689{margin-top: 50px !important;padding-top: 50px !important;}&#8221;][vc_column][vc_single_image image=&#8221;3517&#8243; img_size=&#8221;large&#8221; alignment=&#8221;center&#8221; el_class=&#8221;white-shadow&#8221;][\/vc_column][\/vc_row][vc_row bg_type=&#8221;image&#8221; el_class=&#8221;bk1-white&#8221; css=&#8221;.vc_custom_1634529649436{padding-bottom: 25px !important;}&#8221;][vc_column width=&#8221;1\/2&#8243;]<div id=\"ultimate-heading-923169f2cd7b68110\" class=\"uvc-heading ult-adjust-bottom-margin ultimate-heading-923169f2cd7b68110 uvc-4623 bk1-white uvc-heading-default-font-sizes\" data-hspacer=\"no_spacer\"  data-halign=\"left\" style=\"text-align:left\"><div class=\"uvc-heading-spacer no_spacer\" style=\"top\"><\/div><div class=\"uvc-main-heading ult-responsive\"  data-ultimate-target='.uvc-heading.ultimate-heading-923169f2cd7b68110 h4'  data-responsive-json-new='{\"font-size\":\"\",\"line-height\":\"\"}' ><h4 style=\"--font-weight:theme;color:#ffffff;\">RSK400 - RAPIDSTOP Wundversorgungsset Klein \u2013 Taktisch<\/h4><\/div><\/div>[vc_single_image image=&#8221;3509&#8243; img_size=&#8221;large&#8221; alignment=&#8221;center&#8221; style=&#8221;vc_box_shadow&#8221; css_animation=&#8221;none&#8221; el_class=&#8221;white-shadow&#8221;][vc_column_text css_animation=&#8221;none&#8221; el_class=&#8221;small&#8221;]<\/p>\n<h4>INHALT DES SETS:<\/h4>\n<table class=\"t1\" cellspacing=\"0\" cellpadding=\"0\">\n<tbody>\n<tr>\n<td class=\"td1\" valign=\"top\">\n<p class=\"p1\"><strong>BESCHREIBUNG<\/strong><\/p>\n<\/td>\n<td class=\"td1\" valign=\"top\">\n<p class=\"p1\"><strong>MENGE<\/strong><\/p>\n<\/td>\n<\/tr>\n<tr>\n<td>RAPIDSTOP Tourniquet Gurt Orange<\/td>\n<td class=\"td1\" valign=\"top\">\n<p class=\"p1\">1<\/p>\n<\/td>\n<\/tr>\n<tr>\n<td>FIRSTCARE Wund- und Blutstillverband <em>10 cm x 17 cm<\/em><\/td>\n<td class=\"td1\" valign=\"top\">\n<p class=\"p1\">1<\/p>\n<\/td>\n<\/tr>\n<tr>\n<td>AEROINSTRUMENT Universalschere <em>19 cm<\/em><\/td>\n<td class=\"td1\" valign=\"top\">\n<p class=\"p1\">1<\/p>\n<\/td>\n<\/tr>\n<tr>\n<td>AEROGLOVE Gro\u00dfe puderfreie Nitril-Handschuhe\/ Paar<\/td>\n<td class=\"td1\" valign=\"top\">\n<p class=\"p1\">1<\/p>\n<\/td>\n<\/tr>\n<tr>\n<td>AEROSUPPLIES Markierungsstift<\/td>\n<td class=\"td1\" valign=\"top\">\n<p class=\"p1\">1<\/p>\n<\/td>\n<\/tr>\n<tr>\n<td>5.11 TACTICALMED KIT Tasche<\/td>\n<td class=\"td1\" valign=\"top\">\n<p class=\"p1\">1<\/p>\n<\/td>\n<\/tr>\n<\/tbody>\n<\/table>\n<p>Abmessungen: 20 x 10 x 9 cm[\/vc_column_text]<style type=\"text\/css\" data-type=\"the7_shortcodes-inline-css\">#default-btn-0f83e3a70550ec320e0d347f040cec02.ico-right-side > i {\n  margin-right: 0px;\n  margin-left: 8px;\n}\n#default-btn-0f83e3a70550ec320e0d347f040cec02 > i {\n  margin-right: 8px;\n}\n<\/style><a href=\"mailto:sales@aerohealthcare.com?subject=RapidStop%20Small-Tactical%20Bleeding%20Control%20Kit%20Pricing&amp;body=Hi%20Aero%20Healthcare%2C%20%0D%0A%0D%0APlease%20send%20me%20pricing%20for%20the%20RapidStop%20Bleeding%20Control%20Kit.%0D%0A%0D%0AThanks%2C\" class=\"default-btn-shortcode dt-btn dt-btn-l link-hover-off bk1-btn btn-inline-left \" id=\"default-btn-0f83e3a70550ec320e0d347f040cec02\"><span>Jetzt anfragen<\/span><\/a>[\/vc_column][vc_column width=&#8221;1\/2&#8243;]<div id=\"ultimate-heading-655569f2cd7b68284\" class=\"uvc-heading ult-adjust-bottom-margin ultimate-heading-655569f2cd7b68284 uvc-9921 bk1-white uvc-heading-default-font-sizes\" data-hspacer=\"no_spacer\"  data-halign=\"left\" style=\"text-align:left\"><div class=\"uvc-heading-spacer no_spacer\" style=\"top\"><\/div><div class=\"uvc-main-heading ult-responsive\"  data-ultimate-target='.uvc-heading.ultimate-heading-655569f2cd7b68284 h4'  data-responsive-json-new='{\"font-size\":\"\",\"line-height\":\"\"}' ><h4 style=\"--font-weight:theme;color:#ffffff;\">RSK401 - RAPIDSTOP Wundversorgungsset Klein - Pack<\/h4><\/div><\/div>[vc_single_image image=&#8221;3508&#8243; img_size=&#8221;large&#8221; alignment=&#8221;center&#8221; style=&#8221;vc_box_shadow&#8221; css_animation=&#8221;none&#8221; el_class=&#8221;white-shadow&#8221;][vc_column_text el_class=&#8221;small&#8221;]<\/p>\n<h4>INHALT DES SETS:<\/h4>\n<table class=\"t1\" cellspacing=\"0\" cellpadding=\"0\">\n<tbody>\n<tr>\n<td class=\"td1\" valign=\"top\">\n<p class=\"p1\"><strong>BESCHREIBUNG<\/strong><\/p>\n<\/td>\n<td class=\"td1\" valign=\"top\">\n<p class=\"p1\"><strong>MENGE<\/strong><\/p>\n<\/td>\n<\/tr>\n<tr>\n<td>RAPIDSTOP Tourniquet Gurt Orange<\/td>\n<td class=\"td1\" valign=\"top\">\n<p class=\"p1\">1<\/p>\n<\/td>\n<\/tr>\n<tr>\n<td>FIRSTCARE Wund- und Blutstillverband <em>10 cm x 17 cm<\/em><\/td>\n<td class=\"td1\" valign=\"top\">\n<p class=\"p1\">1<\/p>\n<\/td>\n<\/tr>\n<tr>\n<td>AEROINSTRUMENT Universalschere <em>19 cm<\/em><\/td>\n<td class=\"td1\" valign=\"top\">\n<p class=\"p1\">1<\/p>\n<\/td>\n<\/tr>\n<tr>\n<td>AEROGLOVE Gro\u00dfe puderfreie Nitril-Handschuhe\/ Paar<\/td>\n<td class=\"td1\" valign=\"top\">\n<p class=\"p1\">1<\/p>\n<\/td>\n<\/tr>\n<tr>\n<td>AEROSUPPLIES Markierungsstift<\/td>\n<td class=\"td1\" valign=\"top\">\n<p class=\"p1\">1<\/p>\n<\/td>\n<\/tr>\n<\/tbody>\n<\/table>\n<p>Abmessungen: 26 x 19 x 7 cm[\/vc_column_text]<style type=\"text\/css\" data-type=\"the7_shortcodes-inline-css\">#default-btn-4e702abfa7421ea371c55216b1d3379d.ico-right-side > i {\n  margin-right: 0px;\n  margin-left: 8px;\n}\n#default-btn-4e702abfa7421ea371c55216b1d3379d > i {\n  margin-right: 8px;\n}\n<\/style><a href=\"mailto:sales@aerohealthcare.com?subject=RapidStop%20Small-Pack%20Bleeding%20Control%20Kit%20Pricing&amp;body=Hi%20Aero%20Healthcare%2C%20%0D%0A%0D%0APlease%20send%20me%20pricing%20for%20the%20RapidStop%20Bleeding%20Control%20Kit.%0D%0A%0D%0AThanks%2C\" class=\"default-btn-shortcode dt-btn dt-btn-l link-hover-off bk1-btn btn-inline-left \" id=\"default-btn-4e702abfa7421ea371c55216b1d3379d\"><span>Jetzt anfragen<\/span><\/a>[\/vc_column][\/vc_row][vc_row bg_type=&#8221;bg_color&#8221; bg_override=&#8221;ex-full&#8221; css=&#8221;.vc_custom_1634527917377{padding-top: 25px !important;padding-bottom: 25px !important;}&#8221; bg_color_value=&#8221;#ed1c24&#8243;][vc_column width=&#8221;1\/2&#8243;]<div id=\"ultimate-heading-514669f2cd7b6840e\" class=\"uvc-heading ult-adjust-bottom-margin ultimate-heading-514669f2cd7b6840e uvc-3123 \" data-hspacer=\"no_spacer\"  data-halign=\"left\" style=\"text-align:left\"><div class=\"uvc-heading-spacer no_spacer\" style=\"top\"><\/div><div class=\"uvc-main-heading ult-responsive\"  data-ultimate-target='.uvc-heading.ultimate-heading-514669f2cd7b6840e h2'  data-responsive-json-new='{\"font-size\":\"desktop:57px;\",\"line-height\":\"\"}' ><h2 style=\"--font-weight:theme;color:#ffffff;margin-top:30px;margin-bottom:10px;\">FRAGEN?<\/h2><\/div><div class=\"uvc-sub-heading ult-responsive\"  data-ultimate-target='.uvc-heading.ultimate-heading-514669f2cd7b6840e .uvc-sub-heading '  data-responsive-json-new='{\"font-size\":\"desktop:28px;\",\"line-height\":\"\"}'  style=\"font-weight:normal;color:#ffffff;margin-bottom:10px;\"><\/p>\n<p style=\"text-align: justify;\">sales@aerohealthcare.com<\/p>\n<p>1800 628 881<\/div><\/div>[vc_single_image image=&#8221;3453&#8243; img_size=&#8221;210&#215;82&#8243; onclick=&#8221;custom_link&#8221; img_link_target=&#8221;_blank&#8221; link=&#8221;https:%2F%2Faerohealthcare.com%2F|&#8221;][\/vc_column][vc_column width=&#8221;1\/2&#8243;]<div role=\"form\" class=\"wpcf7\" id=\"wpcf7-f3525-o1\" lang=\"de-DE\" dir=\"ltr\">\n<div class=\"screen-reader-response\"><p role=\"status\" aria-live=\"polite\" aria-atomic=\"true\"><\/p> <ul><\/ul><\/div>\n<form action=\"\/at\/wp-json\/wp\/v2\/pages\/3527#wpcf7-f3525-o1\" method=\"post\" class=\"wpcf7-form init cf7mls-no-scroll cf7mls-no-moving-animation\" novalidate=\"novalidate\" data-status=\"init\">\n<div style=\"display: none;\">\n<input type=\"hidden\" name=\"_wpcf7\" value=\"3525\" \/>\n<input type=\"hidden\" name=\"_wpcf7_version\" value=\"5.5.6.1\" \/>\n<input type=\"hidden\" name=\"_wpcf7_locale\" value=\"de_DE\" \/>\n<input type=\"hidden\" name=\"_wpcf7_unit_tag\" value=\"wpcf7-f3525-o1\" \/>\n<input type=\"hidden\" name=\"_wpcf7_container_post\" value=\"0\" \/>\n<input type=\"hidden\" name=\"_wpcf7_posted_data_hash\" value=\"\" \/>\n<\/div>\n<p><label>INDUSTRIE<br \/>\n<span class=\"wpcf7-form-control-wrap menu-458\"><select name=\"menu-458\" class=\"wpcf7-form-control wpcf7-select\" aria-invalid=\"false\"><option value=\"Milit\u00e4r\">Milit\u00e4r<\/option><option value=\"Rettungskr\u00e4fte\">Rettungskr\u00e4fte<\/option><option value=\"Hochrisikobranchen\">Hochrisikobranchen<\/option><option value=\"Extreme Outdoor\">Extreme Outdoor<\/option><\/select><\/span><\/label><br \/>\n<label>NAME<br \/>\n<span class=\"wpcf7-form-control-wrap your-name\"><input type=\"text\" name=\"your-name\" value=\"\" size=\"40\" class=\"wpcf7-form-control wpcf7-text wpcf7-validates-as-required\" aria-required=\"true\" aria-invalid=\"false\" \/><\/span> <\/label><br \/>\n<label>TELEFON <span class=\"wpcf7-form-control-wrap tel-756\"><input type=\"tel\" name=\"tel-756\" value=\"\" size=\"40\" class=\"wpcf7-form-control wpcf7-text wpcf7-tel wpcf7-validates-as-required wpcf7-validates-as-tel\" aria-required=\"true\" aria-invalid=\"false\" \/><\/span><\/label><br \/>\n<label>STADT <span class=\"wpcf7-form-control-wrap your-city\"><input type=\"text\" name=\"your-city\" value=\"\" size=\"40\" class=\"wpcf7-form-control wpcf7-text wpcf7-validates-as-required\" aria-required=\"true\" aria-invalid=\"false\" \/><\/span><\/label><br \/>\n<label>E-MAIL<br \/>\n<span class=\"wpcf7-form-control-wrap your-email\"><input type=\"email\" name=\"your-email\" value=\"\" size=\"40\" class=\"wpcf7-form-control wpcf7-text wpcf7-email wpcf7-validates-as-required wpcf7-validates-as-email\" aria-required=\"true\" aria-invalid=\"false\" \/><\/span> <\/label><br \/>\n<label>NACHRICHT<br \/>\n<span class=\"wpcf7-form-control-wrap your-message\"><textarea name=\"your-message\" cols=\"40\" rows=\"10\" class=\"wpcf7-form-control wpcf7-textarea\" aria-invalid=\"false\"><\/textarea><\/span> <\/label><\/p>\n<p><input type=\"submit\" value=\"Senden\" class=\"wpcf7-form-control has-spinner wpcf7-submit\" \/><\/p>\n<div class=\"inv-recaptcha-holder\"><\/div><div class=\"wpcf7-response-output\" aria-hidden=\"true\"><\/div><\/form><\/div>[\/vc_column][\/vc_row][vc_row][vc_column][\/vc_column][\/vc_row]<\/p>\n","protected":false},"excerpt":{"rendered":"<p>[vc_row bg_type=&#8221;image&#8221; el_class=&#8221;bk1-white&#8221; css=&#8221;.vc_custom_1634616579689{margin-top: 50px !important;padding-top: 50px !important;}&#8221;][vc_column width=&#8221;3\/4&#8243;][vc_column_text css_animation=&#8221;none&#8221; el_class=&#8221;bk1-white&#8221;]Die RapidStop Wundversorgungssets sind f\u00fcr die schnelle und effektive Versorgung massiver Blutungen konzipiert. Dieses h\u00e4mostatische Wundversorgungsset, zu dem auch das beliebte RapidStop Tourniquet geh\u00f6rt, bietet Strapazierf\u00e4higkeit auf Milit\u00e4rniveau, eignet sich f\u00fcr alle Altersgruppen, l\u00e4sst sich hervorragend mit nur einer Hand anlegen und erm\u00f6glicht das Abbinden&hellip;<\/p>\n","protected":false},"author":71,"featured_media":0,"parent":0,"menu_order":0,"comment_status":"closed","ping_status":"closed","template":"","meta":{"content-type":"","_mi_skip_tracking":false},"_links":{"self":[{"href":"https:\/\/rapid-stop.com\/at\/wp-json\/wp\/v2\/pages\/3527"}],"collection":[{"href":"https:\/\/rapid-stop.com\/at\/wp-json\/wp\/v2\/pages"}],"about":[{"href":"https:\/\/rapid-stop.com\/at\/wp-json\/wp\/v2\/types\/page"}],"author":[{"embeddable":true,"href":"https:\/\/rapid-stop.com\/at\/wp-json\/wp\/v2\/users\/71"}],"replies":[{"embeddable":true,"href":"https:\/\/rapid-stop.com\/at\/wp-json\/wp\/v2\/comments?post=3527"}],"version-history":[{"count":6,"href":"https:\/\/rapid-stop.com\/at\/wp-json\/wp\/v2\/pages\/3527\/revisions"}],"predecessor-version":[{"id":3578,"href":"https:\/\/rapid-stop.com\/at\/wp-json\/wp\/v2\/pages\/3527\/revisions\/3578"}],"wp:attachment":[{"href":"https:\/\/rapid-stop.com\/at\/wp-json\/wp\/v2\/media?parent=3527"}],"curies":[{"name":"wp","href":"https:\/\/api.w.org\/{rel}","templated":true}]}}